{"id":956,"date":"2025-05-22T11:14:49","date_gmt":"2025-05-22T11:14:49","guid":{"rendered":"https:\/\/proairtechnologies.com\/?page_id=956"},"modified":"2025-05-22T11:22:18","modified_gmt":"2025-05-22T11:22:18","slug":"smartflow","status":"publish","type":"page","link":"https:\/\/proairtechnologies.com\/?page_id=956","title":{"rendered":"SmartFlow"},"content":{"rendered":"\t\t<div data-elementor-type=\"wp-page\" data-elementor-id=\"956\" class=\"elementor elementor-956\">\n\t\t\t\t<div class=\"elementor-element elementor-element-3118132f e-flex e-con-boxed e-con e-parent\" data-id=\"3118132f\" data-element_type=\"container\" data-settings=\"{&quot;background_background&quot;:&quot;classic&quot;,&quot;shape_divider_bottom&quot;:&quot;triangle&quot;}\">\n\t\t\t\t\t<div class=\"e-con-inner\">\n\t\t\t\t<div class=\"elementor-shape elementor-shape-bottom\" data-negative=\"false\">\n\t\t\t<svg xmlns=\"http:\/\/www.w3.org\/2000\/svg\" viewBox=\"0 0 1000 100\" preserveAspectRatio=\"none\">\n\t<path class=\"elementor-shape-fill\" d=\"M500,98.9L0,6.1V0h1000v6.1L500,98.9z\"\/>\n<\/svg>\t\t<\/div>\n\t\t<div class=\"elementor-element elementor-element-4135125e e-flex e-con-boxed e-con e-child\" data-id=\"4135125e\" data-element_type=\"container\">\n\t\t\t\t\t<div class=\"e-con-inner\">\n\t\t\t\t<div class=\"elementor-element elementor-element-3dd2fbf0 elementor-widget elementor-widget-heading\" data-id=\"3dd2fbf0\" data-element_type=\"widget\" data-widget_type=\"heading.default\">\n\t\t\t\t<div class=\"elementor-widget-container\">\n\t\t\t\t\t<h2 class=\"elementor-heading-title elementor-size-default\">ProAir\nTechnologies<\/h2>\t\t\t\t<\/div>\n\t\t\t\t<\/div>\n\t\t\t\t<div class=\"elementor-element elementor-element-7943e926 elementor-widget elementor-widget-heading\" data-id=\"7943e926\" data-element_type=\"widget\" data-widget_type=\"heading.default\">\n\t\t\t\t<div class=\"elementor-widget-container\">\n\t\t\t\t\t<h1 class=\"elementor-heading-title elementor-size-default\">SmartFlow Boru Sistemleri<\/h1>\t\t\t\t<\/div>\n\t\t\t\t<\/div>\n\t\t\t\t\t<\/div>\n\t\t\t\t<\/div>\n\t\t\t\t\t<\/div>\n\t\t\t\t<\/div>\n\t\t<div class=\"elementor-element elementor-element-77cfcf9a e-flex e-con-boxed e-con e-parent\" data-id=\"77cfcf9a\" data-element_type=\"container\">\n\t\t\t\t\t<div class=\"e-con-inner\">\n\t\t<div class=\"elementor-element elementor-element-b27c900 e-con-full e-flex e-con e-child\" data-id=\"b27c900\" data-element_type=\"container\">\n\t\t\t\t<div class=\"elementor-element elementor-element-1aefddf elementor-widget elementor-widget-heading\" data-id=\"1aefddf\" data-element_type=\"widget\" data-widget_type=\"heading.default\">\n\t\t\t\t<div class=\"elementor-widget-container\">\n\t\t\t\t\t<h2 class=\"elementor-heading-title elementor-size-default\">BORULAMA S\u0130STEMLER\u0130<\/h2>\t\t\t\t<\/div>\n\t\t\t\t<\/div>\n\t\t\t\t<div class=\"elementor-element elementor-element-cd80057 elementor-widget elementor-widget-text-editor\" data-id=\"cd80057\" data-element_type=\"widget\" data-widget_type=\"text-editor.default\">\n\t\t\t\t<div class=\"elementor-widget-container\">\n\t\t\t\t\t\t\t\t\t<p>\u00dcst\u00fcn Kaliteli Al\u00fcminyum &amp; Paslanmaz \u00c7elik Borular<\/p>\t\t\t\t\t\t\t\t<\/div>\n\t\t\t\t<\/div>\n\t\t\t\t<\/div>\n\t\t\t\t\t<\/div>\n\t\t\t\t<\/div>\n\t\t<div class=\"elementor-element elementor-element-03159f1 e-flex e-con-boxed e-con e-parent\" data-id=\"03159f1\" data-element_type=\"container\">\n\t\t\t\t\t<div class=\"e-con-inner\">\n\t\t<div class=\"elementor-element elementor-element-73ba801 e-con-full e-flex e-con e-child\" data-id=\"73ba801\" data-element_type=\"container\">\n\t\t<div class=\"elementor-element elementor-element-aa5025d e-con-full e-flex e-con e-child\" data-id=\"aa5025d\" data-element_type=\"container\">\n\t\t\t\t<div class=\"elementor-element elementor-element-f925daa elementor-widget__width-initial elementor-widget elementor-widget-image\" data-id=\"f925daa\" data-element_type=\"widget\" data-widget_type=\"image.default\">\n\t\t\t\t<div class=\"elementor-widget-container\">\n\t\t\t\t\t\t\t\t\t\t\t\t\t\t\t<img fetchpriority=\"high\" decoding=\"async\" width=\"300\" height=\"173\" src=\"https:\/\/proairtechnologies.com\/wp-content\/uploads\/2025\/05\/Adsiz-tasarim-19-e1747912093465-300x173.png\" class=\"attachment-medium size-medium wp-image-964\" alt=\"\" srcset=\"https:\/\/proairtechnologies.com\/wp-content\/uploads\/2025\/05\/Adsiz-tasarim-19-e1747912093465-300x173.png 300w, https:\/\/proairtechnologies.com\/wp-content\/uploads\/2025\/05\/Adsiz-tasarim-19-e1747912093465.png 620w\" sizes=\"(max-width: 300px) 100vw, 300px\" \/>\t\t\t\t\t\t\t\t\t\t\t\t\t\t\t<\/div>\n\t\t\t\t<\/div>\n\t\t\t\t<\/div>\n\t\t\t\t<div class=\"elementor-element elementor-element-41d2b42 elementor-widget elementor-widget-text-editor\" data-id=\"41d2b42\" data-element_type=\"widget\" data-widget_type=\"text-editor.default\">\n\t\t\t\t<div class=\"elementor-widget-container\">\n\t\t\t\t\t\t\t\t\t<p>SmartFlow borulama sistemleri, her bas\u0131n\u00e7l\u0131 hava ihtiyac\u0131nda optimum \u00e7\u00f6z\u00fcmler sunarak enerji verimlili\u011fi sa\u011flar.<\/p><p>Bir DALGAKIRAN markas\u0131 olan SmartFlow, bas\u0131n\u00e7l\u0131 hava, vakum ve soy gazlar vb. i\u00e7in paslanmaz \u00e7elik ve al\u00fcminyum hava borulama sistemleri tasar\u0131m\u0131,Dalgak\u0131ran hava kompres\u00f6rleri ve uygulamas\u0131 ile anahtar teslim hizmet vermektedir.<\/p><p>Ba\u011flant\u0131 par\u00e7alar\u0131ndan farkl\u0131 tip ve boyutlardaki borulara kadar bas\u0131n\u00e7l\u0131 hava sistemi Dalgak\u0131ran taraf\u0131ndan tasarlan\u0131r, \u00fcretilir ve kalite kontrol\u00fc yap\u0131l\u0131r. \u00dcr\u00fcnler, global ana ofisler, distrib\u00fct\u00f6rler ve bayiler taraf\u0131ndan d\u00fcnyan\u0131n her yerine h\u0131zl\u0131 bir \u015fekilde ula\u015ft\u0131r\u0131lmaktad\u0131r.<\/p>\t\t\t\t\t\t\t\t<\/div>\n\t\t\t\t<\/div>\n\t\t\t\t<\/div>\n\t\t\t\t\t<\/div>\n\t\t\t\t<\/div>\n\t\t<div class=\"elementor-element elementor-element-7e4ce024 e-flex e-con-boxed e-con e-parent\" data-id=\"7e4ce024\" data-element_type=\"container\" data-settings=\"{&quot;background_background&quot;:&quot;classic&quot;}\">\n\t\t\t\t\t<div class=\"e-con-inner\">\n\t\t<div class=\"elementor-element elementor-element-1336b8e9 e-flex e-con-boxed e-con e-child\" data-id=\"1336b8e9\" data-element_type=\"container\">\n\t\t\t\t\t<div class=\"e-con-inner\">\n\t\t<div class=\"elementor-element elementor-element-79a1debb e-con-full e-flex e-con e-child\" data-id=\"79a1debb\" data-element_type=\"container\">\n\t\t\t\t<div class=\"elementor-element elementor-element-001a27e elementor-view-stacked elementor-shape-rounded elementor-position-left elementor-vertical-align-middle elementor-mobile-position-top elementor-widget elementor-widget-icon-box\" data-id=\"001a27e\" data-element_type=\"widget\" data-widget_type=\"icon-box.default\">\n\t\t\t\t<div class=\"elementor-widget-container\">\n\t\t\t\t\t\t\t<div class=\"elementor-icon-box-wrapper\">\n\n\t\t\t\t\t\t<div class=\"elementor-icon-box-icon\">\n\t\t\t\t<span  class=\"elementor-icon\">\n\t\t\t\t<svg aria-hidden=\"true\" class=\"e-font-icon-svg e-fas-star\" viewBox=\"0 0 576 512\" xmlns=\"http:\/\/www.w3.org\/2000\/svg\"><path d=\"M259.3 17.8L194 150.2 47.9 171.5c-26.2 3.8-36.7 36.1-17.7 54.6l105.7 103-25 145.5c-4.5 26.3 23.2 46 46.4 33.7L288 439.6l130.7 68.7c23.2 12.2 50.9-7.4 46.4-33.7l-25-145.5 105.7-103c19-18.5 8.5-50.8-17.7-54.6L382 150.2 316.7 17.8c-11.7-23.6-45.6-23.9-57.4 0z\"><\/path><\/svg>\t\t\t\t<\/span>\n\t\t\t<\/div>\n\t\t\t\n\t\t\t\t\t\t<div class=\"elementor-icon-box-content\">\n\n\t\t\t\t\t\t\t\t\t<h3 class=\"elementor-icon-box-title\">\n\t\t\t\t\t\t<span  >\n\t\t\t\t\t\t\tAvantajlar\t\t\t\t\t\t<\/span>\n\t\t\t\t\t<\/h3>\n\t\t\t\t\n\t\t\t\t\n\t\t\t<\/div>\n\t\t\t\n\t\t<\/div>\n\t\t\t\t\t\t<\/div>\n\t\t\t\t<\/div>\n\t\t\t\t<\/div>\n\t\t\t\t<div class=\"elementor-element elementor-element-4bb5a6df elementor-widget elementor-widget-text-editor\" data-id=\"4bb5a6df\" data-element_type=\"widget\" data-widget_type=\"text-editor.default\">\n\t\t\t\t<div class=\"elementor-widget-container\">\n\t\t\t\t\t\t\t\t\t<p>\u2022 M\u00fckemmel pas direnci ve \u00fcst\u00fcn s\u0131zd\u0131rmazl\u0131k \u00f6zelli\u011fi ile s\u00fcrd\u00fcr\u00fclebilir enerji tasarrufu sa\u011flar.<br \/>\u2022 Mod\u00fcler ge\u00e7meli ba\u011flant\u0131 par\u00e7alar\u0131n\u0131n kolay ve h\u0131zl\u0131 montaj\u0131 sayesinde kullan\u0131c\u0131 dostudur.<br \/>\u2022 \u00dcst\u00fcn performans i\u00e7in dayan\u0131kl\u0131 ve g\u00fcvenilir bir yap\u0131ya sahiptir.<br \/>\u2022 Her zaman temiz ve kaliteli kullan\u0131m\u0131 garanti eder.<br \/>\u2022 Her daim y\u00fcksek hava kalitesi sunar.<\/p>\t\t\t\t\t\t\t\t<\/div>\n\t\t\t\t<\/div>\n\t\t\t\t\t<\/div>\n\t\t\t\t<\/div>\n\t\t\t\t\t<\/div>\n\t\t\t\t<\/div>\n\t\t<div class=\"elementor-element elementor-element-5a842249 e-flex e-con-boxed e-con e-parent\" data-id=\"5a842249\" data-element_type=\"container\">\n\t\t\t\t\t<div class=\"e-con-inner\">\n\t\t<div class=\"elementor-element elementor-element-7af31b99 e-flex e-con-boxed e-con e-child\" data-id=\"7af31b99\" data-element_type=\"container\">\n\t\t\t\t\t<div class=\"e-con-inner\">\n\t\t<div class=\"elementor-element elementor-element-3f23b1e6 e-flex e-con-boxed e-con e-child\" data-id=\"3f23b1e6\" data-element_type=\"container\">\n\t\t\t\t\t<div class=\"e-con-inner\">\n\t\t\t\t<div class=\"elementor-element elementor-element-8d96c6d elementor-widget elementor-widget-heading\" data-id=\"8d96c6d\" data-element_type=\"widget\" data-widget_type=\"heading.default\">\n\t\t\t\t<div class=\"elementor-widget-container\">\n\t\t\t\t\t<h2 class=\"elementor-heading-title elementor-size-default\">Geleneksel\nBoru Sistemleri<\/h2>\t\t\t\t<\/div>\n\t\t\t\t<\/div>\n\t\t\t\t<div class=\"elementor-element elementor-element-2b15448 elementor-widget elementor-widget-text-editor\" data-id=\"2b15448\" data-element_type=\"widget\" data-widget_type=\"text-editor.default\">\n\t\t\t\t<div class=\"elementor-widget-container\">\n\t\t\t\t\t\t\t\t\t<p>Maliyetli korozyon, d\u00fc\u015f\u00fck hava<br \/>kalitesi , hava ka\u00e7a\u011f\u0131, y\u00fcksek<br \/>bas\u0131n\u00e7 kayb\u0131, y\u00fcksek enerji<br \/>maliyeti, kurulum zorlu\u011fu&#8230;<\/p>\t\t\t\t\t\t\t\t<\/div>\n\t\t\t\t<\/div>\n\t\t\t\t<div class=\"elementor-element elementor-element-dcb7680 elementor-widget elementor-widget-image\" data-id=\"dcb7680\" data-element_type=\"widget\" data-widget_type=\"image.default\">\n\t\t\t\t<div class=\"elementor-widget-container\">\n\t\t\t\t\t\t\t\t\t\t\t\t\t\t\t<img decoding=\"async\" width=\"300\" height=\"239\" src=\"https:\/\/proairtechnologies.com\/wp-content\/uploads\/2025\/05\/Adsiz-tasarim-18-300x239.png\" class=\"attachment-medium size-medium wp-image-962\" alt=\"\" srcset=\"https:\/\/proairtechnologies.com\/wp-content\/uploads\/2025\/05\/Adsiz-tasarim-18-300x239.png 300w, https:\/\/proairtechnologies.com\/wp-content\/uploads\/2025\/05\/Adsiz-tasarim-18.png 602w\" sizes=\"(max-width: 300px) 100vw, 300px\" \/>\t\t\t\t\t\t\t\t\t\t\t\t\t\t\t<\/div>\n\t\t\t\t<\/div>\n\t\t\t\t\t<\/div>\n\t\t\t\t<\/div>\n\t\t<div class=\"elementor-element elementor-element-126b2bb e-con-full e-flex e-con e-child\" data-id=\"126b2bb\" data-element_type=\"container\">\n\t\t\t\t<div class=\"elementor-element elementor-element-3f28767 elementor-widget elementor-widget-heading\" data-id=\"3f28767\" data-element_type=\"widget\" data-widget_type=\"heading.default\">\n\t\t\t\t<div class=\"elementor-widget-container\">\n\t\t\t\t\t<h2 class=\"elementor-heading-title elementor-size-default\">SmartFlow\nBoru Sistemleri<\/h2>\t\t\t\t<\/div>\n\t\t\t\t<\/div>\n\t\t\t\t<div class=\"elementor-element elementor-element-587666e elementor-widget elementor-widget-text-editor\" data-id=\"587666e\" data-element_type=\"widget\" data-widget_type=\"text-editor.default\">\n\t\t\t\t<div class=\"elementor-widget-container\">\n\t\t\t\t\t\t\t\t\t<p>Temiz hava kalitesi, s\u0131f\u0131r ka\u00e7ak,<br \/>korozyon direnci, d\u00fc\u015f\u00fck bas\u0131n\u00e7<br \/>kayb\u0131, daha az enerji maliyeti,<br \/>kolay, h\u0131zl\u0131 ve g\u00fcvenilir&#8230;<\/p>\t\t\t\t\t\t\t\t<\/div>\n\t\t\t\t<\/div>\n\t\t\t\t<div class=\"elementor-element elementor-element-cf6f540 elementor-widget elementor-widget-image\" data-id=\"cf6f540\" data-element_type=\"widget\" data-widget_type=\"image.default\">\n\t\t\t\t<div class=\"elementor-widget-container\">\n\t\t\t\t\t\t\t\t\t\t\t\t\t\t\t<img decoding=\"async\" width=\"300\" height=\"244\" src=\"https:\/\/proairtechnologies.com\/wp-content\/uploads\/2025\/05\/Adsiz-tasarim-17-300x244.png\" class=\"attachment-medium size-medium wp-image-963\" alt=\"\" srcset=\"https:\/\/proairtechnologies.com\/wp-content\/uploads\/2025\/05\/Adsiz-tasarim-17-300x244.png 300w, https:\/\/proairtechnologies.com\/wp-content\/uploads\/2025\/05\/Adsiz-tasarim-17.png 604w\" sizes=\"(max-width: 300px) 100vw, 300px\" \/>\t\t\t\t\t\t\t\t\t\t\t\t\t\t\t<\/div>\n\t\t\t\t<\/div>\n\t\t\t\t<\/div>\n\t\t\t\t\t<\/div>\n\t\t\t\t<\/div>\n\t\t\t\t\t<\/div>\n\t\t\t\t<\/div>\n\t\t<div class=\"elementor-element elementor-element-bd98eb7 e-flex e-con-boxed e-con e-parent\" data-id=\"bd98eb7\" data-element_type=\"container\" data-settings=\"{&quot;background_background&quot;:&quot;classic&quot;}\">\n\t\t\t\t\t<div class=\"e-con-inner\">\n\t\t<div class=\"elementor-element elementor-element-9bc8833 e-flex e-con-boxed e-con e-child\" data-id=\"9bc8833\" data-element_type=\"container\">\n\t\t\t\t\t<div class=\"e-con-inner\">\n\t\t<div class=\"elementor-element elementor-element-ddf8e5f e-con-full e-flex e-con e-child\" data-id=\"ddf8e5f\" data-element_type=\"container\">\n\t\t\t\t<div class=\"elementor-element elementor-element-4f0bb61 elementor-view-stacked elementor-shape-rounded elementor-position-left elementor-vertical-align-middle elementor-mobile-position-top elementor-widget elementor-widget-icon-box\" data-id=\"4f0bb61\" data-element_type=\"widget\" data-widget_type=\"icon-box.default\">\n\t\t\t\t<div class=\"elementor-widget-container\">\n\t\t\t\t\t\t\t<div class=\"elementor-icon-box-wrapper\">\n\n\t\t\t\t\t\t<div class=\"elementor-icon-box-icon\">\n\t\t\t\t<span  class=\"elementor-icon\">\n\t\t\t\t<i aria-hidden=\"true\" class=\"icon icon-pipe\"><\/i>\t\t\t\t<\/span>\n\t\t\t<\/div>\n\t\t\t\n\t\t\t\t\t\t<div class=\"elementor-icon-box-content\">\n\n\t\t\t\t\t\t\t\t\t<h3 class=\"elementor-icon-box-title\">\n\t\t\t\t\t\t<span  >\n\t\t\t\t\t\t\tAl\u00fcminyum Hava Borular\u0131\t\t\t\t\t\t<\/span>\n\t\t\t\t\t<\/h3>\n\t\t\t\t\n\t\t\t\t\n\t\t\t<\/div>\n\t\t\t\n\t\t<\/div>\n\t\t\t\t\t\t<\/div>\n\t\t\t\t<\/div>\n\t\t\t\t<\/div>\n\t\t\t\t<div class=\"elementor-element elementor-element-fb3122d elementor-widget elementor-widget-text-editor\" data-id=\"fb3122d\" data-element_type=\"widget\" data-widget_type=\"text-editor.default\">\n\t\t\t\t<div class=\"elementor-widget-container\">\n\t\t\t\t\t\t\t\t\t<p>\u2022 Temiz ve kaliteli hava kayna\u011f\u0131 (ISO8573-1 uyumlu)<br \/>\u2022 Daha b\u00fcy\u00fck \u00e7aplar ile y\u00fcksek hava ak\u0131\u015f performans\u0131<br \/>\u2022 Eloksal kapl\u0131 i\u00e7 y\u00fczey ile korozyana dayan\u0131kl\u0131<br \/>\u2022 Y\u00fcksek kalitede toz boyal\u0131 d\u0131\u015f kaplama<br \/>\u2022 Dayan\u0131kl\u0131, haddelenmi\u015f ve denizcilik s\u0131n\u0131f\u0131 sert al\u00fcminyum<br \/>\u2022 Ya\u011fl\u0131 veya ya\u011fs\u0131z bas\u0131n\u00e7l\u0131 hava, vakum ve soy gazlar i\u00e7in uygun (Azot, Argon, Helyum)<br \/>\u2022 Maksimum \u00e7al\u0131\u015fma bas\u0131nc\u0131: 16 bar; vakum: 0.013 bar (mutlak bas\u0131n\u00e7)<br \/>\u2022 \u00c7al\u0131\u015fma s\u0131cakl\u0131\u011f\u0131: -20C\u00b0 ~+80C\u00b0<br \/>\u2022 DN20 3\/4\u201d- DN200 8\u201d \u00e7ap aral\u0131\u011f\u0131<\/p>\t\t\t\t\t\t\t\t<\/div>\n\t\t\t\t<\/div>\n\t\t<div class=\"elementor-element elementor-element-3f8651b e-con-full e-flex e-con e-child\" data-id=\"3f8651b\" data-element_type=\"container\">\n\t\t\t\t<div class=\"elementor-element elementor-element-d4e1de4 elementor-widget elementor-widget-heading\" data-id=\"d4e1de4\" data-element_type=\"widget\" data-widget_type=\"heading.default\">\n\t\t\t\t<div class=\"elementor-widget-container\">\n\t\t\t\t\t<h2 class=\"elementor-heading-title elementor-size-default\">Ba\u011flant\u0131 ve S\u0131zd\u0131rmazl\u0131k<\/h2>\t\t\t\t<\/div>\n\t\t\t\t<\/div>\n\t\t\t\t<div class=\"elementor-element elementor-element-8c9e658 elementor-widget elementor-widget-text-editor\" data-id=\"8c9e658\" data-element_type=\"widget\" data-widget_type=\"text-editor.default\">\n\t\t\t\t<div class=\"elementor-widget-container\">\n\t\t\t\t\t\t\t\t\t<p>\u2022 G\u00f6m\u00fclm\u00fc\u015f \u00f6zel somunlar ile g\u00fc\u00e7l\u00fc, titre\u015fime dayan\u0131kl\u0131 ve montaj dostu<br \/>\u2022 Etkin s\u0131zd\u0131rmazl\u0131k contas\u0131 ile s\u0131zd\u0131rmazl\u0131k garantili<br \/>\u2022 Tam y\u00fczey temas\u0131na sahip \u00e7ift kilit halkas\u0131 sayesinde kolay ve g\u00fc\u00e7l\u00fc ba\u011flant\u0131<br \/>\u2022 Tam al\u00fcminyum malzemeden yap\u0131lm\u0131\u015f, geli\u015fmi\u015f yap\u0131daki ek par\u00e7alar\u0131 ile uzun<br \/>\u00f6m\u00fcrl\u00fc<br \/>\u2022 D\u0131\u015fb\u00fckey oluk ba\u011flant\u0131s\u0131 DN65-200 (2\u00bd\u201d-8\u201d)<\/p>\t\t\t\t\t\t\t\t<\/div>\n\t\t\t\t<\/div>\n\t\t\t\t<\/div>\n\t\t\t\t\t<\/div>\n\t\t\t\t<\/div>\n\t\t\t\t\t<\/div>\n\t\t\t\t<\/div>\n\t\t<div class=\"elementor-element elementor-element-51e0af3 e-flex e-con-boxed e-con e-parent\" data-id=\"51e0af3\" data-element_type=\"container\">\n\t\t\t\t\t<div class=\"e-con-inner\">\n\t\t<div class=\"elementor-element elementor-element-65827e5 e-flex e-con-boxed e-con e-child\" data-id=\"65827e5\" data-element_type=\"container\">\n\t\t\t\t\t<div class=\"e-con-inner\">\n\t\t<div class=\"elementor-element elementor-element-695474b e-con-full e-flex e-con e-child\" data-id=\"695474b\" data-element_type=\"container\">\n\t\t\t\t<div class=\"elementor-element elementor-element-50de8ab elementor-view-stacked elementor-shape-rounded elementor-position-left elementor-vertical-align-middle elementor-mobile-position-top elementor-widget elementor-widget-icon-box\" data-id=\"50de8ab\" data-element_type=\"widget\" data-widget_type=\"icon-box.default\">\n\t\t\t\t<div class=\"elementor-widget-container\">\n\t\t\t\t\t\t\t<div class=\"elementor-icon-box-wrapper\">\n\n\t\t\t\t\t\t<div class=\"elementor-icon-box-icon\">\n\t\t\t\t<span  class=\"elementor-icon\">\n\t\t\t\t<i aria-hidden=\"true\" class=\"icon icon-pipe\"><\/i>\t\t\t\t<\/span>\n\t\t\t<\/div>\n\t\t\t\n\t\t\t\t\t\t<div class=\"elementor-icon-box-content\">\n\n\t\t\t\t\t\t\t\t\t<h3 class=\"elementor-icon-box-title\">\n\t\t\t\t\t\t<span  >\n\t\t\t\t\t\t\tPaslanmaz \u00c7elik Borular\t\t\t\t\t\t<\/span>\n\t\t\t\t\t<\/h3>\n\t\t\t\t\n\t\t\t\t\n\t\t\t<\/div>\n\t\t\t\n\t\t<\/div>\n\t\t\t\t\t\t<\/div>\n\t\t\t\t<\/div>\n\t\t\t\t<\/div>\n\t\t\t\t<div class=\"elementor-element elementor-element-70d73e9 elementor-widget elementor-widget-text-editor\" data-id=\"70d73e9\" data-element_type=\"widget\" data-widget_type=\"text-editor.default\">\n\t\t\t\t<div class=\"elementor-widget-container\">\n\t\t\t\t\t\t\t\t\t<p>\u2022 Uluslararas\u0131 standartlarda 304 veya 316L paslanmaz \u00e7elik malzemeler,<br \/>\u2022 \u00dcst\u00fcn performans, g\u00fcvenilir, istikrarl\u0131, uzun \u00f6m\u00fcrl\u00fc,<br \/>\u2022 G\u00fcvenli s\u0131zd\u0131rmazl\u0131k teknolojisi,<br \/>\u2022 Kolay ve h\u0131zl\u0131 montaj \u00f6zelli\u011fi sayesinde i\u015f\u00e7ilik maliyeti tasarrufu,<br \/>\u2022 D\u00fc\u015f\u00fck ve y\u00fcksek s\u0131cakl\u0131\u011fa dayan\u0131kl\u0131, paslanmaz, bak\u0131m gerektirmez,<br \/>\u2022 Ya\u011fl\u0131 veya ya\u011fs\u0131z bas\u0131n\u00e7l\u0131 hava, vakum, soy gazlar (Azot, Argon, Helyum), i\u00e7me suyu,<br \/>yak\u0131tlar, mineral ya\u011flar, donmu\u015f buhar vb. i\u00e7in uygun<br \/>\u2022 EU\/EN\/DIN\/ASTM\/JS standartlar\u0131na uygun<br \/>\u2022 DN15- 1\/2\u201d-DN400 16\u201d \u00e7ap aral\u0131\u011f\u0131<\/p>\t\t\t\t\t\t\t\t<\/div>\n\t\t\t\t<\/div>\n\t\t<div class=\"elementor-element elementor-element-79dc4ee e-con-full e-flex e-con e-child\" data-id=\"79dc4ee\" data-element_type=\"container\">\n\t\t\t\t<div class=\"elementor-element elementor-element-c2a9cc4 elementor-widget elementor-widget-heading\" data-id=\"c2a9cc4\" data-element_type=\"widget\" data-widget_type=\"heading.default\">\n\t\t\t\t<div class=\"elementor-widget-container\">\n\t\t\t\t\t<h2 class=\"elementor-heading-title elementor-size-default\">Ba\u011flant\u0131 ve S\u0131zd\u0131rmazl\u0131k<\/h2>\t\t\t\t<\/div>\n\t\t\t\t<\/div>\n\t\t\t\t<div class=\"elementor-element elementor-element-106adb5 elementor-widget elementor-widget-text-editor\" data-id=\"106adb5\" data-element_type=\"widget\" data-widget_type=\"text-editor.default\">\n\t\t\t\t<div class=\"elementor-widget-container\">\n\t\t\t\t\t\t\t\t\t<p>\u2022 Sadece 2 civata sayesinde daha h\u0131zl\u0131 montaj<br \/>\u2022 G\u00fcvenlik ve uzun \u00f6m\u00fcr sa\u011flayan geli\u015fmi\u015f yap\u0131da malzeme<br \/>\u2022 Farkl\u0131 s\u0131v\u0131lar ve gazlar i\u00e7in s\u0131zd\u0131rmazl\u0131k elemanlar\u0131<br \/>\u2022 Presli ba\u011flant\u0131 ile kolay ve h\u0131zl\u0131 montaj<br \/>\u2022 Kar\u015f\u0131l\u0131kl\u0131 oluk ba\u011flant\u0131s\u0131 DN125-400 (5\u201d-16\u201d)<\/p>\t\t\t\t\t\t\t\t<\/div>\n\t\t\t\t<\/div>\n\t\t<div class=\"elementor-element elementor-element-d642eb1 e-con-full e-flex e-con e-child\" data-id=\"d642eb1\" data-element_type=\"container\">\n\t\t\t\t<div class=\"elementor-element elementor-element-b5c5961 elementor-widget elementor-widget-image\" data-id=\"b5c5961\" data-element_type=\"widget\" data-widget_type=\"image.default\">\n\t\t\t\t<div class=\"elementor-widget-container\">\n\t\t\t\t\t\t\t\t\t\t\t\t\t\t\t<img loading=\"lazy\" decoding=\"async\" width=\"300\" height=\"280\" src=\"https:\/\/proairtechnologies.com\/wp-content\/uploads\/2025\/05\/Adsiz-tasarim-20-e1747912465348-300x280.png\" class=\"attachment-medium size-medium wp-image-966\" alt=\"\" srcset=\"https:\/\/proairtechnologies.com\/wp-content\/uploads\/2025\/05\/Adsiz-tasarim-20-e1747912465348-300x280.png 300w, https:\/\/proairtechnologies.com\/wp-content\/uploads\/2025\/05\/Adsiz-tasarim-20-e1747912465348.png 393w\" sizes=\"(max-width: 300px) 100vw, 300px\" \/>\t\t\t\t\t\t\t\t\t\t\t\t\t\t\t<\/div>\n\t\t\t\t<\/div>\n\t\t\t\t<div class=\"elementor-element elementor-element-d489559 elementor-widget elementor-widget-image\" data-id=\"d489559\" data-element_type=\"widget\" data-widget_type=\"image.default\">\n\t\t\t\t<div class=\"elementor-widget-container\">\n\t\t\t\t\t\t\t\t\t\t\t\t\t\t\t<img loading=\"lazy\" decoding=\"async\" width=\"300\" height=\"269\" src=\"https:\/\/proairtechnologies.com\/wp-content\/uploads\/2025\/05\/Adsiz-tasarim-21-e1747912487815-300x269.png\" class=\"attachment-medium size-medium wp-image-965\" alt=\"\" srcset=\"https:\/\/proairtechnologies.com\/wp-content\/uploads\/2025\/05\/Adsiz-tasarim-21-e1747912487815-300x269.png 300w, https:\/\/proairtechnologies.com\/wp-content\/uploads\/2025\/05\/Adsiz-tasarim-21-e1747912487815.png 379w\" sizes=\"(max-width: 300px) 100vw, 300px\" \/>\t\t\t\t\t\t\t\t\t\t\t\t\t\t\t<\/div>\n\t\t\t\t<\/div>\n\t\t\t\t<\/div>\n\t\t\t\t<\/div>\n\t\t\t\t\t<\/div>\n\t\t\t\t<\/div>\n\t\t\t\t\t<\/div>\n\t\t\t\t<\/div>\n\t\t\t\t<\/div>\n\t\t","protected":false},"excerpt":{"rendered":"<p>ProAir Technologies SmartFlow Boru Sistemleri BORULAMA S\u0130STEMLER\u0130 \u00dcst\u00fcn Kaliteli Al\u00fcminyum &amp; Paslanmaz \u00c7elik Borular SmartFlow borulama sistemleri, her bas\u0131n\u00e7l\u0131 hava ihtiyac\u0131nda optimum \u00e7\u00f6z\u00fcmler sunarak enerji verimlili\u011fi sa\u011flar. Bir DALGAKIRAN markas\u0131 olan SmartFlow, bas\u0131n\u00e7l\u0131 hava, vakum ve soy gazlar vb. i\u00e7in paslanmaz \u00e7elik ve al\u00fcminyum hava borulama sistemleri tasar\u0131m\u0131,Dalgak\u0131ran hava kompres\u00f6rleri ve uygulamas\u0131 ile anahtar teslim [&hellip;]<\/p>\n","protected":false},"author":1,"featured_media":0,"parent":0,"menu_order":0,"comment_status":"closed","ping_status":"closed","template":"","meta":{"footnotes":""},"class_list":["post-956","page","type-page","status-publish","hentry"],"_links":{"self":[{"href":"https:\/\/proairtechnologies.com\/index.php?rest_route=\/wp\/v2\/pages\/956","targetHints":{"allow":["GET"]}}],"collection":[{"href":"https:\/\/proairtechnologies.com\/index.php?rest_route=\/wp\/v2\/pages"}],"about":[{"href":"https:\/\/proairtechnologies.com\/index.php?rest_route=\/wp\/v2\/types\/page"}],"author":[{"embeddable":true,"href":"https:\/\/proairtechnologies.com\/index.php?rest_route=\/wp\/v2\/users\/1"}],"replies":[{"embeddable":true,"href":"https:\/\/proairtechnologies.com\/index.php?rest_route=%2Fwp%2Fv2%2Fcomments&post=956"}],"version-history":[{"count":4,"href":"https:\/\/proairtechnologies.com\/index.php?rest_route=\/wp\/v2\/pages\/956\/revisions"}],"predecessor-version":[{"id":969,"href":"https:\/\/proairtechnologies.com\/index.php?rest_route=\/wp\/v2\/pages\/956\/revisions\/969"}],"wp:attachment":[{"href":"https:\/\/proairtechnologies.com\/index.php?rest_route=%2Fwp%2Fv2%2Fmedia&parent=956"}],"curies":[{"name":"wp","href":"https:\/\/api.w.org\/{rel}","templated":true}]}}