{"id":929,"date":"2025-05-22T10:24:28","date_gmt":"2025-05-22T10:24:28","guid":{"rendered":"https:\/\/proairtechnologies.com\/?page_id=929"},"modified":"2025-05-22T10:29:42","modified_gmt":"2025-05-22T10:29:42","slug":"servis-ve-destek","status":"publish","type":"page","link":"https:\/\/proairtechnologies.com\/?page_id=929","title":{"rendered":"Servis ve Destek"},"content":{"rendered":"\t\t<div data-elementor-type=\"wp-page\" data-elementor-id=\"929\" class=\"elementor elementor-929\">\n\t\t\t\t<div class=\"elementor-element elementor-element-2686a808 e-flex e-con-boxed e-con e-parent\" data-id=\"2686a808\" data-element_type=\"container\" data-settings=\"{&quot;background_background&quot;:&quot;classic&quot;,&quot;shape_divider_bottom&quot;:&quot;triangle&quot;}\">\n\t\t\t\t\t<div class=\"e-con-inner\">\n\t\t\t\t<div class=\"elementor-shape elementor-shape-bottom\" data-negative=\"false\">\n\t\t\t<svg xmlns=\"http:\/\/www.w3.org\/2000\/svg\" viewBox=\"0 0 1000 100\" preserveAspectRatio=\"none\">\n\t<path class=\"elementor-shape-fill\" d=\"M500,98.9L0,6.1V0h1000v6.1L500,98.9z\"\/>\n<\/svg>\t\t<\/div>\n\t\t<div class=\"elementor-element elementor-element-1192c002 e-flex e-con-boxed e-con e-child\" data-id=\"1192c002\" data-element_type=\"container\">\n\t\t\t\t\t<div class=\"e-con-inner\">\n\t\t\t\t<div class=\"elementor-element elementor-element-19204ea8 elementor-widget elementor-widget-heading\" data-id=\"19204ea8\" data-element_type=\"widget\" data-widget_type=\"heading.default\">\n\t\t\t\t<div class=\"elementor-widget-container\">\n\t\t\t\t\t<h2 class=\"elementor-heading-title elementor-size-default\">ProAir\nTechnologies<\/h2>\t\t\t\t<\/div>\n\t\t\t\t<\/div>\n\t\t\t\t<div class=\"elementor-element elementor-element-586b4 elementor-widget elementor-widget-heading\" data-id=\"586b4\" data-element_type=\"widget\" data-widget_type=\"heading.default\">\n\t\t\t\t<div class=\"elementor-widget-container\">\n\t\t\t\t\t<h1 class=\"elementor-heading-title elementor-size-default\">Servis ve Destek<\/h1>\t\t\t\t<\/div>\n\t\t\t\t<\/div>\n\t\t\t\t\t<\/div>\n\t\t\t\t<\/div>\n\t\t\t\t\t<\/div>\n\t\t\t\t<\/div>\n\t\t<div class=\"elementor-element elementor-element-4458d342 e-flex e-con-boxed e-con e-parent\" data-id=\"4458d342\" data-element_type=\"container\">\n\t\t\t\t\t<div class=\"e-con-inner\">\n\t\t\t\t<div class=\"elementor-element elementor-element-37de3f80 elementor-widget elementor-widget-text-editor\" data-id=\"37de3f80\" data-element_type=\"widget\" data-widget_type=\"text-editor.default\">\n\t\t\t\t<div class=\"elementor-widget-container\">\n\t\t\t\t\t\t\t\t\t<p>Kompres\u00f6r\u00fc sorunsuz ve uzun s\u00fcreli kullanman\u0131n tek yolu, yaln\u0131zca orijinal yedek par\u00e7a ve ya\u011flay\u0131c\u0131lar\u0131n kullan\u0131lmas\u0131d\u0131r. Dalgak\u0131ran Kompres\u00f6r&#8217;\u00fcn yetkin servis personeli, rakipsiz g\u00fcvenilirlik ve uzun servis \u00f6mr\u00fc sa\u011flamak i\u00e7in yaln\u0131zca dayan\u0131kl\u0131l\u0131\u011f\u0131 kan\u0131tlanm\u0131\u015f orijinal &#8220;<b><span style=\"color: #0000ff;\">SmartPARTS&#8221;<\/span><\/b>\u00a0yedek par\u00e7alar\u0131n\u0131 kullan\u0131r.<\/p>\t\t\t\t\t\t\t\t<\/div>\n\t\t\t\t<\/div>\n\t\t\t\t\t<\/div>\n\t\t\t\t<\/div>\n\t\t<div class=\"elementor-element elementor-element-735d32c0 e-flex e-con-boxed e-con e-parent\" data-id=\"735d32c0\" data-element_type=\"container\">\n\t\t\t\t\t<div class=\"e-con-inner\">\n\t\t\t\t<div class=\"elementor-element elementor-element-a1d20b5 elementor-widget elementor-widget-heading\" data-id=\"a1d20b5\" data-element_type=\"widget\" data-widget_type=\"heading.default\">\n\t\t\t\t<div class=\"elementor-widget-container\">\n\t\t\t\t\t<h2 class=\"elementor-heading-title elementor-size-default\">\u00dcst\u00fcn Hizmet ve Kesintisiz \u00dcretim<\/h2>\t\t\t\t<\/div>\n\t\t\t\t<\/div>\n\t\t\t\t\t<\/div>\n\t\t\t\t<\/div>\n\t\t<div class=\"elementor-element elementor-element-71e93a4e e-flex e-con-boxed e-con e-parent\" data-id=\"71e93a4e\" data-element_type=\"container\">\n\t\t\t\t\t<div class=\"e-con-inner\">\n\t\t<div class=\"elementor-element elementor-element-3e2a112e e-con-full e-flex e-con e-child\" data-id=\"3e2a112e\" data-element_type=\"container\">\n\t\t<div class=\"elementor-element elementor-element-43323ef5 e-con-full e-flex e-con e-child\" data-id=\"43323ef5\" data-element_type=\"container\" data-settings=\"{&quot;background_background&quot;:&quot;classic&quot;}\">\n\t\t\t\t<\/div>\n\t\t\t\t<\/div>\n\t\t<div class=\"elementor-element elementor-element-ab6070d e-con-full e-flex e-con e-child\" data-id=\"ab6070d\" data-element_type=\"container\">\n\t\t\t\t<div class=\"elementor-element elementor-element-4daea4bb elementor-widget elementor-widget-text-editor\" data-id=\"4daea4bb\" data-element_type=\"widget\" data-widget_type=\"text-editor.default\">\n\t\t\t\t<div class=\"elementor-widget-container\">\n\t\t\t\t\t\t\t\t\t<p>Dalgak\u0131ran Kompres\u00f6r, T\u00fcrkiye&#8217;de her b\u00f6lge m\u00fcd\u00fcrl\u00fc\u011f\u00fcnde servis at\u00f6lyeleri, yedek par\u00e7a depolar\u0131 ve konusunda uzman saha ekibinin yan\u0131 s\u0131ra 30&#8217;u a\u015fk\u0131n yetkili servis a\u011f\u0131na sahip olup, her noktaya h\u0131zl\u0131 ve \u00e7\u00f6z\u00fcm odakl\u0131 servis hizmeti sunma yetenek ve imkan\u0131na sahiptir. Dalgak\u0131ran Kompres\u00f6r, k\u00fcresel yetkili distrib\u00fct\u00f6rleri arac\u0131l\u0131\u011f\u0131yla, y\u00fcksek e\u011fitimli ve yetenekli kompres\u00f6r servis teknisyenlerinden olu\u015fan ekibiyle d\u00fcnya standartlar\u0131nda bak\u0131m ve servis deste\u011fi de sa\u011flamaktad\u0131r.<\/p><p>Hava kompres\u00f6rleri herhangi bir end\u00fcstriyel tesis veya makine at\u00f6lyesindeki operasyonlar\u0131n hayati bir par\u00e7as\u0131d\u0131r. Temizlemeden \u015fi\u015firmeye, delme ve ta\u015flamaya kadar bir tesisteki bir\u00e7ok rutin g\u00f6revi tamamlamak i\u00e7in gereklidirler. G\u00fcnl\u00fck i\u015flemlerden daha az s\u0131kl\u0131kta yap\u0131lan i\u015flemlere kadar her hava kompres\u00f6r\u00fc bak\u0131m prosed\u00fcr\u00fcn\u00fc \u00f6nemsiyoruz; servis ihtiya\u00e7lar\u0131n\u0131z\u0131 h\u0131zl\u0131, verimli ve en \u00f6nemlisi g\u00fcvenli bir \u015fekilde \u00e7\u00f6zeceksiniz. Bak\u0131m ve onar\u0131m k\u0131lavuzlar\u0131, \u00e7al\u0131\u015ft\u0131rma \u00f6ncesi ve inceleme kontrol listeleri, bas\u0131n\u00e7l\u0131 hava e\u011fitimlerinin yan\u0131 s\u0131ra \u00e7ok say\u0131da \u00f6\u011fretici ve k\u0131lavuz belge de teklifin bir par\u00e7as\u0131d\u0131r.<\/p>\t\t\t\t\t\t\t\t<\/div>\n\t\t\t\t<\/div>\n\t\t\t\t<\/div>\n\t\t\t\t\t<\/div>\n\t\t\t\t<\/div>\n\t\t<div class=\"elementor-element elementor-element-5192e77 e-flex e-con-boxed e-con e-parent\" data-id=\"5192e77\" data-element_type=\"container\">\n\t\t\t\t\t<div class=\"e-con-inner\">\n\t\t<div class=\"elementor-element elementor-element-034bd14 e-con-full e-flex e-con e-child\" data-id=\"034bd14\" data-element_type=\"container\">\n\t\t<div class=\"elementor-element elementor-element-6553586 e-con-full e-flex e-con e-child\" data-id=\"6553586\" data-element_type=\"container\" data-settings=\"{&quot;background_background&quot;:&quot;classic&quot;}\">\n\t\t\t\t<\/div>\n\t\t\t\t<\/div>\n\t\t<div class=\"elementor-element elementor-element-ead65f1 e-con-full e-flex e-con e-child\" data-id=\"ead65f1\" data-element_type=\"container\">\n\t\t\t\t<div class=\"elementor-element elementor-element-e5148ad elementor-widget elementor-widget-text-editor\" data-id=\"e5148ad\" data-element_type=\"widget\" data-widget_type=\"text-editor.default\">\n\t\t\t\t<div class=\"elementor-widget-container\">\n\t\t\t\t\t\t\t\t\t<p>Acil m\u00fcdahaleye ihtiya\u00e7 duyuldu\u011funda ekipman\u0131n\u0131z\u0131 onaracak g\u00fcvenilir bir servis sa\u011flay\u0131c\u0131n\u0131n olmas\u0131 kritik \u00f6neme sahiptir.<\/p><p>Hava kompres\u00f6rlerinin filtresini nas\u0131l de\u011fi\u015ftirirsiniz? Ya\u011f\u0131 nas\u0131l doldurulur? Yo\u011fu\u015fma ne zaman tahliye edilmeli? Bunlar ve di\u011fer bir\u00e7ok yararl\u0131 servis ve bak\u0131m i\u015flemleri \u00f6zel e\u011fitimlerimizde g\u00f6sterilmekte ve a\u00e7\u0131klanmaktad\u0131r.<\/p><p>Hava kompres\u00f6r\u00fcn\u00fcz\u00fcn uzun \u00f6m\u00fcrl\u00fc olmas\u0131n\u0131 garanti alt\u0131na almak i\u00e7in h\u0131zl\u0131 ve kolay ad\u0131mlar\u0131 \u00f6\u011frenmenize yard\u0131mc\u0131 olunmaktad\u0131r. Marka ve model ne olursa olsun her t\u00fcrl\u00fc kompres\u00f6re h\u0131zl\u0131, yetkin ve profesyonel Dalgak\u0131ran Kompres\u00f6r servis ve deste\u011fi sunulmaktad\u0131r.<\/p>\t\t\t\t\t\t\t\t<\/div>\n\t\t\t\t<\/div>\n\t\t\t\t<\/div>\n\t\t\t\t\t<\/div>\n\t\t\t\t<\/div>\n\t\t<div class=\"elementor-element elementor-element-3d86476f e-flex e-con-boxed e-con e-parent\" data-id=\"3d86476f\" data-element_type=\"container\">\n\t\t\t\t\t<div class=\"e-con-inner\">\n\t\t<div class=\"elementor-element elementor-element-760db86a e-con-full e-flex e-con e-child\" data-id=\"760db86a\" data-element_type=\"container\">\n\t\t\t\t<div class=\"elementor-element elementor-element-dec94ac elementor-widget elementor-widget-heading\" data-id=\"dec94ac\" data-element_type=\"widget\" data-widget_type=\"heading.default\">\n\t\t\t\t<div class=\"elementor-widget-container\">\n\t\t\t\t\t<h2 class=\"elementor-heading-title elementor-size-default\">Akl\u0131n\u0131zda bulundurman\u0131z gereken bilgiler<\/h2>\t\t\t\t<\/div>\n\t\t\t\t<\/div>\n\t\t\t\t<\/div>\n\t\t\t\t\t<\/div>\n\t\t\t\t<\/div>\n\t\t<div class=\"elementor-element elementor-element-527e68bb e-flex e-con-boxed e-con e-parent\" data-id=\"527e68bb\" data-element_type=\"container\">\n\t\t\t\t\t<div class=\"e-con-inner\">\n\t\t\t\t<div class=\"elementor-element elementor-element-40db0772 elementor-widget elementor-widget-text-editor\" data-id=\"40db0772\" data-element_type=\"widget\" data-widget_type=\"text-editor.default\">\n\t\t\t\t<div class=\"elementor-widget-container\">\n\t\t\t\t\t\t\t\t\t<p><span style=\"color: #ff0000;\"><b>\u2713\u00a0\u00a0<\/b><\/span>Par\u00e7alar ola\u011fand\u0131\u015f\u0131 ses \u00e7\u0131kar\u0131yorsa veya a\u015f\u0131r\u0131 ya\u011f t\u00fcketiyorsa, bak\u0131ms\u0131z kalan par\u00e7alardaki korozyon ihtimalini kontrol edin.<\/p><p><span style=\"color: #ff0000;\"><b>\u2713\u00a0<\/b><\/span>\u00a0Hava kompres\u00f6r\u00fcn\u00fcz\u00fcn sigortas\u0131 d\u00fczenli olarak at\u0131yorsa, b\u00fcy\u00fck olas\u0131l\u0131kla kompres\u00f6r\u00fcn\u00fcz\u00fcn elektrik y\u00fck\u00fcn\u00fc desteklemiyor olabilir. Bunlar\u0131 y\u00fck\u00fc ta\u015f\u0131yabilecek bir sigortayla de\u011fi\u015ftirin.<\/p><p><span style=\"color: #ff0000;\"><b>\u2713\u00a0<\/b><\/span>\u00a0A\u015f\u0131r\u0131 \u0131s\u0131 tahliyesi so\u011futma sisteminizde sorun oldu\u011funu g\u00f6sterir.<\/p><p><span style=\"color: #ff0000;\"><b>\u2713\u00a0\u00a0<\/b><\/span>Ya\u011flay\u0131c\u0131 seviyelerini d\u00fczenli olarak kontrol edin ve operasyonel ihtiya\u00e7lar\u0131n\u0131za g\u00f6re ayarlamalar yap\u0131n.<\/p><p><span style=\"color: #ff0000;\"><b>\u2713\u00a0<\/b><\/span>\u00a0Kompres\u00f6r\u00fcn\u00fcz ya\u011f analizinde a\u015f\u0131nma, paslanm\u0131\u015f borular, a\u015f\u0131r\u0131 titre\u015fim, a\u015f\u0131r\u0131 \u0131s\u0131nma veya metal kal\u0131nt\u0131lar\u0131 g\u00f6steriyorsa kapsaml\u0131 bir incelemenin zaman\u0131 gelmi\u015ftir.<\/p>\t\t\t\t\t\t\t\t<\/div>\n\t\t\t\t<\/div>\n\t\t\t\t\t<\/div>\n\t\t\t\t<\/div>\n\t\t\t\t<\/div>\n\t\t","protected":false},"excerpt":{"rendered":"<p>ProAir Technologies Servis ve Destek Kompres\u00f6r\u00fc sorunsuz ve uzun s\u00fcreli kullanman\u0131n tek yolu, yaln\u0131zca orijinal yedek par\u00e7a ve ya\u011flay\u0131c\u0131lar\u0131n kullan\u0131lmas\u0131d\u0131r. Dalgak\u0131ran Kompres\u00f6r&#8217;\u00fcn yetkin servis personeli, rakipsiz g\u00fcvenilirlik ve uzun servis \u00f6mr\u00fc sa\u011flamak i\u00e7in yaln\u0131zca dayan\u0131kl\u0131l\u0131\u011f\u0131 kan\u0131tlanm\u0131\u015f orijinal &#8220;SmartPARTS&#8221;\u00a0yedek par\u00e7alar\u0131n\u0131 kullan\u0131r. \u00dcst\u00fcn Hizmet ve Kesintisiz \u00dcretim Dalgak\u0131ran Kompres\u00f6r, T\u00fcrkiye&#8217;de her b\u00f6lge m\u00fcd\u00fcrl\u00fc\u011f\u00fcnde servis at\u00f6lyeleri, yedek par\u00e7a [&hellip;]<\/p>\n","protected":false},"author":1,"featured_media":0,"parent":0,"menu_order":0,"comment_status":"closed","ping_status":"closed","template":"","meta":{"footnotes":""},"class_list":["post-929","page","type-page","status-publish","hentry"],"_links":{"self":[{"href":"https:\/\/proairtechnologies.com\/index.php?rest_route=\/wp\/v2\/pages\/929","targetHints":{"allow":["GET"]}}],"collection":[{"href":"https:\/\/proairtechnologies.com\/index.php?rest_route=\/wp\/v2\/pages"}],"about":[{"href":"https:\/\/proairtechnologies.com\/index.php?rest_route=\/wp\/v2\/types\/page"}],"author":[{"embeddable":true,"href":"https:\/\/proairtechnologies.com\/index.php?rest_route=\/wp\/v2\/users\/1"}],"replies":[{"embeddable":true,"href":"https:\/\/proairtechnologies.com\/index.php?rest_route=%2Fwp%2Fv2%2Fcomments&post=929"}],"version-history":[{"count":4,"href":"https:\/\/proairtechnologies.com\/index.php?rest_route=\/wp\/v2\/pages\/929\/revisions"}],"predecessor-version":[{"id":935,"href":"https:\/\/proairtechnologies.com\/index.php?rest_route=\/wp\/v2\/pages\/929\/revisions\/935"}],"wp:attachment":[{"href":"https:\/\/proairtechnologies.com\/index.php?rest_route=%2Fwp%2Fv2%2Fmedia&parent=929"}],"curies":[{"name":"wp","href":"https:\/\/api.w.org\/{rel}","templated":true}]}}