{"id":867,"date":"2025-05-18T15:01:09","date_gmt":"2025-05-18T15:01:09","guid":{"rendered":"https:\/\/proairtechnologies.com\/?page_id=867"},"modified":"2025-05-18T15:02:55","modified_gmt":"2025-05-18T15:02:55","slug":"ddx-azot-saflastirma-sistemleri","status":"publish","type":"page","link":"https:\/\/proairtechnologies.com\/?page_id=867","title":{"rendered":"DDX Azot Safla\u015ft\u0131rma Sistemleri"},"content":{"rendered":"\t\t<div data-elementor-type=\"wp-page\" data-elementor-id=\"867\" class=\"elementor elementor-867\">\n\t\t\t\t<div class=\"elementor-element elementor-element-7b49325 e-flex e-con-boxed e-con e-parent\" data-id=\"7b49325\" data-element_type=\"container\" data-settings=\"{&quot;background_background&quot;:&quot;classic&quot;,&quot;shape_divider_bottom&quot;:&quot;triangle&quot;}\">\n\t\t\t\t\t<div class=\"e-con-inner\">\n\t\t\t\t<div class=\"elementor-shape elementor-shape-bottom\" data-negative=\"false\">\n\t\t\t<svg xmlns=\"http:\/\/www.w3.org\/2000\/svg\" viewBox=\"0 0 1000 100\" preserveAspectRatio=\"none\">\n\t<path class=\"elementor-shape-fill\" d=\"M500,98.9L0,6.1V0h1000v6.1L500,98.9z\"\/>\n<\/svg>\t\t<\/div>\n\t\t<div class=\"elementor-element elementor-element-46d2d2c8 e-flex e-con-boxed e-con e-child\" data-id=\"46d2d2c8\" data-element_type=\"container\">\n\t\t\t\t\t<div class=\"e-con-inner\">\n\t\t\t\t<div class=\"elementor-element elementor-element-6db4c3d elementor-widget elementor-widget-heading\" data-id=\"6db4c3d\" data-element_type=\"widget\" data-widget_type=\"heading.default\">\n\t\t\t\t<div class=\"elementor-widget-container\">\n\t\t\t\t\t<h2 class=\"elementor-heading-title elementor-size-default\">ProAir\nTechnologies<\/h2>\t\t\t\t<\/div>\n\t\t\t\t<\/div>\n\t\t\t\t<div class=\"elementor-element elementor-element-7630d956 elementor-widget elementor-widget-heading\" data-id=\"7630d956\" data-element_type=\"widget\" data-widget_type=\"heading.default\">\n\t\t\t\t<div class=\"elementor-widget-container\">\n\t\t\t\t\t<h1 class=\"elementor-heading-title elementor-size-default\">DDX Azot Safla\u015ft\u0131rma Sistemleri<\/h1>\t\t\t\t<\/div>\n\t\t\t\t<\/div>\n\t\t\t\t\t<\/div>\n\t\t\t\t<\/div>\n\t\t\t\t\t<\/div>\n\t\t\t\t<\/div>\n\t\t<div class=\"elementor-element elementor-element-760e5b5e e-flex e-con-boxed e-con e-parent\" data-id=\"760e5b5e\" data-element_type=\"container\">\n\t\t\t\t\t<div class=\"e-con-inner\">\n\t\t<div class=\"elementor-element elementor-element-7567559f e-con-full e-flex e-con e-child\" data-id=\"7567559f\" data-element_type=\"container\" data-settings=\"{&quot;background_background&quot;:&quot;classic&quot;}\">\n\t\t\t\t<\/div>\n\t\t<div class=\"elementor-element elementor-element-154245f5 e-con-full e-flex e-con e-child\" data-id=\"154245f5\" data-element_type=\"container\">\n\t\t\t\t<div class=\"elementor-element elementor-element-6db6f6bc elementor-view-stacked elementor-shape-rounded elementor-position-left elementor-mobile-position-top elementor-vertical-align-top elementor-widget elementor-widget-icon-box\" data-id=\"6db6f6bc\" data-element_type=\"widget\" data-widget_type=\"icon-box.default\">\n\t\t\t\t<div class=\"elementor-widget-container\">\n\t\t\t\t\t\t\t<div class=\"elementor-icon-box-wrapper\">\n\n\t\t\t\t\t\t<div class=\"elementor-icon-box-icon\">\n\t\t\t\t<span  class=\"elementor-icon\">\n\t\t\t\t<svg aria-hidden=\"true\" class=\"e-font-icon-svg e-far-star\" viewBox=\"0 0 576 512\" xmlns=\"http:\/\/www.w3.org\/2000\/svg\"><path d=\"M528.1 171.5L382 150.2 316.7 17.8c-11.7-23.6-45.6-23.9-57.4 0L194 150.2 47.9 171.5c-26.2 3.8-36.7 36.1-17.7 54.6l105.7 103-25 145.5c-4.5 26.3 23.2 46 46.4 33.7L288 439.6l130.7 68.7c23.2 12.2 50.9-7.4 46.4-33.7l-25-145.5 105.7-103c19-18.5 8.5-50.8-17.7-54.6zM388.6 312.3l23.7 138.4L288 385.4l-124.3 65.3 23.7-138.4-100.6-98 139-20.2 62.2-126 62.2 126 139 20.2-100.6 98z\"><\/path><\/svg>\t\t\t\t<\/span>\n\t\t\t<\/div>\n\t\t\t\n\t\t\t\t\t\t<div class=\"elementor-icon-box-content\">\n\n\t\t\t\t\t\t\t\t\t<h3 class=\"elementor-icon-box-title\">\n\t\t\t\t\t\t<span  >\n\t\t\t\t\t\t\tAvantajlar\t\t\t\t\t\t<\/span>\n\t\t\t\t\t<\/h3>\n\t\t\t\t\n\t\t\t\t\t\t\t\t\t<p class=\"elementor-icon-box-description\">\n\t\t\t\t\t\t\u2022 Etkili geri \u00f6deme su\u0308resi <br>\n\n\u2022 Ku\u0308\u00e7u\u0308ltu\u0308lmu\u0308\u015f kurulum alan\u0131<br>\n\n\u2022 Uzun \u00f6mu\u0308rlu\u0308 verimlilik (> 10 y\u0131l)<br>\n\n\u2022 En kaliteli yu\u0308ksek performansl\u0131 \u00e7\u00f6zu\u0308mler<br>\n\n\u2022 Ayn\u0131 azot safl\u0131\u011f\u0131 i\u00e7in daha yu\u0308ksek kapasiteli bir DNG sistemi kurmak yerine daha du\u0308\u015fu\u0308k kapasiteli DDX sistemi sayesinde du\u0308\u015fu\u0308k maliyet, yu\u0308ksek tasarruf<br>\n\n\u2022 Minimum alan ve enerji gereksinimi ile %99,999\u2019a varan nitrojen safl\u0131\u011f\u0131<br>\n\n\u2022 Du\u0308\u015fu\u0308k enerji tu\u0308ketimi<br>\n\n\u2022 Du\u0308\u015fu\u0308k CO2 emisyonu<br>\n\n\u2022 Zorlu ko\u015fullar ve endu\u0308striyel kullan\u0131m i\u00e7in tasarlanm\u0131\u015f a\u011f\u0131r hizmet tipi yap\u0131<br>\n\n\u2022 Yu\u0308ksek kaliteli ve dayan\u0131kl\u0131 bile\u015fenler<br>\n\n\u2022 \u00c7ok du\u0308\u015fu\u0308k hava\/azot oran\u0131 ile (8,4 yarine 3,0) minimum %99,999 safl\u0131k sa\u011flayan sistem<br>\n\n\u2022 Kompakt tasar\u0131m, tam otomatik sistem<br>\n\n\u2022 \u0130stenilen safl\u0131kta 7\/24 Azot gaz\u0131 u\u0308retimi<br>\n\n\u2022 Yu\u0308ksek enerji tasarrufu<br>\n\n\u2022 Du\u0308\u015fu\u0308k maliyetli ve \u00f6zel u\u0308retim<br>\n\n\u2022 Minimum bak\u0131m maliyeti\t\t\t\t\t<\/p>\n\t\t\t\t\n\t\t\t<\/div>\n\t\t\t\n\t\t<\/div>\n\t\t\t\t\t\t<\/div>\n\t\t\t\t<\/div>\n\t\t\t\t<\/div>\n\t\t\t\t\t<\/div>\n\t\t\t\t<\/div>\n\t\t<div class=\"elementor-element elementor-element-ab051c0 e-flex e-con-boxed e-con e-parent\" data-id=\"ab051c0\" data-element_type=\"container\">\n\t\t\t\t\t<div class=\"e-con-inner\">\n\t\t<div class=\"elementor-element elementor-element-c99ac9c e-con-full e-flex e-con e-child\" data-id=\"c99ac9c\" data-element_type=\"container\" data-settings=\"{&quot;background_background&quot;:&quot;classic&quot;}\">\n\t\t\t\t<\/div>\n\t\t<div class=\"elementor-element elementor-element-55e6786 e-con-full e-flex e-con e-child\" data-id=\"55e6786\" data-element_type=\"container\">\n\t\t\t\t<div class=\"elementor-element elementor-element-fff700c elementor-view-stacked elementor-shape-rounded elementor-position-left elementor-mobile-position-top elementor-vertical-align-top elementor-widget elementor-widget-icon-box\" data-id=\"fff700c\" data-element_type=\"widget\" data-widget_type=\"icon-box.default\">\n\t\t\t\t<div class=\"elementor-widget-container\">\n\t\t\t\t\t\t\t<div class=\"elementor-icon-box-wrapper\">\n\n\t\t\t\t\t\t<div class=\"elementor-icon-box-icon\">\n\t\t\t\t<span  class=\"elementor-icon\">\n\t\t\t\t<i aria-hidden=\"true\" class=\"icon icon-flash\"><\/i>\t\t\t\t<\/span>\n\t\t\t<\/div>\n\t\t\t\n\t\t\t\t\t\t<div class=\"elementor-icon-box-content\">\n\n\t\t\t\t\t\t\t\t\t<h3 class=\"elementor-icon-box-title\">\n\t\t\t\t\t\t<span  >\n\t\t\t\t\t\t\t\u00c7al\u0131\u015fma Prensibi\t\t\t\t\t\t<\/span>\n\t\t\t\t\t<\/h3>\n\t\t\t\t\n\t\t\t\t\t\t\t\t\t<p class=\"elementor-icon-box-description\">\n\t\t\t\t\t\tDalgak\u0131ran\u2019\u0131n kompakt tasar\u0131ml\u0131 Azot Safla\u015ft\u0131rma Sistemi ile mevcut uygulamalara k\u0131yasla %99,9 safl\u0131k seviyesinde bir azot jenerat\u00f6ru\u0308nden u\u0308retilen Azot, %99,999\u2019a d\u00f6nu\u0308\u015ftu\u0308ru\u0308lebilmekte ve azot u\u0308retim maliyetlerinde yu\u0308ksek tasarruf sa\u011flanmaktad\u0131r.<br>\n<br>\n\nSistem, %99,999 nitrojen safl\u0131\u011f\u0131 u\u0308retmek i\u00e7in kalan oksijen ve hidrojen gaz\u0131 aras\u0131ndaki bir reaksiyon kullan\u0131larak DNG jenerat\u00f6ru\u0308nden kalan oksijenin PSA Nitrojen Jenerat\u00f6ru\u0308 \u00e7\u0131k\u0131\u015f\u0131ndan uzakla\u015ft\u0131r\u0131ld\u0131\u011f\u0131 bir katalitik reaksiyon kullan\u0131r. Bu katalitik reaksiyonun tek yan u\u0308ru\u0308nu\u0308 sudur.<br>\n<br>\n\nReaksiyon i\u00e7in gerekli olan du\u0308\u015fu\u0308k hidrojen maliyeti sayesinde uzun vadede \u00f6nemli \u00f6l\u00e7u\u0308de tasarruf sa\u011flan\u0131r. Yu\u0308ksek safl\u0131kta nitrojen, asl\u0131nda bu yeni geli\u015ftirilen nitrojen safla\u015ft\u0131rma u\u0308nitesi sayesinde daha du\u0308\u015fu\u0308k kapasiteli hava kompres\u00f6rleri ve ekipmanlar\u0131 kullan\u0131larak u\u0308retilebilir. <br>\n<br>\n\nReaksiyon, azot s\u0131cakl\u0131\u011f\u0131n\u0131 artt\u0131rd\u0131\u011f\u0131 i\u00e7in DDX Azot Safla\u015ft\u0131rma Sistemi, eksiksiz bir \u00e7\u00f6zu\u0308m sa\u011flayarak iki u\u0308ru\u0308nu\u0308 tek bir u\u0308nitede birle\u015ftiren Yu\u0308ksek S\u0131cakl\u0131kl\u0131 Hava Kurutucusuna entegre edilmi\u015ftir.<br>\t\t\t\t\t<\/p>\n\t\t\t\t\n\t\t\t<\/div>\n\t\t\t\n\t\t<\/div>\n\t\t\t\t\t\t<\/div>\n\t\t\t\t<\/div>\n\t\t\t\t<\/div>\n\t\t\t\t\t<\/div>\n\t\t\t\t<\/div>\n\t\t<div class=\"elementor-element elementor-element-66cef67e e-flex e-con-boxed e-con e-parent\" data-id=\"66cef67e\" data-element_type=\"container\">\n\t\t\t\t\t<div class=\"e-con-inner\">\n\t\t<div class=\"elementor-element elementor-element-757e3bcf e-flex e-con-boxed e-con e-child\" data-id=\"757e3bcf\" data-element_type=\"container\">\n\t\t\t\t\t<div class=\"e-con-inner\">\n\t\t<div class=\"elementor-element elementor-element-6134872a e-con-full e-flex e-con e-child\" data-id=\"6134872a\" data-element_type=\"container\">\n\t\t\t\t<div class=\"elementor-element elementor-element-6011328d elementor-view-default elementor-widget elementor-widget-icon\" data-id=\"6011328d\" data-element_type=\"widget\" data-widget_type=\"icon.default\">\n\t\t\t\t<div class=\"elementor-widget-container\">\n\t\t\t\t\t\t\t<div class=\"elementor-icon-wrapper\">\n\t\t\t<div class=\"elementor-icon\">\n\t\t\t<svg aria-hidden=\"true\" class=\"e-font-icon-svg e-fas-wind\" viewBox=\"0 0 512 512\" xmlns=\"http:\/\/www.w3.org\/2000\/svg\"><path d=\"M156.7 256H16c-8.8 0-16 7.2-16 16v32c0 8.8 7.2 16 16 16h142.2c15.9 0 30.8 10.9 33.4 26.6 3.3 20-12.1 37.4-31.6 37.4-14.1 0-26.1-9.2-30.4-21.9-2.1-6.3-8.6-10.1-15.2-10.1H81.6c-9.8 0-17.7 8.8-15.9 18.4 8.6 44.1 47.6 77.6 94.2 77.6 57.1 0 102.7-50.1 95.2-108.6C249 291 205.4 256 156.7 256zM16 224h336c59.7 0 106.8-54.8 93.8-116.7-7.6-36.2-36.9-65.5-73.1-73.1-55.4-11.6-105.1 24.9-114.9 75.5-1.9 9.6 6.1 18.3 15.8 18.3h32.8c6.7 0 13.1-3.8 15.2-10.1C325.9 105.2 337.9 96 352 96c19.4 0 34.9 17.4 31.6 37.4-2.6 15.7-17.4 26.6-33.4 26.6H16c-8.8 0-16 7.2-16 16v32c0 8.8 7.2 16 16 16zm384 32H243.7c19.3 16.6 33.2 38.8 39.8 64H400c26.5 0 48 21.5 48 48s-21.5 48-48 48c-17.9 0-33.3-9.9-41.6-24.4-2.9-5-8.7-7.6-14.5-7.6h-33.8c-10.9 0-19 10.8-15.3 21.1 17.8 50.6 70.5 84.8 129.4 72.3 41.2-8.7 75.1-41.6 84.7-82.7C526 321.5 470.5 256 400 256z\"><\/path><\/svg>\t\t\t<\/div>\n\t\t<\/div>\n\t\t\t\t\t\t<\/div>\n\t\t\t\t<\/div>\n\t\t\t\t<div class=\"elementor-element elementor-element-461808eb elementor-view-default elementor-widget elementor-widget-icon\" data-id=\"461808eb\" data-element_type=\"widget\" data-widget_type=\"icon.default\">\n\t\t\t\t<div class=\"elementor-widget-container\">\n\t\t\t\t\t\t\t<div class=\"elementor-icon-wrapper\">\n\t\t\t<div class=\"elementor-icon\">\n\t\t\t<i aria-hidden=\"true\" class=\"icon icon-arrows\"><\/i>\t\t\t<\/div>\n\t\t<\/div>\n\t\t\t\t\t\t<\/div>\n\t\t\t\t<\/div>\n\t\t\t\t<div class=\"elementor-element elementor-element-69c6751e elementor-view-default elementor-widget elementor-widget-icon\" data-id=\"69c6751e\" data-element_type=\"widget\" data-widget_type=\"icon.default\">\n\t\t\t\t<div class=\"elementor-widget-container\">\n\t\t\t\t\t\t\t<div class=\"elementor-icon-wrapper\">\n\t\t\t<div class=\"elementor-icon\">\n\t\t\t<svg aria-hidden=\"true\" class=\"e-font-icon-svg e-fas-tools\" viewBox=\"0 0 512 512\" xmlns=\"http:\/\/www.w3.org\/2000\/svg\"><path d=\"M501.1 395.7L384 278.6c-23.1-23.1-57.6-27.6-85.4-13.9L192 158.1V96L64 0 0 64l96 128h62.1l106.6 106.6c-13.6 27.8-9.2 62.3 13.9 85.4l117.1 117.1c14.6 14.6 38.2 14.6 52.7 0l52.7-52.7c14.5-14.6 14.5-38.2 0-52.7zM331.7 225c28.3 0 54.9 11 74.9 31l19.4 19.4c15.8-6.9 30.8-16.5 43.8-29.5 37.1-37.1 49.7-89.3 37.9-136.7-2.2-9-13.5-12.1-20.1-5.5l-74.4 74.4-67.9-11.3L334 98.9l74.4-74.4c6.6-6.6 3.4-17.9-5.7-20.2-47.4-11.7-99.6.9-136.6 37.9-28.5 28.5-41.9 66.1-41.2 103.6l82.1 82.1c8.1-1.9 16.5-2.9 24.7-2.9zm-103.9 82l-56.7-56.7L18.7 402.8c-25 25-25 65.5 0 90.5s65.5 25 90.5 0l123.6-123.6c-7.6-19.9-9.9-41.6-5-62.7zM64 472c-13.2 0-24-10.8-24-24 0-13.3 10.7-24 24-24s24 10.7 24 24c0 13.2-10.7 24-24 24z\"><\/path><\/svg>\t\t\t<\/div>\n\t\t<\/div>\n\t\t\t\t\t\t<\/div>\n\t\t\t\t<\/div>\n\t\t\t\t<\/div>\n\t\t\t\t<div class=\"elementor-element elementor-element-3c1a86a elementor-widget elementor-widget-heading\" data-id=\"3c1a86a\" data-element_type=\"widget\" data-widget_type=\"heading.default\">\n\t\t\t\t<div class=\"elementor-widget-container\">\n\t\t\t\t\t<h2 class=\"elementor-heading-title elementor-size-default\">Dalgak\u0131ran\u2019\u0131n yepyeni DDX Azot Ar\u0131tma Sistemi, ihtiya\u00e7 duyulan azot safl\u0131k seviyelerini %99,9\u2019un \u00f6tesine, %99,999\u2019a kadar safl\u0131\u011fa \u00e7\u0131karmak i\u00e7in son derece ekonomik bir yol sunar.<\/h2>\t\t\t\t<\/div>\n\t\t\t\t<\/div>\n\t\t\t\t<div class=\"elementor-element elementor-element-4044732f elementor-widget elementor-widget-text-editor\" data-id=\"4044732f\" data-element_type=\"widget\" data-widget_type=\"text-editor.default\">\n\t\t\t\t<div class=\"elementor-widget-container\">\n\t\t\t\t\t\t\t\t\t<p>DDX serisi, geni\u015f yu\u0308zey alan\u0131na sahip \u00f6zel tasar\u0131ml\u0131 bir kataliz\u00f6r kullanarak nitrojen safl\u0131klar\u0131n\u0131 art\u0131r\u0131r.<\/p><p>Kataliz\u00f6r yu\u0308zeyindeki reaksiyon sonucunda art\u0131k oksijen maksimum 10 ppm seviyesine du\u0308\u015fer.<\/p><p>DDX Azot Ar\u0131tma Cihazlar\u0131, Azot Jenerat\u00f6r Sistemleri ile birle\u015fti\u011finde, bas\u0131n\u00e7l\u0131 hava kayb\u0131n\u0131 \u00f6nleyerek ve az miktarda hidrojen gaz\u0131 kullanarak yu\u0308ksek du\u0308zeyde azot safl\u0131\u011f\u0131 elde eder. Bu sistem, nitrojen safl\u0131\u011f\u0131 sa\u011flarken gu\u0308\u00e7 tu\u0308ketimini de minimum seviyede tutar.<\/p>\t\t\t\t\t\t\t\t<\/div>\n\t\t\t\t<\/div>\n\t\t\t\t\t<\/div>\n\t\t\t\t<\/div>\n\t\t\t\t\t<\/div>\n\t\t\t\t<\/div>\n\t\t\t\t<\/div>\n\t\t","protected":false},"excerpt":{"rendered":"<p>ProAir Technologies DDX Azot Safla\u015ft\u0131rma Sistemleri Avantajlar \u2022 Etkili geri \u00f6deme su\u0308resi \u2022 Ku\u0308\u00e7u\u0308ltu\u0308lmu\u0308\u015f kurulum alan\u0131 \u2022 Uzun \u00f6mu\u0308rlu\u0308 verimlilik (> 10 y\u0131l) \u2022 En kaliteli yu\u0308ksek performansl\u0131 \u00e7\u00f6zu\u0308mler \u2022 Ayn\u0131 azot safl\u0131\u011f\u0131 i\u00e7in daha yu\u0308ksek kapasiteli bir DNG sistemi kurmak yerine daha du\u0308\u015fu\u0308k kapasiteli DDX sistemi sayesinde du\u0308\u015fu\u0308k maliyet, yu\u0308ksek tasarruf \u2022 Minimum alan [&hellip;]<\/p>\n","protected":false},"author":1,"featured_media":0,"parent":0,"menu_order":0,"comment_status":"closed","ping_status":"closed","template":"","meta":{"footnotes":""},"class_list":["post-867","page","type-page","status-publish","hentry"],"_links":{"self":[{"href":"https:\/\/proairtechnologies.com\/index.php?rest_route=\/wp\/v2\/pages\/867","targetHints":{"allow":["GET"]}}],"collection":[{"href":"https:\/\/proairtechnologies.com\/index.php?rest_route=\/wp\/v2\/pages"}],"about":[{"href":"https:\/\/proairtechnologies.com\/index.php?rest_route=\/wp\/v2\/types\/page"}],"author":[{"embeddable":true,"href":"https:\/\/proairtechnologies.com\/index.php?rest_route=\/wp\/v2\/users\/1"}],"replies":[{"embeddable":true,"href":"https:\/\/proairtechnologies.com\/index.php?rest_route=%2Fwp%2Fv2%2Fcomments&post=867"}],"version-history":[{"count":4,"href":"https:\/\/proairtechnologies.com\/index.php?rest_route=\/wp\/v2\/pages\/867\/revisions"}],"predecessor-version":[{"id":873,"href":"https:\/\/proairtechnologies.com\/index.php?rest_route=\/wp\/v2\/pages\/867\/revisions\/873"}],"wp:attachment":[{"href":"https:\/\/proairtechnologies.com\/index.php?rest_route=%2Fwp%2Fv2%2Fmedia&parent=867"}],"curies":[{"name":"wp","href":"https:\/\/api.w.org\/{rel}","templated":true}]}}