{"id":855,"date":"2025-05-18T14:49:11","date_gmt":"2025-05-18T14:49:11","guid":{"rendered":"https:\/\/proairtechnologies.com\/?page_id=855"},"modified":"2025-05-18T14:50:56","modified_gmt":"2025-05-18T14:50:56","slug":"dng-mod-azot-jeneratoru","status":"publish","type":"page","link":"https:\/\/proairtechnologies.com\/?page_id=855","title":{"rendered":"DNG MOD Azot Jenerat\u00f6r\u00fc"},"content":{"rendered":"\t\t<div data-elementor-type=\"wp-page\" data-elementor-id=\"855\" class=\"elementor elementor-855\">\n\t\t\t\t<div class=\"elementor-element elementor-element-58f6d649 e-flex e-con-boxed e-con e-parent\" data-id=\"58f6d649\" data-element_type=\"container\" data-settings=\"{&quot;background_background&quot;:&quot;classic&quot;,&quot;shape_divider_bottom&quot;:&quot;triangle&quot;}\">\n\t\t\t\t\t<div class=\"e-con-inner\">\n\t\t\t\t<div class=\"elementor-shape elementor-shape-bottom\" data-negative=\"false\">\n\t\t\t<svg xmlns=\"http:\/\/www.w3.org\/2000\/svg\" viewBox=\"0 0 1000 100\" preserveAspectRatio=\"none\">\n\t<path class=\"elementor-shape-fill\" d=\"M500,98.9L0,6.1V0h1000v6.1L500,98.9z\"\/>\n<\/svg>\t\t<\/div>\n\t\t<div class=\"elementor-element elementor-element-4ba1a672 e-flex e-con-boxed e-con e-child\" data-id=\"4ba1a672\" data-element_type=\"container\">\n\t\t\t\t\t<div class=\"e-con-inner\">\n\t\t\t\t<div class=\"elementor-element elementor-element-67473f8b elementor-widget elementor-widget-heading\" data-id=\"67473f8b\" data-element_type=\"widget\" data-widget_type=\"heading.default\">\n\t\t\t\t<div class=\"elementor-widget-container\">\n\t\t\t\t\t<h2 class=\"elementor-heading-title elementor-size-default\">ProAir\nTechnologies<\/h2>\t\t\t\t<\/div>\n\t\t\t\t<\/div>\n\t\t\t\t<div class=\"elementor-element elementor-element-26dcd7dd elementor-widget elementor-widget-heading\" data-id=\"26dcd7dd\" data-element_type=\"widget\" data-widget_type=\"heading.default\">\n\t\t\t\t<div class=\"elementor-widget-container\">\n\t\t\t\t\t<h1 class=\"elementor-heading-title elementor-size-default\">DNG MOD Azot Jenerat\u00f6r\u00fc<\/h1>\t\t\t\t<\/div>\n\t\t\t\t<\/div>\n\t\t\t\t\t<\/div>\n\t\t\t\t<\/div>\n\t\t\t\t\t<\/div>\n\t\t\t\t<\/div>\n\t\t<div class=\"elementor-element elementor-element-42cb0bcb e-flex e-con-boxed e-con e-parent\" data-id=\"42cb0bcb\" data-element_type=\"container\">\n\t\t\t\t\t<div class=\"e-con-inner\">\n\t\t<div class=\"elementor-element elementor-element-1d31635e e-con-full e-flex e-con e-child\" data-id=\"1d31635e\" data-element_type=\"container\" data-settings=\"{&quot;background_background&quot;:&quot;classic&quot;}\">\n\t\t\t\t<\/div>\n\t\t<div class=\"elementor-element elementor-element-119fc30b e-con-full e-flex e-con e-child\" data-id=\"119fc30b\" data-element_type=\"container\">\n\t\t\t\t<div class=\"elementor-element elementor-element-15a73311 elementor-view-stacked elementor-shape-rounded elementor-position-left elementor-mobile-position-top elementor-vertical-align-top elementor-widget elementor-widget-icon-box\" data-id=\"15a73311\" data-element_type=\"widget\" data-widget_type=\"icon-box.default\">\n\t\t\t\t<div class=\"elementor-widget-container\">\n\t\t\t\t\t\t\t<div class=\"elementor-icon-box-wrapper\">\n\n\t\t\t\t\t\t<div class=\"elementor-icon-box-icon\">\n\t\t\t\t<span  class=\"elementor-icon\">\n\t\t\t\t<svg aria-hidden=\"true\" class=\"e-font-icon-svg e-far-star\" viewBox=\"0 0 576 512\" xmlns=\"http:\/\/www.w3.org\/2000\/svg\"><path d=\"M528.1 171.5L382 150.2 316.7 17.8c-11.7-23.6-45.6-23.9-57.4 0L194 150.2 47.9 171.5c-26.2 3.8-36.7 36.1-17.7 54.6l105.7 103-25 145.5c-4.5 26.3 23.2 46 46.4 33.7L288 439.6l130.7 68.7c23.2 12.2 50.9-7.4 46.4-33.7l-25-145.5 105.7-103c19-18.5 8.5-50.8-17.7-54.6zM388.6 312.3l23.7 138.4L288 385.4l-124.3 65.3 23.7-138.4-100.6-98 139-20.2 62.2-126 62.2 126 139 20.2-100.6 98z\"><\/path><\/svg>\t\t\t\t<\/span>\n\t\t\t<\/div>\n\t\t\t\n\t\t\t\t\t\t<div class=\"elementor-icon-box-content\">\n\n\t\t\t\t\t\t\t\t\t<h3 class=\"elementor-icon-box-title\">\n\t\t\t\t\t\t<span  >\n\t\t\t\t\t\t\tAvantajlar\t\t\t\t\t\t<\/span>\n\t\t\t\t\t<\/h3>\n\t\t\t\t\n\t\t\t\t\t\t\t\t\t<p class=\"elementor-icon-box-description\">\n\t\t\t\t\t\t\u2022 Kompakt tasar\u0131m, tam otomatik \u00e7al\u0131\u015fma <br>\n\n\u2022 Manifold kullan\u0131m\u0131n\u0131 ortadan kald\u0131r\u0131r<br>\n\n\u2022 Bas\u0131n\u00e7land\u0131rma ve tahliye i\u015flemleri boyunca daha d\u00fc\u015f\u00fck ses seviyelerinde \u00e7al\u0131\u015fabilen yeni tasar\u0131m susturucu<br>\n\n\u2022 Y\u00fcksek performans<br>\n\n\u2022 Azot gaz\u0131n\u0131n safl\u0131\u011f\u0131 ve kapasitesi m\u00fc\u015fteri gereksinimlerine uyacak bi\u00e7imde tasarlanm\u0131\u015ft\u0131r. (%95\u2019ten yakla\u015f\u0131k %99,999\u2019a kadar azot safl\u0131\u011f\u0131)<br>\n\n\u2022 Daha uzun kullan\u0131m \u00f6mr\u00fc i\u00e7in dayan\u0131kl\u0131 piston vanalar<br>\n\n\u2022 Minimum bak\u0131m maliyeti<br>\n\n\u2022 \u00c7ok d\u00fc\u015f\u00fck Hava\/Azot oranlar\u0131 ve enerji t\u00fcketimi<br>\n\n\u2022 Y\u00fcksek hassasiyete sahip sens\u00f6r teknolojileri<br>\n\n\u2022 Y\u00fcksek verimli entegre filtrasyon\t\t\t\t\t<\/p>\n\t\t\t\t\n\t\t\t<\/div>\n\t\t\t\n\t\t<\/div>\n\t\t\t\t\t\t<\/div>\n\t\t\t\t<\/div>\n\t\t\t\t<\/div>\n\t\t\t\t\t<\/div>\n\t\t\t\t<\/div>\n\t\t<div class=\"elementor-element elementor-element-7e14fb07 e-flex e-con-boxed e-con e-parent\" data-id=\"7e14fb07\" data-element_type=\"container\">\n\t\t\t\t\t<div class=\"e-con-inner\">\n\t\t<div class=\"elementor-element elementor-element-4ae3e751 e-flex e-con-boxed e-con e-child\" data-id=\"4ae3e751\" data-element_type=\"container\">\n\t\t\t\t\t<div class=\"e-con-inner\">\n\t\t<div class=\"elementor-element elementor-element-15cdd664 e-con-full e-flex e-con e-child\" data-id=\"15cdd664\" data-element_type=\"container\">\n\t\t\t\t<div class=\"elementor-element elementor-element-12868f81 elementor-view-default elementor-widget elementor-widget-icon\" data-id=\"12868f81\" data-element_type=\"widget\" data-widget_type=\"icon.default\">\n\t\t\t\t<div class=\"elementor-widget-container\">\n\t\t\t\t\t\t\t<div class=\"elementor-icon-wrapper\">\n\t\t\t<div class=\"elementor-icon\">\n\t\t\t<svg aria-hidden=\"true\" class=\"e-font-icon-svg e-fas-water\" viewBox=\"0 0 576 512\" xmlns=\"http:\/\/www.w3.org\/2000\/svg\"><path d=\"M562.1 383.9c-21.5-2.4-42.1-10.5-57.9-22.9-14.1-11.1-34.2-11.3-48.2 0-37.9 30.4-107.2 30.4-145.7-1.5-13.5-11.2-33-9.1-46.7 1.8-38 30.1-106.9 30-145.2-1.7-13.5-11.2-33.3-8.9-47.1 2-15.5 12.2-36 20.1-57.7 22.4-7.9.8-13.6 7.8-13.6 15.7v32.2c0 9.1 7.6 16.8 16.7 16 28.8-2.5 56.1-11.4 79.4-25.9 56.5 34.6 137 34.1 192 0 56.5 34.6 137 34.1 192 0 23.3 14.2 50.9 23.3 79.1 25.8 9.1.8 16.7-6.9 16.7-16v-31.6c.1-8-5.7-15.4-13.8-16.3zm0-144c-21.5-2.4-42.1-10.5-57.9-22.9-14.1-11.1-34.2-11.3-48.2 0-37.9 30.4-107.2 30.4-145.7-1.5-13.5-11.2-33-9.1-46.7 1.8-38 30.1-106.9 30-145.2-1.7-13.5-11.2-33.3-8.9-47.1 2-15.5 12.2-36 20.1-57.7 22.4-7.9.8-13.6 7.8-13.6 15.7v32.2c0 9.1 7.6 16.8 16.7 16 28.8-2.5 56.1-11.4 79.4-25.9 56.5 34.6 137 34.1 192 0 56.5 34.6 137 34.1 192 0 23.3 14.2 50.9 23.3 79.1 25.8 9.1.8 16.7-6.9 16.7-16v-31.6c.1-8-5.7-15.4-13.8-16.3zm0-144C540.6 93.4 520 85.4 504.2 73 490.1 61.9 470 61.7 456 73c-37.9 30.4-107.2 30.4-145.7-1.5-13.5-11.2-33-9.1-46.7 1.8-38 30.1-106.9 30-145.2-1.7-13.5-11.2-33.3-8.9-47.1 2-15.5 12.2-36 20.1-57.7 22.4-7.9.8-13.6 7.8-13.6 15.7v32.2c0 9.1 7.6 16.8 16.7 16 28.8-2.5 56.1-11.4 79.4-25.9 56.5 34.6 137 34.1 192 0 56.5 34.6 137 34.1 192 0 23.3 14.2 50.9 23.3 79.1 25.8 9.1.8 16.7-6.9 16.7-16v-31.6c.1-8-5.7-15.4-13.8-16.3z\"><\/path><\/svg>\t\t\t<\/div>\n\t\t<\/div>\n\t\t\t\t\t\t<\/div>\n\t\t\t\t<\/div>\n\t\t\t\t<div class=\"elementor-element elementor-element-2c5803c2 elementor-view-default elementor-widget elementor-widget-icon\" data-id=\"2c5803c2\" data-element_type=\"widget\" data-widget_type=\"icon.default\">\n\t\t\t\t<div class=\"elementor-widget-container\">\n\t\t\t\t\t\t\t<div class=\"elementor-icon-wrapper\">\n\t\t\t<div class=\"elementor-icon\">\n\t\t\t<i aria-hidden=\"true\" class=\"icon icon-arrows\"><\/i>\t\t\t<\/div>\n\t\t<\/div>\n\t\t\t\t\t\t<\/div>\n\t\t\t\t<\/div>\n\t\t\t\t<div class=\"elementor-element elementor-element-567eb0e7 elementor-view-default elementor-widget elementor-widget-icon\" data-id=\"567eb0e7\" data-element_type=\"widget\" data-widget_type=\"icon.default\">\n\t\t\t\t<div class=\"elementor-widget-container\">\n\t\t\t\t\t\t\t<div class=\"elementor-icon-wrapper\">\n\t\t\t<div class=\"elementor-icon\">\n\t\t\t<svg aria-hidden=\"true\" class=\"e-font-icon-svg e-fas-tools\" viewBox=\"0 0 512 512\" xmlns=\"http:\/\/www.w3.org\/2000\/svg\"><path d=\"M501.1 395.7L384 278.6c-23.1-23.1-57.6-27.6-85.4-13.9L192 158.1V96L64 0 0 64l96 128h62.1l106.6 106.6c-13.6 27.8-9.2 62.3 13.9 85.4l117.1 117.1c14.6 14.6 38.2 14.6 52.7 0l52.7-52.7c14.5-14.6 14.5-38.2 0-52.7zM331.7 225c28.3 0 54.9 11 74.9 31l19.4 19.4c15.8-6.9 30.8-16.5 43.8-29.5 37.1-37.1 49.7-89.3 37.9-136.7-2.2-9-13.5-12.1-20.1-5.5l-74.4 74.4-67.9-11.3L334 98.9l74.4-74.4c6.6-6.6 3.4-17.9-5.7-20.2-47.4-11.7-99.6.9-136.6 37.9-28.5 28.5-41.9 66.1-41.2 103.6l82.1 82.1c8.1-1.9 16.5-2.9 24.7-2.9zm-103.9 82l-56.7-56.7L18.7 402.8c-25 25-25 65.5 0 90.5s65.5 25 90.5 0l123.6-123.6c-7.6-19.9-9.9-41.6-5-62.7zM64 472c-13.2 0-24-10.8-24-24 0-13.3 10.7-24 24-24s24 10.7 24 24c0 13.2-10.7 24-24 24z\"><\/path><\/svg>\t\t\t<\/div>\n\t\t<\/div>\n\t\t\t\t\t\t<\/div>\n\t\t\t\t<\/div>\n\t\t\t\t<\/div>\n\t\t\t\t<div class=\"elementor-element elementor-element-22671992 elementor-widget elementor-widget-heading\" data-id=\"22671992\" data-element_type=\"widget\" data-widget_type=\"heading.default\">\n\t\t\t\t<div class=\"elementor-widget-container\">\n\t\t\t\t\t<h2 class=\"elementor-heading-title elementor-size-default\">Dalgak\u0131ran Bas\u0131n\u00e7 Sal\u0131n\u0131ml\u0131 Adsorpsiyon (PSA) tipi Azot jenerat\u00f6rlerinde kullan\u0131lan Karbon Molek\u00fcll\u00fc Elek (CMS) adsorban ile azot oksijenden ay\u0131r\u0131r ve zenginle\u015ftirir.<\/h2>\t\t\t\t<\/div>\n\t\t\t\t<\/div>\n\t\t\t\t<div class=\"elementor-element elementor-element-6fe49187 elementor-widget elementor-widget-text-editor\" data-id=\"6fe49187\" data-element_type=\"widget\" data-widget_type=\"text-editor.default\">\n\t\t\t\t<div class=\"elementor-widget-container\">\n\t\t\t\t\t\t\t\t\t<p>Karbon Molek\u00fcll\u00fc Elek (CMS), belirli bir bas\u0131n\u00e7 alt\u0131nda oksijen ve su buhar\u0131 molek\u00fcllerini adsorbe ederek nitrojenin hattan ge\u00e7mesine izin verir. Karbon Mokel\u00fcler Elek ile doldurulmu\u015f \u00e7oklu mod\u00fcller arac\u0131l\u0131\u011f\u0131yla Dalgak\u0131ran Azot Jenerat\u00f6r\u00fc kompakt bir yap\u0131ya sahiptir..<\/p><p>Temiz ve kuru hava, adsorpsiyon i\u015flemi i\u00e7in s\u0131rayla ge\u00e7i\u015f sa\u011flanacak \u015fekilde mod\u00fcllere g\u00f6nderilir. Mod\u00fcllerde bulunan Karbon Molek\u00fcler Elek (CMS), oksijen ve su buhar\u0131 molek\u00fcllerini adsorbe ederek g\u00f6zeneklerinde tutar ve azot molek\u00fcllerinin ge\u00e7i\u015fi sa\u011flan\u0131r. B\u00f6ylece azot gaz\u0131 \u00fcretilir (Safl\u0131k dereceleri kullan\u0131m alanlar\u0131na ve m\u00fc\u015fterilerin beklentilerine g\u00f6re %95-99,999 aras\u0131nda olabilmektedir.).<\/p>\t\t\t\t\t\t\t\t<\/div>\n\t\t\t\t<\/div>\n\t\t\t\t\t<\/div>\n\t\t\t\t<\/div>\n\t\t\t\t\t<\/div>\n\t\t\t\t<\/div>\n\t\t\t\t<\/div>\n\t\t","protected":false},"excerpt":{"rendered":"<p>ProAir Technologies DNG MOD Azot Jenerat\u00f6r\u00fc Avantajlar \u2022 Kompakt tasar\u0131m, tam otomatik \u00e7al\u0131\u015fma \u2022 Manifold kullan\u0131m\u0131n\u0131 ortadan kald\u0131r\u0131r \u2022 Bas\u0131n\u00e7land\u0131rma ve tahliye i\u015flemleri boyunca daha d\u00fc\u015f\u00fck ses seviyelerinde \u00e7al\u0131\u015fabilen yeni tasar\u0131m susturucu \u2022 Y\u00fcksek performans \u2022 Azot gaz\u0131n\u0131n safl\u0131\u011f\u0131 ve kapasitesi m\u00fc\u015fteri gereksinimlerine uyacak bi\u00e7imde tasarlanm\u0131\u015ft\u0131r. (%95\u2019ten yakla\u015f\u0131k %99,999\u2019a kadar azot safl\u0131\u011f\u0131) \u2022 Daha uzun [&hellip;]<\/p>\n","protected":false},"author":1,"featured_media":0,"parent":0,"menu_order":0,"comment_status":"closed","ping_status":"closed","template":"","meta":{"footnotes":""},"class_list":["post-855","page","type-page","status-publish","hentry"],"_links":{"self":[{"href":"https:\/\/proairtechnologies.com\/index.php?rest_route=\/wp\/v2\/pages\/855","targetHints":{"allow":["GET"]}}],"collection":[{"href":"https:\/\/proairtechnologies.com\/index.php?rest_route=\/wp\/v2\/pages"}],"about":[{"href":"https:\/\/proairtechnologies.com\/index.php?rest_route=\/wp\/v2\/types\/page"}],"author":[{"embeddable":true,"href":"https:\/\/proairtechnologies.com\/index.php?rest_route=\/wp\/v2\/users\/1"}],"replies":[{"embeddable":true,"href":"https:\/\/proairtechnologies.com\/index.php?rest_route=%2Fwp%2Fv2%2Fcomments&post=855"}],"version-history":[{"count":4,"href":"https:\/\/proairtechnologies.com\/index.php?rest_route=\/wp\/v2\/pages\/855\/revisions"}],"predecessor-version":[{"id":860,"href":"https:\/\/proairtechnologies.com\/index.php?rest_route=\/wp\/v2\/pages\/855\/revisions\/860"}],"wp:attachment":[{"href":"https:\/\/proairtechnologies.com\/index.php?rest_route=%2Fwp%2Fv2%2Fmedia&parent=855"}],"curies":[{"name":"wp","href":"https:\/\/api.w.org\/{rel}","templated":true}]}}