{"id":844,"date":"2025-05-18T14:29:46","date_gmt":"2025-05-18T14:29:46","guid":{"rendered":"https:\/\/proairtechnologies.com\/?page_id=844"},"modified":"2025-05-22T11:46:29","modified_gmt":"2025-05-22T11:46:29","slug":"azot-jeneratoru","status":"publish","type":"page","link":"https:\/\/proairtechnologies.com\/?page_id=844","title":{"rendered":"Azot Jenerat\u00f6r\u00fc"},"content":{"rendered":"\t\t<div data-elementor-type=\"wp-page\" data-elementor-id=\"844\" class=\"elementor elementor-844\">\n\t\t\t\t<div class=\"elementor-element elementor-element-31c77e2 e-flex e-con-boxed e-con e-parent\" data-id=\"31c77e2\" data-element_type=\"container\" data-settings=\"{&quot;background_background&quot;:&quot;classic&quot;,&quot;shape_divider_bottom&quot;:&quot;triangle&quot;}\">\n\t\t\t\t\t<div class=\"e-con-inner\">\n\t\t\t\t<div class=\"elementor-shape elementor-shape-bottom\" data-negative=\"false\">\n\t\t\t<svg xmlns=\"http:\/\/www.w3.org\/2000\/svg\" viewBox=\"0 0 1000 100\" preserveAspectRatio=\"none\">\n\t<path class=\"elementor-shape-fill\" d=\"M500,98.9L0,6.1V0h1000v6.1L500,98.9z\"\/>\n<\/svg>\t\t<\/div>\n\t\t<div class=\"elementor-element elementor-element-1ee7f53c e-flex e-con-boxed e-con e-child\" data-id=\"1ee7f53c\" data-element_type=\"container\">\n\t\t\t\t\t<div class=\"e-con-inner\">\n\t\t\t\t<div class=\"elementor-element elementor-element-3fa21d78 elementor-widget elementor-widget-heading\" data-id=\"3fa21d78\" data-element_type=\"widget\" data-widget_type=\"heading.default\">\n\t\t\t\t<div class=\"elementor-widget-container\">\n\t\t\t\t\t<h2 class=\"elementor-heading-title elementor-size-default\">ProAir\nTechnologies<\/h2>\t\t\t\t<\/div>\n\t\t\t\t<\/div>\n\t\t\t\t<div class=\"elementor-element elementor-element-30bef95b elementor-widget elementor-widget-heading\" data-id=\"30bef95b\" data-element_type=\"widget\" data-widget_type=\"heading.default\">\n\t\t\t\t<div class=\"elementor-widget-container\">\n\t\t\t\t\t<h1 class=\"elementor-heading-title elementor-size-default\">Azot Jenerat\u00f6r\u00fc<\/h1>\t\t\t\t<\/div>\n\t\t\t\t<\/div>\n\t\t\t\t\t<\/div>\n\t\t\t\t<\/div>\n\t\t\t\t\t<\/div>\n\t\t\t\t<\/div>\n\t\t<div class=\"elementor-element elementor-element-67c6715e e-flex e-con-boxed e-con e-parent\" data-id=\"67c6715e\" data-element_type=\"container\">\n\t\t\t\t\t<div class=\"e-con-inner\">\n\t\t<div class=\"elementor-element elementor-element-605ae8b8 e-con-full e-flex e-con e-child\" data-id=\"605ae8b8\" data-element_type=\"container\" data-settings=\"{&quot;background_background&quot;:&quot;classic&quot;}\">\n\t\t\t\t<\/div>\n\t\t<div class=\"elementor-element elementor-element-5ba18e43 e-con-full e-flex e-con e-child\" data-id=\"5ba18e43\" data-element_type=\"container\">\n\t\t\t\t<div class=\"elementor-element elementor-element-3c96b78b elementor-widget elementor-widget-text-editor\" data-id=\"3c96b78b\" data-element_type=\"widget\" data-widget_type=\"text-editor.default\">\n\t\t\t\t<div class=\"elementor-widget-container\">\n\t\t\t\t\t\t\t\t\tAzot jenerat\u00f6rleri veya nitrojen \u00fcretim sistemleri, nitrojen molek\u00fcllerini bas\u0131n\u00e7l\u0131 havadan ay\u0131rabilen makinelerdir. Bu nitrojen gaz\u0131 jenerat\u00f6rleri veya N2 jenerat\u00f6rleri, ideal ekipman\u0131n\u0131z i\u00e7in gerekli olan ak\u0131\u015fta %99,999&#8217;a varan safl\u0131k kapasitesine sahiptir.\n\nAzot jenerat\u00f6rleri, ihtiya\u00e7 duyuldu\u011funda tutarl\u0131 bir \u015fekilde y\u00fcksek safl\u0131kta gaz tedarikini garanti ederek, ham madde olarak havay\u0131 kullanmalar\u0131 nedeniyle daha g\u00fcvenli \u00e7al\u0131\u015fma ve daha fazla maliyet etkinli\u011fi sunar.<br>\n<br>\n\nKendi nitrojeninizi \u00fcretmek profesyonel bir se\u00e7imdir. Sahada nitrojen jenerat\u00f6r\u00fc kullanmak, d\u0131\u015far\u0131dan gaz temin edilmesinden daha uygun maliyetli, g\u00fcvenilir ve s\u00fcrd\u00fcr\u00fclebilirdir.<br>\n<br>\n<b><span style=\"color: #e85d04;\">Yetenekli m\u00fchendis ve uzmanlardan olu\u015fan Dalgak\u0131ran Kompres\u00f6r&#8217;\u00fcn, jenerat\u00f6r\u00fcn\u00fcz\u00fcn in\u015fas\u0131 ve bak\u0131m\u0131 konusunda uzmanl\u0131k sa\u011flayaca\u011f\u0131na g\u00fcvenebilirsiniz.<\/span><\/b>\t\t\t\t\t\t\t\t<\/div>\n\t\t\t\t<\/div>\n\t\t\t\t<\/div>\n\t\t\t\t\t<\/div>\n\t\t\t\t<\/div>\n\t\t\t\t<\/div>\n\t\t","protected":false},"excerpt":{"rendered":"<p>ProAir Technologies Azot Jenerat\u00f6r\u00fc Azot jenerat\u00f6rleri veya nitrojen \u00fcretim sistemleri, nitrojen molek\u00fcllerini bas\u0131n\u00e7l\u0131 havadan ay\u0131rabilen makinelerdir. Bu nitrojen gaz\u0131 jenerat\u00f6rleri veya N2 jenerat\u00f6rleri, ideal ekipman\u0131n\u0131z i\u00e7in gerekli olan ak\u0131\u015fta %99,999&#8217;a varan safl\u0131k kapasitesine sahiptir. Azot jenerat\u00f6rleri, ihtiya\u00e7 duyuldu\u011funda tutarl\u0131 bir \u015fekilde y\u00fcksek safl\u0131kta gaz tedarikini garanti ederek, ham madde olarak havay\u0131 kullanmalar\u0131 nedeniyle daha g\u00fcvenli [&hellip;]<\/p>\n","protected":false},"author":1,"featured_media":0,"parent":0,"menu_order":0,"comment_status":"closed","ping_status":"closed","template":"","meta":{"footnotes":""},"class_list":["post-844","page","type-page","status-publish","hentry"],"_links":{"self":[{"href":"https:\/\/proairtechnologies.com\/index.php?rest_route=\/wp\/v2\/pages\/844","targetHints":{"allow":["GET"]}}],"collection":[{"href":"https:\/\/proairtechnologies.com\/index.php?rest_route=\/wp\/v2\/pages"}],"about":[{"href":"https:\/\/proairtechnologies.com\/index.php?rest_route=\/wp\/v2\/types\/page"}],"author":[{"embeddable":true,"href":"https:\/\/proairtechnologies.com\/index.php?rest_route=\/wp\/v2\/users\/1"}],"replies":[{"embeddable":true,"href":"https:\/\/proairtechnologies.com\/index.php?rest_route=%2Fwp%2Fv2%2Fcomments&post=844"}],"version-history":[{"count":7,"href":"https:\/\/proairtechnologies.com\/index.php?rest_route=\/wp\/v2\/pages\/844\/revisions"}],"predecessor-version":[{"id":973,"href":"https:\/\/proairtechnologies.com\/index.php?rest_route=\/wp\/v2\/pages\/844\/revisions\/973"}],"wp:attachment":[{"href":"https:\/\/proairtechnologies.com\/index.php?rest_route=%2Fwp%2Fv2%2Fmedia&parent=844"}],"curies":[{"name":"wp","href":"https:\/\/api.w.org\/{rel}","templated":true}]}}