{"id":767,"date":"2025-05-18T13:46:00","date_gmt":"2025-05-18T13:46:00","guid":{"rendered":"https:\/\/proairtechnologies.com\/?page_id=767"},"modified":"2025-05-18T13:51:34","modified_gmt":"2025-05-18T13:51:34","slug":"filtreler","status":"publish","type":"page","link":"https:\/\/proairtechnologies.com\/?page_id=767","title":{"rendered":"Filtreler"},"content":{"rendered":"\t\t<div data-elementor-type=\"wp-page\" data-elementor-id=\"767\" class=\"elementor elementor-767\">\n\t\t\t\t<div class=\"elementor-element elementor-element-1fac92be e-flex e-con-boxed e-con e-parent\" data-id=\"1fac92be\" data-element_type=\"container\" data-settings=\"{&quot;background_background&quot;:&quot;classic&quot;,&quot;shape_divider_bottom&quot;:&quot;triangle&quot;}\">\n\t\t\t\t\t<div class=\"e-con-inner\">\n\t\t\t\t<div class=\"elementor-shape elementor-shape-bottom\" data-negative=\"false\">\n\t\t\t<svg xmlns=\"http:\/\/www.w3.org\/2000\/svg\" viewBox=\"0 0 1000 100\" preserveAspectRatio=\"none\">\n\t<path class=\"elementor-shape-fill\" d=\"M500,98.9L0,6.1V0h1000v6.1L500,98.9z\"\/>\n<\/svg>\t\t<\/div>\n\t\t<div class=\"elementor-element elementor-element-19d40763 e-flex e-con-boxed e-con e-child\" data-id=\"19d40763\" data-element_type=\"container\">\n\t\t\t\t\t<div class=\"e-con-inner\">\n\t\t\t\t<div class=\"elementor-element elementor-element-6f682d13 elementor-widget elementor-widget-heading\" data-id=\"6f682d13\" data-element_type=\"widget\" data-widget_type=\"heading.default\">\n\t\t\t\t<div class=\"elementor-widget-container\">\n\t\t\t\t\t<h2 class=\"elementor-heading-title elementor-size-default\">ProAir\nTechnologies<\/h2>\t\t\t\t<\/div>\n\t\t\t\t<\/div>\n\t\t\t\t<div class=\"elementor-element elementor-element-19ecac39 elementor-widget elementor-widget-heading\" data-id=\"19ecac39\" data-element_type=\"widget\" data-widget_type=\"heading.default\">\n\t\t\t\t<div class=\"elementor-widget-container\">\n\t\t\t\t\t<h1 class=\"elementor-heading-title elementor-size-default\">Filtreler<\/h1>\t\t\t\t<\/div>\n\t\t\t\t<\/div>\n\t\t\t\t\t<\/div>\n\t\t\t\t<\/div>\n\t\t\t\t\t<\/div>\n\t\t\t\t<\/div>\n\t\t<div class=\"elementor-element elementor-element-50c98cf3 e-flex e-con-boxed e-con e-parent\" data-id=\"50c98cf3\" data-element_type=\"container\">\n\t\t\t\t\t<div class=\"e-con-inner\">\n\t\t<div class=\"elementor-element elementor-element-2e3e18ed e-con-full e-flex e-con e-child\" data-id=\"2e3e18ed\" data-element_type=\"container\" data-settings=\"{&quot;background_background&quot;:&quot;classic&quot;}\">\n\t\t\t\t<\/div>\n\t\t<div class=\"elementor-element elementor-element-67537a01 e-con-full e-flex e-con e-child\" data-id=\"67537a01\" data-element_type=\"container\">\n\t\t\t\t<div class=\"elementor-element elementor-element-6873b1b5 elementor-widget elementor-widget-heading\" data-id=\"6873b1b5\" data-element_type=\"widget\" data-widget_type=\"heading.default\">\n\t\t\t\t<div class=\"elementor-widget-container\">\n\t\t\t\t\t<h2 class=\"elementor-heading-title elementor-size-default\">Hava sisteminizi koruyun ve iyile\u015ftirin.<\/h2>\t\t\t\t<\/div>\n\t\t\t\t<\/div>\n\t\t\t\t<div class=\"elementor-element elementor-element-6cd0542 elementor-widget elementor-widget-text-editor\" data-id=\"6cd0542\" data-element_type=\"widget\" data-widget_type=\"text-editor.default\">\n\t\t\t\t<div class=\"elementor-widget-container\">\n\t\t\t\t\t\t\t\t\t<p>Bas\u0131n\u00e7l\u0131 hava, ya\u011f damlac\u0131klar\u0131ndan kum ve toz par\u00e7ac\u0131klar\u0131na kadar \u00e7ok \u00e7e\u015fitli kirletici maddeleri i\u00e7erebilir. Ne kadar k\u00fc\u00e7\u00fck olursa olsun, bu par\u00e7ac\u0131klar a\u015fa\u011f\u0131 y\u00f6ndeki ekipman ar\u0131zalar\u0131na, \u00fcr\u00fcn kirlili\u011fine ve di\u011fer kalite sorunlar\u0131na neden olabilir. Uygulaman\u0131za ba\u011fl\u0131 olarak hava sistemi kalitesi, g\u00fcvenilirli\u011fi ve verimlilik sorunlar\u0131n\u0131 \u00f6nlemek i\u00e7in bas\u0131n\u00e7l\u0131 hava filtrelerine ihtiyac\u0131n\u0131z olabilir. Dalgak\u0131ran, her t\u00fcrl\u00fc kirletici maddeyi gidermek i\u00e7in \u00e7e\u015fitli tipte bas\u0131n\u00e7l\u0131 hava filtreleri sunar.<\/p><p>Yeni nesil filtrelerimiz, hava sisteminizi daha verimli hale getiren ve \u00e7al\u0131\u015fmas\u0131n\u0131 kolayla\u015ft\u0131ran \u00e7e\u015fitli yeniliklere sahiptir. Dalgak\u0131ran Kompres\u00f6r, her biri belirli bir tehdide kar\u015f\u0131 koymak \u00fczere tasarlanm\u0131\u015f geni\u015f bir filtre yelpazesi sunmaktad\u0131r.<\/p>\t\t\t\t\t\t\t\t<\/div>\n\t\t\t\t<\/div>\n\t\t\t\t<\/div>\n\t\t\t\t\t<\/div>\n\t\t\t\t<\/div>\n\t\t<div class=\"elementor-element elementor-element-37b26e11 e-flex e-con-boxed e-con e-parent\" data-id=\"37b26e11\" data-element_type=\"container\">\n\t\t\t\t\t<div class=\"e-con-inner\">\n\t\t<div class=\"elementor-element elementor-element-92d75cd e-flex e-con-boxed e-con e-child\" data-id=\"92d75cd\" data-element_type=\"container\">\n\t\t\t\t\t<div class=\"e-con-inner\">\n\t\t\t\t<div class=\"elementor-element elementor-element-706f9655 elementor-widget elementor-widget-heading\" data-id=\"706f9655\" data-element_type=\"widget\" data-widget_type=\"heading.default\">\n\t\t\t\t<div class=\"elementor-widget-container\">\n\t\t\t\t\t<h2 class=\"elementor-heading-title elementor-size-default\">Akl\u0131n\u0131zda bulundurman\u0131z  <span style=\"color:#E85D04;\">gereken bilgiler<\/span><\/h2>\t\t\t\t<\/div>\n\t\t\t\t<\/div>\n\t\t\t\t<div class=\"elementor-element elementor-element-56251caa elementor-widget elementor-widget-text-editor\" data-id=\"56251caa\" data-element_type=\"widget\" data-widget_type=\"text-editor.default\">\n\t\t\t\t<div class=\"elementor-widget-container\">\n\t\t\t\t\t\t\t\t\t<span style=\"color: #E85D04;\"><b>\u2713<\/b><\/span>\u00a0Bas\u0131n\u00e7l\u0131 hava filtreleri sat\u0131n al\u0131rken kalitenin \u00f6nemli oldu\u011funu unutmay\u0131n. Teknolojimize ve uzmanl\u0131\u011f\u0131m\u0131za g\u00fcvenebilirsiniz!<br>\n\n<b><span style=\"color: #E85D04;\">\u2713<\/span><\/b>\u00a0Kaliteli hava filtreleri daha temiz hava \u00fcretecektir, bu da ekipman\u0131n\u0131zla ilgili daha az sorun anlam\u0131na gelir.<br>\n\n<b><span style=\"color: #E85D04;\">\u2713<\/span><\/b>Kaliteli hava filtrelerinin bas\u0131n\u00e7 d\u00fc\u015f\u00fc\u015f\u00fc, d\u00fc\u015f\u00fck kaliteli olanlara g\u00f6re daha d\u00fc\u015f\u00fckt\u00fcr. Bu size enerji tasarrufu sa\u011flayacakt\u0131r. Sisteminizdeki her bas\u0131n\u00e7 d\u00fc\u015f\u00fc\u015f\u00fc (filtrelerden, kurutuculardan, uzun borulardan vb.), kompres\u00f6r\u00fcn\u00fcz\u00fc daha y\u00fcksek bir noktaya ayarlaman\u0131z\u0131 gerektirecek ve bu da size ekstra elektrik maliyetine neden olacakt\u0131r.<br>\n\n<b><span style=\"color: #E85D04;\">\u2713<\/span><\/b>\u00a0Zamanla filtrelerinizde toz birikecektir. T\u00fcm bu tozlar bas\u0131n\u00e7l\u0131 hava i\u00e7in ekstra bir engel olu\u015fturacakt\u0131r. Bu, filtrenizdeki bas\u0131n\u00e7 d\u00fc\u015f\u00fc\u015f\u00fcn\u00fcn zamanla daha y\u00fcksek olaca\u011f\u0131 anlam\u0131na gelir.<br>\n\n<b><span style=\"color: #E85D04;\">\u2713<\/span><\/b>\u00a0D\u00fc\u015f\u00fck kaliteli hava filtreleri, kaliteli hava filtrelerine g\u00f6re daha \u00e7abuk t\u0131kan\u0131r. Bu nedenle, daha s\u0131k yeni filtre sat\u0131n alman\u0131z gerekir. Ancak bu ayn\u0131 zamanda d\u00fc\u015f\u00fck maliyetli hava filtreleriyle filtrenizdeki bas\u0131n\u00e7 d\u00fc\u015f\u00fc\u015f\u00fcn\u00fcn daha y\u00fcksek ve daha h\u0131zl\u0131 olmas\u0131na da sebep olur.\t\t\t\t\t\t\t\t<\/div>\n\t\t\t\t<\/div>\n\t\t\t\t\t<\/div>\n\t\t\t\t<\/div>\n\t\t\t\t\t<\/div>\n\t\t\t\t<\/div>\n\t\t\t\t<\/div>\n\t\t","protected":false},"excerpt":{"rendered":"<p>ProAir Technologies Filtreler Hava sisteminizi koruyun ve iyile\u015ftirin. Bas\u0131n\u00e7l\u0131 hava, ya\u011f damlac\u0131klar\u0131ndan kum ve toz par\u00e7ac\u0131klar\u0131na kadar \u00e7ok \u00e7e\u015fitli kirletici maddeleri i\u00e7erebilir. Ne kadar k\u00fc\u00e7\u00fck olursa olsun, bu par\u00e7ac\u0131klar a\u015fa\u011f\u0131 y\u00f6ndeki ekipman ar\u0131zalar\u0131na, \u00fcr\u00fcn kirlili\u011fine ve di\u011fer kalite sorunlar\u0131na neden olabilir. Uygulaman\u0131za ba\u011fl\u0131 olarak hava sistemi kalitesi, g\u00fcvenilirli\u011fi ve verimlilik sorunlar\u0131n\u0131 \u00f6nlemek i\u00e7in bas\u0131n\u00e7l\u0131 hava [&hellip;]<\/p>\n","protected":false},"author":1,"featured_media":0,"parent":0,"menu_order":0,"comment_status":"closed","ping_status":"closed","template":"","meta":{"footnotes":""},"class_list":["post-767","page","type-page","status-publish","hentry"],"_links":{"self":[{"href":"https:\/\/proairtechnologies.com\/index.php?rest_route=\/wp\/v2\/pages\/767","targetHints":{"allow":["GET"]}}],"collection":[{"href":"https:\/\/proairtechnologies.com\/index.php?rest_route=\/wp\/v2\/pages"}],"about":[{"href":"https:\/\/proairtechnologies.com\/index.php?rest_route=\/wp\/v2\/types\/page"}],"author":[{"embeddable":true,"href":"https:\/\/proairtechnologies.com\/index.php?rest_route=\/wp\/v2\/users\/1"}],"replies":[{"embeddable":true,"href":"https:\/\/proairtechnologies.com\/index.php?rest_route=%2Fwp%2Fv2%2Fcomments&post=767"}],"version-history":[{"count":10,"href":"https:\/\/proairtechnologies.com\/index.php?rest_route=\/wp\/v2\/pages\/767\/revisions"}],"predecessor-version":[{"id":787,"href":"https:\/\/proairtechnologies.com\/index.php?rest_route=\/wp\/v2\/pages\/767\/revisions\/787"}],"wp:attachment":[{"href":"https:\/\/proairtechnologies.com\/index.php?rest_route=%2Fwp%2Fv2%2Fmedia&parent=767"}],"curies":[{"name":"wp","href":"https:\/\/api.w.org\/{rel}","templated":true}]}}