{"id":716,"date":"2025-05-18T13:20:22","date_gmt":"2025-05-18T13:20:22","guid":{"rendered":"https:\/\/proairtechnologies.com\/?page_id=716"},"modified":"2025-05-18T13:21:49","modified_gmt":"2025-05-18T13:21:49","slug":"da-isitmasiz-kimyasal-basincli-hava-kurutuculari","status":"publish","type":"page","link":"https:\/\/proairtechnologies.com\/?page_id=716","title":{"rendered":"DA Is\u0131tmas\u0131z Kimyasal Bas\u0131n\u00e7l\u0131 Hava Kurutucular\u0131"},"content":{"rendered":"\t\t<div data-elementor-type=\"wp-page\" data-elementor-id=\"716\" class=\"elementor elementor-716\">\n\t\t\t\t<div class=\"elementor-element elementor-element-75d7db80 e-flex e-con-boxed e-con e-parent\" data-id=\"75d7db80\" data-element_type=\"container\" data-settings=\"{&quot;background_background&quot;:&quot;classic&quot;,&quot;shape_divider_bottom&quot;:&quot;triangle&quot;}\">\n\t\t\t\t\t<div class=\"e-con-inner\">\n\t\t\t\t<div class=\"elementor-shape elementor-shape-bottom\" data-negative=\"false\">\n\t\t\t<svg xmlns=\"http:\/\/www.w3.org\/2000\/svg\" viewBox=\"0 0 1000 100\" preserveAspectRatio=\"none\">\n\t<path class=\"elementor-shape-fill\" d=\"M500,98.9L0,6.1V0h1000v6.1L500,98.9z\"\/>\n<\/svg>\t\t<\/div>\n\t\t<div class=\"elementor-element elementor-element-3c001bc4 e-flex e-con-boxed e-con e-child\" data-id=\"3c001bc4\" data-element_type=\"container\">\n\t\t\t\t\t<div class=\"e-con-inner\">\n\t\t\t\t<div class=\"elementor-element elementor-element-6e3e4de4 elementor-widget elementor-widget-heading\" data-id=\"6e3e4de4\" data-element_type=\"widget\" data-widget_type=\"heading.default\">\n\t\t\t\t<div class=\"elementor-widget-container\">\n\t\t\t\t\t<h2 class=\"elementor-heading-title elementor-size-default\">ProAir\nTechnologies<\/h2>\t\t\t\t<\/div>\n\t\t\t\t<\/div>\n\t\t\t\t<div class=\"elementor-element elementor-element-1fb9586c elementor-widget elementor-widget-heading\" data-id=\"1fb9586c\" data-element_type=\"widget\" data-widget_type=\"heading.default\">\n\t\t\t\t<div class=\"elementor-widget-container\">\n\t\t\t\t\t<h1 class=\"elementor-heading-title elementor-size-default\">DA Is\u0131tmas\u0131z Kimyasal Bas\u0131n\u00e7l\u0131 Hava Kurutucular\u0131<\/h1>\t\t\t\t<\/div>\n\t\t\t\t<\/div>\n\t\t\t\t\t<\/div>\n\t\t\t\t<\/div>\n\t\t\t\t\t<\/div>\n\t\t\t\t<\/div>\n\t\t<div class=\"elementor-element elementor-element-3deb533 e-flex e-con-boxed e-con e-parent\" data-id=\"3deb533\" data-element_type=\"container\">\n\t\t\t\t\t<div class=\"e-con-inner\">\n\t\t<div class=\"elementor-element elementor-element-f677cc e-con-full e-flex e-con e-child\" data-id=\"f677cc\" data-element_type=\"container\" data-settings=\"{&quot;background_background&quot;:&quot;classic&quot;}\">\n\t\t\t\t<\/div>\n\t\t<div class=\"elementor-element elementor-element-71ee9177 e-con-full e-flex e-con e-child\" data-id=\"71ee9177\" data-element_type=\"container\">\n\t\t\t\t<div class=\"elementor-element elementor-element-1fa31071 elementor-view-stacked elementor-shape-rounded elementor-position-left elementor-mobile-position-top elementor-vertical-align-top elementor-widget elementor-widget-icon-box\" data-id=\"1fa31071\" data-element_type=\"widget\" data-widget_type=\"icon-box.default\">\n\t\t\t\t<div class=\"elementor-widget-container\">\n\t\t\t\t\t\t\t<div class=\"elementor-icon-box-wrapper\">\n\n\t\t\t\t\t\t<div class=\"elementor-icon-box-icon\">\n\t\t\t\t<span  class=\"elementor-icon\">\n\t\t\t\t<svg aria-hidden=\"true\" class=\"e-font-icon-svg e-far-star\" viewBox=\"0 0 576 512\" xmlns=\"http:\/\/www.w3.org\/2000\/svg\"><path d=\"M528.1 171.5L382 150.2 316.7 17.8c-11.7-23.6-45.6-23.9-57.4 0L194 150.2 47.9 171.5c-26.2 3.8-36.7 36.1-17.7 54.6l105.7 103-25 145.5c-4.5 26.3 23.2 46 46.4 33.7L288 439.6l130.7 68.7c23.2 12.2 50.9-7.4 46.4-33.7l-25-145.5 105.7-103c19-18.5 8.5-50.8-17.7-54.6zM388.6 312.3l23.7 138.4L288 385.4l-124.3 65.3 23.7-138.4-100.6-98 139-20.2 62.2-126 62.2 126 139 20.2-100.6 98z\"><\/path><\/svg>\t\t\t\t<\/span>\n\t\t\t<\/div>\n\t\t\t\n\t\t\t\t\t\t<div class=\"elementor-icon-box-content\">\n\n\t\t\t\t\t\t\t\t\t<h3 class=\"elementor-icon-box-title\">\n\t\t\t\t\t\t<span  >\n\t\t\t\t\t\t\tGenel \u00d6zellikler\t\t\t\t\t\t<\/span>\n\t\t\t\t\t<\/h3>\n\t\t\t\t\n\t\t\t\t\t\t\t\t\t<p class=\"elementor-icon-box-description\">\n\t\t\t\t\t\t\u2022 Kesintisiz ve kusursuz \u00e7al\u0131\u015fma imk\u00e2n\u0131<BR>\n\n\u2022 -40\u00b0C (-70\u00b0C opsiyonel) bas\u0131n\u00e7l\u0131 \u00e7iylenme noktas\u0131<BR>\n\n\u2022 Opsiyonel \u00e7iylenme noktas\u0131 izleme ve kontrol<BR>\n\n\u2022 16 ve 40 bar \u00e7al\u0131\u015ft\u0131rma opsiyonlar\u0131<BR>\n\n\u2022 Sabit \u00e7iylenme noktas\u0131<BR>\n\n\u2022 Pratik kontrol paneli<BR>\n\n\u2022 Dokunmatik ekranl\u0131 arayu\u0308z<BR>\n\n\u2022 Kullan\u0131c\u0131 dostu<BR>\n\n\u2022 Farkl\u0131 dil se\u00e7enekleri<BR>\t\t\t\t\t<\/p>\n\t\t\t\t\n\t\t\t<\/div>\n\t\t\t\n\t\t<\/div>\n\t\t\t\t\t\t<\/div>\n\t\t\t\t<\/div>\n\t\t\t\t<\/div>\n\t\t\t\t\t<\/div>\n\t\t\t\t<\/div>\n\t\t<div class=\"elementor-element elementor-element-250bfbaa e-flex e-con-boxed e-con e-parent\" data-id=\"250bfbaa\" data-element_type=\"container\">\n\t\t\t\t\t<div class=\"e-con-inner\">\n\t\t<div class=\"elementor-element elementor-element-22ab8dfa e-flex e-con-boxed e-con e-child\" data-id=\"22ab8dfa\" data-element_type=\"container\">\n\t\t\t\t\t<div class=\"e-con-inner\">\n\t\t<div class=\"elementor-element elementor-element-106a3b6d e-con-full e-flex e-con e-child\" data-id=\"106a3b6d\" data-element_type=\"container\">\n\t\t\t\t<div class=\"elementor-element elementor-element-3d19c574 elementor-view-default elementor-widget elementor-widget-icon\" data-id=\"3d19c574\" data-element_type=\"widget\" data-widget_type=\"icon.default\">\n\t\t\t\t<div class=\"elementor-widget-container\">\n\t\t\t\t\t\t\t<div class=\"elementor-icon-wrapper\">\n\t\t\t<div class=\"elementor-icon\">\n\t\t\t<svg aria-hidden=\"true\" class=\"e-font-icon-svg e-fas-spray-can\" viewBox=\"0 0 512 512\" xmlns=\"http:\/\/www.w3.org\/2000\/svg\"><path d=\"M224 32c0-17.67-14.33-32-32-32h-64c-17.67 0-32 14.33-32 32v96h128V32zm256 96c-17.67 0-32 14.33-32 32s14.33 32 32 32 32-14.33 32-32-14.33-32-32-32zm-256 32H96c-53.02 0-96 42.98-96 96v224c0 17.67 14.33 32 32 32h256c17.67 0 32-14.33 32-32V256c0-53.02-42.98-96-96-96zm-64 256c-44.18 0-80-35.82-80-80s35.82-80 80-80 80 35.82 80 80-35.82 80-80 80zM480 96c17.67 0 32-14.33 32-32s-14.33-32-32-32-32 14.33-32 32 14.33 32 32 32zm-96 32c-17.67 0-32 14.33-32 32s14.33 32 32 32 32-14.33 32-32-14.33-32-32-32zm-96-96c-17.67 0-32 14.33-32 32s14.33 32 32 32 32-14.33 32-32-14.33-32-32-32zm96 0c-17.67 0-32 14.33-32 32s14.33 32 32 32 32-14.33 32-32-14.33-32-32-32zm96 192c-17.67 0-32 14.33-32 32s14.33 32 32 32 32-14.33 32-32-14.33-32-32-32z\"><\/path><\/svg>\t\t\t<\/div>\n\t\t<\/div>\n\t\t\t\t\t\t<\/div>\n\t\t\t\t<\/div>\n\t\t\t\t<div class=\"elementor-element elementor-element-4648ffa elementor-view-default elementor-widget elementor-widget-icon\" data-id=\"4648ffa\" data-element_type=\"widget\" data-widget_type=\"icon.default\">\n\t\t\t\t<div class=\"elementor-widget-container\">\n\t\t\t\t\t\t\t<div class=\"elementor-icon-wrapper\">\n\t\t\t<div class=\"elementor-icon\">\n\t\t\t<svg aria-hidden=\"true\" class=\"e-font-icon-svg e-fas-water\" viewBox=\"0 0 576 512\" xmlns=\"http:\/\/www.w3.org\/2000\/svg\"><path d=\"M562.1 383.9c-21.5-2.4-42.1-10.5-57.9-22.9-14.1-11.1-34.2-11.3-48.2 0-37.9 30.4-107.2 30.4-145.7-1.5-13.5-11.2-33-9.1-46.7 1.8-38 30.1-106.9 30-145.2-1.7-13.5-11.2-33.3-8.9-47.1 2-15.5 12.2-36 20.1-57.7 22.4-7.9.8-13.6 7.8-13.6 15.7v32.2c0 9.1 7.6 16.8 16.7 16 28.8-2.5 56.1-11.4 79.4-25.9 56.5 34.6 137 34.1 192 0 56.5 34.6 137 34.1 192 0 23.3 14.2 50.9 23.3 79.1 25.8 9.1.8 16.7-6.9 16.7-16v-31.6c.1-8-5.7-15.4-13.8-16.3zm0-144c-21.5-2.4-42.1-10.5-57.9-22.9-14.1-11.1-34.2-11.3-48.2 0-37.9 30.4-107.2 30.4-145.7-1.5-13.5-11.2-33-9.1-46.7 1.8-38 30.1-106.9 30-145.2-1.7-13.5-11.2-33.3-8.9-47.1 2-15.5 12.2-36 20.1-57.7 22.4-7.9.8-13.6 7.8-13.6 15.7v32.2c0 9.1 7.6 16.8 16.7 16 28.8-2.5 56.1-11.4 79.4-25.9 56.5 34.6 137 34.1 192 0 56.5 34.6 137 34.1 192 0 23.3 14.2 50.9 23.3 79.1 25.8 9.1.8 16.7-6.9 16.7-16v-31.6c.1-8-5.7-15.4-13.8-16.3zm0-144C540.6 93.4 520 85.4 504.2 73 490.1 61.9 470 61.7 456 73c-37.9 30.4-107.2 30.4-145.7-1.5-13.5-11.2-33-9.1-46.7 1.8-38 30.1-106.9 30-145.2-1.7-13.5-11.2-33.3-8.9-47.1 2-15.5 12.2-36 20.1-57.7 22.4-7.9.8-13.6 7.8-13.6 15.7v32.2c0 9.1 7.6 16.8 16.7 16 28.8-2.5 56.1-11.4 79.4-25.9 56.5 34.6 137 34.1 192 0 56.5 34.6 137 34.1 192 0 23.3 14.2 50.9 23.3 79.1 25.8 9.1.8 16.7-6.9 16.7-16v-31.6c.1-8-5.7-15.4-13.8-16.3z\"><\/path><\/svg>\t\t\t<\/div>\n\t\t<\/div>\n\t\t\t\t\t\t<\/div>\n\t\t\t\t<\/div>\n\t\t\t\t<div class=\"elementor-element elementor-element-7a93422d elementor-view-default elementor-widget elementor-widget-icon\" data-id=\"7a93422d\" data-element_type=\"widget\" data-widget_type=\"icon.default\">\n\t\t\t\t<div class=\"elementor-widget-container\">\n\t\t\t\t\t\t\t<div class=\"elementor-icon-wrapper\">\n\t\t\t<div class=\"elementor-icon\">\n\t\t\t<svg aria-hidden=\"true\" class=\"e-font-icon-svg e-fas-wind\" viewBox=\"0 0 512 512\" xmlns=\"http:\/\/www.w3.org\/2000\/svg\"><path d=\"M156.7 256H16c-8.8 0-16 7.2-16 16v32c0 8.8 7.2 16 16 16h142.2c15.9 0 30.8 10.9 33.4 26.6 3.3 20-12.1 37.4-31.6 37.4-14.1 0-26.1-9.2-30.4-21.9-2.1-6.3-8.6-10.1-15.2-10.1H81.6c-9.8 0-17.7 8.8-15.9 18.4 8.6 44.1 47.6 77.6 94.2 77.6 57.1 0 102.7-50.1 95.2-108.6C249 291 205.4 256 156.7 256zM16 224h336c59.7 0 106.8-54.8 93.8-116.7-7.6-36.2-36.9-65.5-73.1-73.1-55.4-11.6-105.1 24.9-114.9 75.5-1.9 9.6 6.1 18.3 15.8 18.3h32.8c6.7 0 13.1-3.8 15.2-10.1C325.9 105.2 337.9 96 352 96c19.4 0 34.9 17.4 31.6 37.4-2.6 15.7-17.4 26.6-33.4 26.6H16c-8.8 0-16 7.2-16 16v32c0 8.8 7.2 16 16 16zm384 32H243.7c19.3 16.6 33.2 38.8 39.8 64H400c26.5 0 48 21.5 48 48s-21.5 48-48 48c-17.9 0-33.3-9.9-41.6-24.4-2.9-5-8.7-7.6-14.5-7.6h-33.8c-10.9 0-19 10.8-15.3 21.1 17.8 50.6 70.5 84.8 129.4 72.3 41.2-8.7 75.1-41.6 84.7-82.7C526 321.5 470.5 256 400 256z\"><\/path><\/svg>\t\t\t<\/div>\n\t\t<\/div>\n\t\t\t\t\t\t<\/div>\n\t\t\t\t<\/div>\n\t\t\t\t<div class=\"elementor-element elementor-element-c7b1de9 elementor-view-default elementor-widget elementor-widget-icon\" data-id=\"c7b1de9\" data-element_type=\"widget\" data-widget_type=\"icon.default\">\n\t\t\t\t<div class=\"elementor-widget-container\">\n\t\t\t\t\t\t\t<div class=\"elementor-icon-wrapper\">\n\t\t\t<div class=\"elementor-icon\">\n\t\t\t<i aria-hidden=\"true\" class=\"icon icon-arrows\"><\/i>\t\t\t<\/div>\n\t\t<\/div>\n\t\t\t\t\t\t<\/div>\n\t\t\t\t<\/div>\n\t\t\t\t<div class=\"elementor-element elementor-element-300f24a3 elementor-view-default elementor-widget elementor-widget-icon\" data-id=\"300f24a3\" data-element_type=\"widget\" data-widget_type=\"icon.default\">\n\t\t\t\t<div class=\"elementor-widget-container\">\n\t\t\t\t\t\t\t<div class=\"elementor-icon-wrapper\">\n\t\t\t<div class=\"elementor-icon\">\n\t\t\t<svg aria-hidden=\"true\" class=\"e-font-icon-svg e-fas-tools\" viewBox=\"0 0 512 512\" xmlns=\"http:\/\/www.w3.org\/2000\/svg\"><path d=\"M501.1 395.7L384 278.6c-23.1-23.1-57.6-27.6-85.4-13.9L192 158.1V96L64 0 0 64l96 128h62.1l106.6 106.6c-13.6 27.8-9.2 62.3 13.9 85.4l117.1 117.1c14.6 14.6 38.2 14.6 52.7 0l52.7-52.7c14.5-14.6 14.5-38.2 0-52.7zM331.7 225c28.3 0 54.9 11 74.9 31l19.4 19.4c15.8-6.9 30.8-16.5 43.8-29.5 37.1-37.1 49.7-89.3 37.9-136.7-2.2-9-13.5-12.1-20.1-5.5l-74.4 74.4-67.9-11.3L334 98.9l74.4-74.4c6.6-6.6 3.4-17.9-5.7-20.2-47.4-11.7-99.6.9-136.6 37.9-28.5 28.5-41.9 66.1-41.2 103.6l82.1 82.1c8.1-1.9 16.5-2.9 24.7-2.9zm-103.9 82l-56.7-56.7L18.7 402.8c-25 25-25 65.5 0 90.5s65.5 25 90.5 0l123.6-123.6c-7.6-19.9-9.9-41.6-5-62.7zM64 472c-13.2 0-24-10.8-24-24 0-13.3 10.7-24 24-24s24 10.7 24 24c0 13.2-10.7 24-24 24z\"><\/path><\/svg>\t\t\t<\/div>\n\t\t<\/div>\n\t\t\t\t\t\t<\/div>\n\t\t\t\t<\/div>\n\t\t\t\t<\/div>\n\t\t\t\t<div class=\"elementor-element elementor-element-5876d898 elementor-widget elementor-widget-heading\" data-id=\"5876d898\" data-element_type=\"widget\" data-widget_type=\"heading.default\">\n\t\t\t\t<div class=\"elementor-widget-container\">\n\t\t\t\t\t<h2 class=\"elementor-heading-title elementor-size-default\">Kritik uygulamalar i\u00e7in temiz ve \u00e7ok kuru hava sa\u011flamak u\u0308zere tasarlanm\u0131\u015ft\u0131r.<\/h2>\t\t\t\t<\/div>\n\t\t\t\t<\/div>\n\t\t\t\t<div class=\"elementor-element elementor-element-6930339b elementor-widget elementor-widget-text-editor\" data-id=\"6930339b\" data-element_type=\"widget\" data-widget_type=\"text-editor.default\">\n\t\t\t\t<div class=\"elementor-widget-container\">\n\t\t\t\t\t\t\t\t\t<p>-40\u00b0C (-70\u00b0C opsiyonel) sabit \u00e7iylenme noktas\u0131na sahiptirler.\u00a0Hava ak\u0131\u015f\u0131n\u0131 temiz tutmak ve tanklar\u0131n i\u00e7indeki kimyasal kar\u0131\u015f\u0131m\u0131 korumak i\u00e7in giri\u015f ve \u00e7\u0131k\u0131\u015f hat filtreleri ile birlikte gelmektedir.<\/p>\t\t\t\t\t\t\t\t<\/div>\n\t\t\t\t<\/div>\n\t\t\t\t\t<\/div>\n\t\t\t\t<\/div>\n\t\t\t\t\t<\/div>\n\t\t\t\t<\/div>\n\t\t\t\t<\/div>\n\t\t","protected":false},"excerpt":{"rendered":"<p>ProAir Technologies DA Is\u0131tmas\u0131z Kimyasal Bas\u0131n\u00e7l\u0131 Hava Kurutucular\u0131 Genel \u00d6zellikler \u2022 Kesintisiz ve kusursuz \u00e7al\u0131\u015fma imk\u00e2n\u0131 \u2022 -40\u00b0C (-70\u00b0C opsiyonel) bas\u0131n\u00e7l\u0131 \u00e7iylenme noktas\u0131 \u2022 Opsiyonel \u00e7iylenme noktas\u0131 izleme ve kontrol \u2022 16 ve 40 bar \u00e7al\u0131\u015ft\u0131rma opsiyonlar\u0131 \u2022 Sabit \u00e7iylenme noktas\u0131 \u2022 Pratik kontrol paneli \u2022 Dokunmatik ekranl\u0131 arayu\u0308z \u2022 Kullan\u0131c\u0131 dostu \u2022 Farkl\u0131 dil [&hellip;]<\/p>\n","protected":false},"author":1,"featured_media":0,"parent":0,"menu_order":0,"comment_status":"closed","ping_status":"closed","template":"","meta":{"footnotes":""},"class_list":["post-716","page","type-page","status-publish","hentry"],"_links":{"self":[{"href":"https:\/\/proairtechnologies.com\/index.php?rest_route=\/wp\/v2\/pages\/716","targetHints":{"allow":["GET"]}}],"collection":[{"href":"https:\/\/proairtechnologies.com\/index.php?rest_route=\/wp\/v2\/pages"}],"about":[{"href":"https:\/\/proairtechnologies.com\/index.php?rest_route=\/wp\/v2\/types\/page"}],"author":[{"embeddable":true,"href":"https:\/\/proairtechnologies.com\/index.php?rest_route=\/wp\/v2\/users\/1"}],"replies":[{"embeddable":true,"href":"https:\/\/proairtechnologies.com\/index.php?rest_route=%2Fwp%2Fv2%2Fcomments&post=716"}],"version-history":[{"count":3,"href":"https:\/\/proairtechnologies.com\/index.php?rest_route=\/wp\/v2\/pages\/716\/revisions"}],"predecessor-version":[{"id":720,"href":"https:\/\/proairtechnologies.com\/index.php?rest_route=\/wp\/v2\/pages\/716\/revisions\/720"}],"wp:attachment":[{"href":"https:\/\/proairtechnologies.com\/index.php?rest_route=%2Fwp%2Fv2%2Fmedia&parent=716"}],"curies":[{"name":"wp","href":"https:\/\/api.w.org\/{rel}","templated":true}]}}