{"id":687,"date":"2025-05-08T20:33:48","date_gmt":"2025-05-08T20:33:48","guid":{"rendered":"https:\/\/proairtechnologies.com\/?page_id=687"},"modified":"2025-05-22T11:54:49","modified_gmt":"2025-05-22T11:54:49","slug":"drc-sogutmali-tip-termal-kutleli-hava-kurutuculari","status":"publish","type":"page","link":"https:\/\/proairtechnologies.com\/?page_id=687","title":{"rendered":"DRC So\u011futmal\u0131 Tip Termal K\u00fctleli Hava Kurutucular\u0131"},"content":{"rendered":"\t\t<div data-elementor-type=\"wp-page\" data-elementor-id=\"687\" class=\"elementor elementor-687\">\n\t\t\t\t<div class=\"elementor-element elementor-element-4f147018 e-flex e-con-boxed e-con e-parent\" data-id=\"4f147018\" data-element_type=\"container\" data-settings=\"{&quot;background_background&quot;:&quot;classic&quot;,&quot;shape_divider_bottom&quot;:&quot;triangle&quot;}\">\n\t\t\t\t\t<div class=\"e-con-inner\">\n\t\t\t\t<div class=\"elementor-shape elementor-shape-bottom\" data-negative=\"false\">\n\t\t\t<svg xmlns=\"http:\/\/www.w3.org\/2000\/svg\" viewBox=\"0 0 1000 100\" preserveAspectRatio=\"none\">\n\t<path class=\"elementor-shape-fill\" d=\"M500,98.9L0,6.1V0h1000v6.1L500,98.9z\"\/>\n<\/svg>\t\t<\/div>\n\t\t<div class=\"elementor-element elementor-element-27ad52fa e-flex e-con-boxed e-con e-child\" data-id=\"27ad52fa\" data-element_type=\"container\">\n\t\t\t\t\t<div class=\"e-con-inner\">\n\t\t\t\t<div class=\"elementor-element elementor-element-556ae075 elementor-widget elementor-widget-heading\" data-id=\"556ae075\" data-element_type=\"widget\" data-widget_type=\"heading.default\">\n\t\t\t\t<div class=\"elementor-widget-container\">\n\t\t\t\t\t<h2 class=\"elementor-heading-title elementor-size-default\">ProAir\nTechnologies<\/h2>\t\t\t\t<\/div>\n\t\t\t\t<\/div>\n\t\t\t\t<div class=\"elementor-element elementor-element-2c70c7a elementor-widget elementor-widget-heading\" data-id=\"2c70c7a\" data-element_type=\"widget\" data-widget_type=\"heading.default\">\n\t\t\t\t<div class=\"elementor-widget-container\">\n\t\t\t\t\t<h1 class=\"elementor-heading-title elementor-size-default\">DRC So\u011futmal\u0131 Tip Termal K\u00fctleli Hava Kurutucular\u0131<\/h1>\t\t\t\t<\/div>\n\t\t\t\t<\/div>\n\t\t\t\t\t<\/div>\n\t\t\t\t<\/div>\n\t\t\t\t\t<\/div>\n\t\t\t\t<\/div>\n\t\t<div class=\"elementor-element elementor-element-26e95526 e-flex e-con-boxed e-con e-parent\" data-id=\"26e95526\" data-element_type=\"container\">\n\t\t\t\t\t<div class=\"e-con-inner\">\n\t\t<div class=\"elementor-element elementor-element-3cc74163 e-con-full e-flex e-con e-child\" data-id=\"3cc74163\" data-element_type=\"container\" data-settings=\"{&quot;background_background&quot;:&quot;classic&quot;}\">\n\t\t\t\t<\/div>\n\t\t<div class=\"elementor-element elementor-element-4fb9102f e-con-full e-flex e-con e-child\" data-id=\"4fb9102f\" data-element_type=\"container\">\n\t\t\t\t<div class=\"elementor-element elementor-element-75f21414 elementor-view-stacked elementor-shape-rounded elementor-position-left elementor-mobile-position-top elementor-vertical-align-top elementor-widget elementor-widget-icon-box\" data-id=\"75f21414\" data-element_type=\"widget\" data-widget_type=\"icon-box.default\">\n\t\t\t\t<div class=\"elementor-widget-container\">\n\t\t\t\t\t\t\t<div class=\"elementor-icon-box-wrapper\">\n\n\t\t\t\t\t\t<div class=\"elementor-icon-box-icon\">\n\t\t\t\t<span  class=\"elementor-icon\">\n\t\t\t\t<svg aria-hidden=\"true\" class=\"e-font-icon-svg e-far-star\" viewBox=\"0 0 576 512\" xmlns=\"http:\/\/www.w3.org\/2000\/svg\"><path d=\"M528.1 171.5L382 150.2 316.7 17.8c-11.7-23.6-45.6-23.9-57.4 0L194 150.2 47.9 171.5c-26.2 3.8-36.7 36.1-17.7 54.6l105.7 103-25 145.5c-4.5 26.3 23.2 46 46.4 33.7L288 439.6l130.7 68.7c23.2 12.2 50.9-7.4 46.4-33.7l-25-145.5 105.7-103c19-18.5 8.5-50.8-17.7-54.6zM388.6 312.3l23.7 138.4L288 385.4l-124.3 65.3 23.7-138.4-100.6-98 139-20.2 62.2-126 62.2 126 139 20.2-100.6 98z\"><\/path><\/svg>\t\t\t\t<\/span>\n\t\t\t<\/div>\n\t\t\t\n\t\t\t\t\t\t<div class=\"elementor-icon-box-content\">\n\n\t\t\t\t\t\t\t\t\t<h3 class=\"elementor-icon-box-title\">\n\t\t\t\t\t\t<span  >\n\t\t\t\t\t\t\tGenel \u00d6zellikler\t\t\t\t\t\t<\/span>\n\t\t\t\t\t<\/h3>\n\t\t\t\t\n\t\t\t\t\t\t\t\t\t<p class=\"elementor-icon-box-description\">\n\t\t\t\t\t\t\u2022 Kapasite konrollu\u0308 enerji tasarrufu <br>\n\n\u2022 3\u00b0C \u00e7iylenme noktas\u0131 s\u0131cakl\u0131\u011f\u0131 <br>\n\n\u2022 \u00c7ok du\u0308\u015fu\u0308k bas\u0131n\u00e7 du\u0308\u015fu\u0308mu\u0308 <br>\n\n\u2022 Tropik ko\u015fullara uyumlu <br>\n\n\u2022 \u00c7evre dostu R513a so\u011futma s\u0131v\u0131s\u0131 <br>\n\n\u2022 Bu\u0308yu\u0308k boyutlu kondenser <br>\n\n\u2022 60\u00b0C giri\u015f s\u0131cakl\u0131\u011f\u0131 ve 50\u00b0C ortam s\u0131cakl\u0131\u011f\u0131nda \u00e7al\u0131\u015fma <br>\n\n\u2022 Paslanmaz \u00e7elik bile\u015fenler <br>\n\n\u2022 Yu\u0308ksek verimlilik <br>\t\t\t\t\t<\/p>\n\t\t\t\t\n\t\t\t<\/div>\n\t\t\t\n\t\t<\/div>\n\t\t\t\t\t\t<\/div>\n\t\t\t\t<\/div>\n\t\t\t\t<\/div>\n\t\t\t\t\t<\/div>\n\t\t\t\t<\/div>\n\t\t<div class=\"elementor-element elementor-element-2daca124 e-flex e-con-boxed e-con e-parent\" data-id=\"2daca124\" data-element_type=\"container\">\n\t\t\t\t\t<div class=\"e-con-inner\">\n\t\t<div class=\"elementor-element elementor-element-18be296f e-flex e-con-boxed e-con e-child\" data-id=\"18be296f\" data-element_type=\"container\">\n\t\t\t\t\t<div class=\"e-con-inner\">\n\t\t<div class=\"elementor-element elementor-element-109005f3 e-con-full e-flex e-con e-child\" data-id=\"109005f3\" data-element_type=\"container\">\n\t\t\t\t<div class=\"elementor-element elementor-element-4e61e78d elementor-view-default elementor-widget elementor-widget-icon\" data-id=\"4e61e78d\" data-element_type=\"widget\" data-widget_type=\"icon.default\">\n\t\t\t\t<div class=\"elementor-widget-container\">\n\t\t\t\t\t\t\t<div class=\"elementor-icon-wrapper\">\n\t\t\t<div class=\"elementor-icon\">\n\t\t\t<svg aria-hidden=\"true\" class=\"e-font-icon-svg e-fas-spray-can\" viewBox=\"0 0 512 512\" xmlns=\"http:\/\/www.w3.org\/2000\/svg\"><path d=\"M224 32c0-17.67-14.33-32-32-32h-64c-17.67 0-32 14.33-32 32v96h128V32zm256 96c-17.67 0-32 14.33-32 32s14.33 32 32 32 32-14.33 32-32-14.33-32-32-32zm-256 32H96c-53.02 0-96 42.98-96 96v224c0 17.67 14.33 32 32 32h256c17.67 0 32-14.33 32-32V256c0-53.02-42.98-96-96-96zm-64 256c-44.18 0-80-35.82-80-80s35.82-80 80-80 80 35.82 80 80-35.82 80-80 80zM480 96c17.67 0 32-14.33 32-32s-14.33-32-32-32-32 14.33-32 32 14.33 32 32 32zm-96 32c-17.67 0-32 14.33-32 32s14.33 32 32 32 32-14.33 32-32-14.33-32-32-32zm-96-96c-17.67 0-32 14.33-32 32s14.33 32 32 32 32-14.33 32-32-14.33-32-32-32zm96 0c-17.67 0-32 14.33-32 32s14.33 32 32 32 32-14.33 32-32-14.33-32-32-32zm96 192c-17.67 0-32 14.33-32 32s14.33 32 32 32 32-14.33 32-32-14.33-32-32-32z\"><\/path><\/svg>\t\t\t<\/div>\n\t\t<\/div>\n\t\t\t\t\t\t<\/div>\n\t\t\t\t<\/div>\n\t\t\t\t<div class=\"elementor-element elementor-element-49a349f8 elementor-view-default elementor-widget elementor-widget-icon\" data-id=\"49a349f8\" data-element_type=\"widget\" data-widget_type=\"icon.default\">\n\t\t\t\t<div class=\"elementor-widget-container\">\n\t\t\t\t\t\t\t<div class=\"elementor-icon-wrapper\">\n\t\t\t<div class=\"elementor-icon\">\n\t\t\t<svg aria-hidden=\"true\" class=\"e-font-icon-svg e-fas-water\" viewBox=\"0 0 576 512\" xmlns=\"http:\/\/www.w3.org\/2000\/svg\"><path d=\"M562.1 383.9c-21.5-2.4-42.1-10.5-57.9-22.9-14.1-11.1-34.2-11.3-48.2 0-37.9 30.4-107.2 30.4-145.7-1.5-13.5-11.2-33-9.1-46.7 1.8-38 30.1-106.9 30-145.2-1.7-13.5-11.2-33.3-8.9-47.1 2-15.5 12.2-36 20.1-57.7 22.4-7.9.8-13.6 7.8-13.6 15.7v32.2c0 9.1 7.6 16.8 16.7 16 28.8-2.5 56.1-11.4 79.4-25.9 56.5 34.6 137 34.1 192 0 56.5 34.6 137 34.1 192 0 23.3 14.2 50.9 23.3 79.1 25.8 9.1.8 16.7-6.9 16.7-16v-31.6c.1-8-5.7-15.4-13.8-16.3zm0-144c-21.5-2.4-42.1-10.5-57.9-22.9-14.1-11.1-34.2-11.3-48.2 0-37.9 30.4-107.2 30.4-145.7-1.5-13.5-11.2-33-9.1-46.7 1.8-38 30.1-106.9 30-145.2-1.7-13.5-11.2-33.3-8.9-47.1 2-15.5 12.2-36 20.1-57.7 22.4-7.9.8-13.6 7.8-13.6 15.7v32.2c0 9.1 7.6 16.8 16.7 16 28.8-2.5 56.1-11.4 79.4-25.9 56.5 34.6 137 34.1 192 0 56.5 34.6 137 34.1 192 0 23.3 14.2 50.9 23.3 79.1 25.8 9.1.8 16.7-6.9 16.7-16v-31.6c.1-8-5.7-15.4-13.8-16.3zm0-144C540.6 93.4 520 85.4 504.2 73 490.1 61.9 470 61.7 456 73c-37.9 30.4-107.2 30.4-145.7-1.5-13.5-11.2-33-9.1-46.7 1.8-38 30.1-106.9 30-145.2-1.7-13.5-11.2-33.3-8.9-47.1 2-15.5 12.2-36 20.1-57.7 22.4-7.9.8-13.6 7.8-13.6 15.7v32.2c0 9.1 7.6 16.8 16.7 16 28.8-2.5 56.1-11.4 79.4-25.9 56.5 34.6 137 34.1 192 0 56.5 34.6 137 34.1 192 0 23.3 14.2 50.9 23.3 79.1 25.8 9.1.8 16.7-6.9 16.7-16v-31.6c.1-8-5.7-15.4-13.8-16.3z\"><\/path><\/svg>\t\t\t<\/div>\n\t\t<\/div>\n\t\t\t\t\t\t<\/div>\n\t\t\t\t<\/div>\n\t\t\t\t<div class=\"elementor-element elementor-element-8ab1236 elementor-view-default elementor-widget elementor-widget-icon\" data-id=\"8ab1236\" data-element_type=\"widget\" data-widget_type=\"icon.default\">\n\t\t\t\t<div class=\"elementor-widget-container\">\n\t\t\t\t\t\t\t<div class=\"elementor-icon-wrapper\">\n\t\t\t<div class=\"elementor-icon\">\n\t\t\t<svg aria-hidden=\"true\" class=\"e-font-icon-svg e-fas-wind\" viewBox=\"0 0 512 512\" xmlns=\"http:\/\/www.w3.org\/2000\/svg\"><path d=\"M156.7 256H16c-8.8 0-16 7.2-16 16v32c0 8.8 7.2 16 16 16h142.2c15.9 0 30.8 10.9 33.4 26.6 3.3 20-12.1 37.4-31.6 37.4-14.1 0-26.1-9.2-30.4-21.9-2.1-6.3-8.6-10.1-15.2-10.1H81.6c-9.8 0-17.7 8.8-15.9 18.4 8.6 44.1 47.6 77.6 94.2 77.6 57.1 0 102.7-50.1 95.2-108.6C249 291 205.4 256 156.7 256zM16 224h336c59.7 0 106.8-54.8 93.8-116.7-7.6-36.2-36.9-65.5-73.1-73.1-55.4-11.6-105.1 24.9-114.9 75.5-1.9 9.6 6.1 18.3 15.8 18.3h32.8c6.7 0 13.1-3.8 15.2-10.1C325.9 105.2 337.9 96 352 96c19.4 0 34.9 17.4 31.6 37.4-2.6 15.7-17.4 26.6-33.4 26.6H16c-8.8 0-16 7.2-16 16v32c0 8.8 7.2 16 16 16zm384 32H243.7c19.3 16.6 33.2 38.8 39.8 64H400c26.5 0 48 21.5 48 48s-21.5 48-48 48c-17.9 0-33.3-9.9-41.6-24.4-2.9-5-8.7-7.6-14.5-7.6h-33.8c-10.9 0-19 10.8-15.3 21.1 17.8 50.6 70.5 84.8 129.4 72.3 41.2-8.7 75.1-41.6 84.7-82.7C526 321.5 470.5 256 400 256z\"><\/path><\/svg>\t\t\t<\/div>\n\t\t<\/div>\n\t\t\t\t\t\t<\/div>\n\t\t\t\t<\/div>\n\t\t\t\t<div class=\"elementor-element elementor-element-76e3eca0 elementor-view-default elementor-widget elementor-widget-icon\" data-id=\"76e3eca0\" data-element_type=\"widget\" data-widget_type=\"icon.default\">\n\t\t\t\t<div class=\"elementor-widget-container\">\n\t\t\t\t\t\t\t<div class=\"elementor-icon-wrapper\">\n\t\t\t<div class=\"elementor-icon\">\n\t\t\t<i aria-hidden=\"true\" class=\"icon icon-arrows\"><\/i>\t\t\t<\/div>\n\t\t<\/div>\n\t\t\t\t\t\t<\/div>\n\t\t\t\t<\/div>\n\t\t\t\t<div class=\"elementor-element elementor-element-676b3fd0 elementor-view-default elementor-widget elementor-widget-icon\" data-id=\"676b3fd0\" data-element_type=\"widget\" data-widget_type=\"icon.default\">\n\t\t\t\t<div class=\"elementor-widget-container\">\n\t\t\t\t\t\t\t<div class=\"elementor-icon-wrapper\">\n\t\t\t<div class=\"elementor-icon\">\n\t\t\t<svg aria-hidden=\"true\" class=\"e-font-icon-svg e-fas-tools\" viewBox=\"0 0 512 512\" xmlns=\"http:\/\/www.w3.org\/2000\/svg\"><path d=\"M501.1 395.7L384 278.6c-23.1-23.1-57.6-27.6-85.4-13.9L192 158.1V96L64 0 0 64l96 128h62.1l106.6 106.6c-13.6 27.8-9.2 62.3 13.9 85.4l117.1 117.1c14.6 14.6 38.2 14.6 52.7 0l52.7-52.7c14.5-14.6 14.5-38.2 0-52.7zM331.7 225c28.3 0 54.9 11 74.9 31l19.4 19.4c15.8-6.9 30.8-16.5 43.8-29.5 37.1-37.1 49.7-89.3 37.9-136.7-2.2-9-13.5-12.1-20.1-5.5l-74.4 74.4-67.9-11.3L334 98.9l74.4-74.4c6.6-6.6 3.4-17.9-5.7-20.2-47.4-11.7-99.6.9-136.6 37.9-28.5 28.5-41.9 66.1-41.2 103.6l82.1 82.1c8.1-1.9 16.5-2.9 24.7-2.9zm-103.9 82l-56.7-56.7L18.7 402.8c-25 25-25 65.5 0 90.5s65.5 25 90.5 0l123.6-123.6c-7.6-19.9-9.9-41.6-5-62.7zM64 472c-13.2 0-24-10.8-24-24 0-13.3 10.7-24 24-24s24 10.7 24 24c0 13.2-10.7 24-24 24z\"><\/path><\/svg>\t\t\t<\/div>\n\t\t<\/div>\n\t\t\t\t\t\t<\/div>\n\t\t\t\t<\/div>\n\t\t\t\t<\/div>\n\t\t\t\t<div class=\"elementor-element elementor-element-79e6a86d elementor-widget elementor-widget-heading\" data-id=\"79e6a86d\" data-element_type=\"widget\" data-widget_type=\"heading.default\">\n\t\t\t\t<div class=\"elementor-widget-container\">\n\t\t\t\t\t<h2 class=\"elementor-heading-title elementor-size-default\">Bu model kurutucular hava ak\u0131\u015f\u0131na ba\u011fl\u0131 olarak enerji tu\u0308ketir.<\/h2>\t\t\t\t<\/div>\n\t\t\t\t<\/div>\n\t\t\t\t<div class=\"elementor-element elementor-element-7f49c7ae elementor-widget elementor-widget-text-editor\" data-id=\"7f49c7ae\" data-element_type=\"widget\" data-widget_type=\"text-editor.default\">\n\t\t\t\t<div class=\"elementor-widget-container\">\n\t\t\t\t\t\t\t\t\t<p>Kurutuculu so\u011futma sistemi suglikol kar\u0131\u015f\u0131m\u0131n\u0131 1\u00b0C\u2019ye kadar so\u011futur ve kar\u0131\u015f\u0131m, paslanmaz \u00e7elik bir haznede muhafaza edilir. Ku\u0308\u00e7u\u0308k bir pompa, bas\u0131n\u00e7l\u0131 havay\u0131 so\u011futmak i\u00e7in su-glikol kar\u0131\u015f\u0131m\u0131n\u0131 sirku\u0308le eder. So\u011futma sisteminin kompres\u00f6ru\u0308, bu kar\u0131\u015f\u0131m istenilen s\u0131cakl\u0131\u011fa geldi\u011finde kapan\u0131r ve bu sayede \u00f6nemli seviyede enerji tasarrufu sa\u011flan\u0131r.<\/p>\t\t\t\t\t\t\t\t<\/div>\n\t\t\t\t<\/div>\n\t\t\t\t\t<\/div>\n\t\t\t\t<\/div>\n\t\t\t\t\t<\/div>\n\t\t\t\t<\/div>\n\t\t\t\t<\/div>\n\t\t","protected":false},"excerpt":{"rendered":"<p>ProAir Technologies DRC So\u011futmal\u0131 Tip Termal K\u00fctleli Hava Kurutucular\u0131 Genel \u00d6zellikler \u2022 Kapasite konrollu\u0308 enerji tasarrufu \u2022 3\u00b0C \u00e7iylenme noktas\u0131 s\u0131cakl\u0131\u011f\u0131 \u2022 \u00c7ok du\u0308\u015fu\u0308k bas\u0131n\u00e7 du\u0308\u015fu\u0308mu\u0308 \u2022 Tropik ko\u015fullara uyumlu \u2022 \u00c7evre dostu R513a so\u011futma s\u0131v\u0131s\u0131 \u2022 Bu\u0308yu\u0308k boyutlu kondenser \u2022 60\u00b0C giri\u015f s\u0131cakl\u0131\u011f\u0131 ve 50\u00b0C ortam s\u0131cakl\u0131\u011f\u0131nda \u00e7al\u0131\u015fma \u2022 Paslanmaz \u00e7elik bile\u015fenler \u2022 Yu\u0308ksek [&hellip;]<\/p>\n","protected":false},"author":1,"featured_media":0,"parent":0,"menu_order":0,"comment_status":"closed","ping_status":"closed","template":"","meta":{"footnotes":""},"class_list":["post-687","page","type-page","status-publish","hentry"],"_links":{"self":[{"href":"https:\/\/proairtechnologies.com\/index.php?rest_route=\/wp\/v2\/pages\/687","targetHints":{"allow":["GET"]}}],"collection":[{"href":"https:\/\/proairtechnologies.com\/index.php?rest_route=\/wp\/v2\/pages"}],"about":[{"href":"https:\/\/proairtechnologies.com\/index.php?rest_route=\/wp\/v2\/types\/page"}],"author":[{"embeddable":true,"href":"https:\/\/proairtechnologies.com\/index.php?rest_route=\/wp\/v2\/users\/1"}],"replies":[{"embeddable":true,"href":"https:\/\/proairtechnologies.com\/index.php?rest_route=%2Fwp%2Fv2%2Fcomments&post=687"}],"version-history":[{"count":10,"href":"https:\/\/proairtechnologies.com\/index.php?rest_route=\/wp\/v2\/pages\/687\/revisions"}],"predecessor-version":[{"id":997,"href":"https:\/\/proairtechnologies.com\/index.php?rest_route=\/wp\/v2\/pages\/687\/revisions\/997"}],"wp:attachment":[{"href":"https:\/\/proairtechnologies.com\/index.php?rest_route=%2Fwp%2Fv2%2Fmedia&parent=687"}],"curies":[{"name":"wp","href":"https:\/\/api.w.org\/{rel}","templated":true}]}}