{"id":669,"date":"2025-05-08T19:27:43","date_gmt":"2025-05-08T19:27:43","guid":{"rendered":"https:\/\/proairtechnologies.com\/?page_id=669"},"modified":"2025-05-08T19:31:53","modified_gmt":"2025-05-08T19:31:53","slug":"kurutucular","status":"publish","type":"page","link":"https:\/\/proairtechnologies.com\/?page_id=669","title":{"rendered":"Kurutucular"},"content":{"rendered":"\t\t<div data-elementor-type=\"wp-page\" data-elementor-id=\"669\" class=\"elementor elementor-669\">\n\t\t\t\t<div class=\"elementor-element elementor-element-6c4d78c0 e-flex e-con-boxed e-con e-parent\" data-id=\"6c4d78c0\" data-element_type=\"container\" data-settings=\"{&quot;background_background&quot;:&quot;classic&quot;,&quot;shape_divider_bottom&quot;:&quot;triangle&quot;}\">\n\t\t\t\t\t<div class=\"e-con-inner\">\n\t\t\t\t<div class=\"elementor-shape elementor-shape-bottom\" data-negative=\"false\">\n\t\t\t<svg xmlns=\"http:\/\/www.w3.org\/2000\/svg\" viewBox=\"0 0 1000 100\" preserveAspectRatio=\"none\">\n\t<path class=\"elementor-shape-fill\" d=\"M500,98.9L0,6.1V0h1000v6.1L500,98.9z\"\/>\n<\/svg>\t\t<\/div>\n\t\t<div class=\"elementor-element elementor-element-14955a8e e-flex e-con-boxed e-con e-child\" data-id=\"14955a8e\" data-element_type=\"container\">\n\t\t\t\t\t<div class=\"e-con-inner\">\n\t\t\t\t<div class=\"elementor-element elementor-element-64ce412c elementor-widget elementor-widget-heading\" data-id=\"64ce412c\" data-element_type=\"widget\" data-widget_type=\"heading.default\">\n\t\t\t\t<div class=\"elementor-widget-container\">\n\t\t\t\t\t<h2 class=\"elementor-heading-title elementor-size-default\">ProAir\nTechnologies<\/h2>\t\t\t\t<\/div>\n\t\t\t\t<\/div>\n\t\t\t\t<div class=\"elementor-element elementor-element-675682a8 elementor-widget elementor-widget-heading\" data-id=\"675682a8\" data-element_type=\"widget\" data-widget_type=\"heading.default\">\n\t\t\t\t<div class=\"elementor-widget-container\">\n\t\t\t\t\t<h1 class=\"elementor-heading-title elementor-size-default\">Kurutucular<\/h1>\t\t\t\t<\/div>\n\t\t\t\t<\/div>\n\t\t\t\t\t<\/div>\n\t\t\t\t<\/div>\n\t\t\t\t\t<\/div>\n\t\t\t\t<\/div>\n\t\t<div class=\"elementor-element elementor-element-7184451b e-flex e-con-boxed e-con e-parent\" data-id=\"7184451b\" data-element_type=\"container\">\n\t\t\t\t\t<div class=\"e-con-inner\">\n\t\t<div class=\"elementor-element elementor-element-22aaf6cb e-con-full e-flex e-con e-child\" data-id=\"22aaf6cb\" data-element_type=\"container\" data-settings=\"{&quot;background_background&quot;:&quot;classic&quot;}\">\n\t\t\t\t<\/div>\n\t\t<div class=\"elementor-element elementor-element-14ed9475 e-con-full e-flex e-con e-child\" data-id=\"14ed9475\" data-element_type=\"container\">\n\t\t\t\t<div class=\"elementor-element elementor-element-a8c88e2 elementor-widget elementor-widget-heading\" data-id=\"a8c88e2\" data-element_type=\"widget\" data-widget_type=\"heading.default\">\n\t\t\t\t<div class=\"elementor-widget-container\">\n\t\t\t\t\t<h2 class=\"elementor-heading-title elementor-size-default\">Bas\u0131n\u00e7l\u0131 Hava Kalitenizi Art\u0131r\u0131n!<\/h2>\t\t\t\t<\/div>\n\t\t\t\t<\/div>\n\t\t\t\t<div class=\"elementor-element elementor-element-75ca767 elementor-widget elementor-widget-text-editor\" data-id=\"75ca767\" data-element_type=\"widget\" data-widget_type=\"text-editor.default\">\n\t\t\t\t<div class=\"elementor-widget-container\">\n\t\t\t\t\t\t\t\t\t<p>Bas\u0131n\u00e7l\u0131 hava kurutucular\u0131, bas\u0131n\u00e7l\u0131 havan\u0131n do\u011fas\u0131nda bulunan suyu uzakla\u015ft\u0131rmak i\u00e7in \u00f6zel olarak tasarlanm\u0131\u015f \u00f6zel tipte filtre sistemleridir.<\/p><p>Bas\u0131n\u00e7l\u0131 hava kurutucusu, su buhar\u0131n\u0131 veya nemi end\u00fcstriyel proses havas\u0131ndan ay\u0131rmak (nemini almak) i\u00e7in tasarlanm\u0131\u015f bir ekipmand\u0131r. Tipik sistemde, bir kompres\u00f6r nemli havay\u0131 \u00e7eker ve s\u0131k\u0131\u015ft\u0131r\u0131r, bu da hava s\u0131cakl\u0131\u011f\u0131n\u0131 y\u00fckseltir ve ard\u0131ndan havay\u0131 yo\u011funla\u015ft\u0131ran su buhar\u0131n\u0131 \u00fcniteden so\u011futur.<\/p><p>Kurutucular g\u0131da, ila\u00e7, tar\u0131m, \u015feker, ka\u011f\u0131t hamuru ve ka\u011f\u0131t, tekstil, ah\u015fap, metalurji, metal imalat ve otomotiv end\u00fcstrilerinde kullan\u0131lmaktad\u0131r. \u00c7e\u015fitli kurutucu t\u00fcrleri aras\u0131ndaki fark, bir\u00e7ok farkl\u0131 boyut ve kapasitenin yan\u0131 s\u0131ra nemi uzakla\u015ft\u0131rmak i\u00e7in kullan\u0131lan mekanizmaya da dayanmaktad\u0131r.<\/p>\t\t\t\t\t\t\t\t<\/div>\n\t\t\t\t<\/div>\n\t\t\t\t<\/div>\n\t\t\t\t\t<\/div>\n\t\t\t\t<\/div>\n\t\t<div class=\"elementor-element elementor-element-4870b378 e-flex e-con-boxed e-con e-parent\" data-id=\"4870b378\" data-element_type=\"container\">\n\t\t\t\t\t<div class=\"e-con-inner\">\n\t\t<div class=\"elementor-element elementor-element-7405c08c e-flex e-con-boxed e-con e-child\" data-id=\"7405c08c\" data-element_type=\"container\">\n\t\t\t\t\t<div class=\"e-con-inner\">\n\t\t\t\t<div class=\"elementor-element elementor-element-46a4543b elementor-widget elementor-widget-heading\" data-id=\"46a4543b\" data-element_type=\"widget\" data-widget_type=\"heading.default\">\n\t\t\t\t<div class=\"elementor-widget-container\">\n\t\t\t\t\t<h2 class=\"elementor-heading-title elementor-size-default\">Akl\u0131n\u0131zda bulundurman\u0131z  <span style=\"color:#E85D04;\">gereken bilgiler<\/span><\/h2>\t\t\t\t<\/div>\n\t\t\t\t<\/div>\n\t\t\t\t<div class=\"elementor-element elementor-element-3ce46bda elementor-widget elementor-widget-text-editor\" data-id=\"3ce46bda\" data-element_type=\"widget\" data-widget_type=\"text-editor.default\">\n\t\t\t\t<div class=\"elementor-widget-container\">\n\t\t\t\t\t\t\t\t\t<p><b>Hava kurutucusuna sahip olmak, bas\u0131n\u00e7l\u0131 havan\u0131z\u0131n kalitesini ve verimlili\u011fini art\u0131rman\u0131n en iyi yoludur. Yat\u0131r\u0131m\u0131n\u0131zdan en iyi \u015fekilde yararlanmak i\u00e7in hava kurutucu ipu\u00e7lar\u0131n\u0131 okuyun:<\/b><\/p><p><span style=\"color: #ff0000;\"><b>\u2714<\/b><\/span>\u00a0Giri\u015f havan\u0131z\u0131n kalitesini art\u0131r\u0131n: Giri\u015f havan\u0131z ne kadar az kirliyse, hava kompres\u00f6r\u00fcn\u00fcz\u00fcn ve hava kurutucunuzun onu temizlemek i\u00e7in o kadar az \u00e7al\u0131\u015fmas\u0131 gerekecektir. Kirletici maddeler s\u0131v\u0131, kat\u0131 veya gaz olabilir ve makine taraf\u0131ndan i\u015flenmeden \u00f6nce havaya veya makinenin i\u00e7ine girebilir. Bu kirlili\u011fi en aza indirmenin iki ad\u0131m\u0131 vard\u0131r: temiz bir \u00e7al\u0131\u015fma alan\u0131 sa\u011flamak ve bas\u0131n\u00e7l\u0131 hava d\u00f6ng\u00fcn\u00fcze bir filtreleme sistemi eklemek. End\u00fcstriniz yo\u011fun \u015fekilde temizlenmi\u015f havaya ihtiya\u00e7 duyuyorsa, ya\u011flama gerektirmeyen bir s\u0131k\u0131\u015ft\u0131rma sistemini de d\u00fc\u015f\u00fcnebilirsiniz.<\/p><p><span style=\"color: #ff0000;\"><b>\u2714<\/b><\/span>\u00a0Bas\u0131n\u00e7l\u0131 hava depolama sistemi kullan\u0131n: S\u0131k\u0131\u015ft\u0131r\u0131ld\u0131ktan sonra kurutulmu\u015f, filtrelenmi\u015f havay\u0131 depolamak i\u00e7in bas\u0131n\u00e7l\u0131 hava depolama tank\u0131 kullan\u0131n. Bu, ilave nemin havaya yeniden girmesini \u00f6nlemeye yard\u0131mc\u0131 olarak zamandan, enerjiden ve de\u011ferli kaynaklardan tasarruf etmenize yard\u0131mc\u0131 olacakt\u0131r.<\/p><p><span style=\"color: #ff0000;\"><b>\u2714<\/b><\/span>\u00a0Hava kompres\u00f6r\u00fcn\u00fcz i\u00e7in \u00f6nleyici bak\u0131m planlay\u0131n: Bas\u0131n\u00e7l\u0131 hava makineniz d\u00fczg\u00fcn \u00e7al\u0131\u015fm\u0131yorsa verimli bir hava kurutma sisteminin pek bir anlam\u0131 yoktur. \u00dcretim aksakl\u0131klar\u0131n\u0131 \u00f6nlemek i\u00e7in kompres\u00f6r\u00fcn\u00fcz ve hava kurutucu sistemleriniz i\u00e7in d\u00fczenli \u00f6nleyici bak\u0131m kontrolleri planlay\u0131n. Ayr\u0131ca ekipman\u0131n\u0131z\u0131n durumu ve \u00fcretilen havan\u0131n kalitesi hakk\u0131nda g\u00fcncel bilgi sahibi olman\u0131z\u0131 sa\u011flayacak bir izleme sistemi olu\u015fturmal\u0131 ve uygulamal\u0131s\u0131n\u0131z. Bunun gibi \u00f6nleyici tedbirlerin al\u0131nmas\u0131 sizi olas\u0131 endi\u015felere kar\u015f\u0131 uyarabilir ve daha sonra maliyetli, daha fazla zaman alan onar\u0131mlara d\u00f6n\u00fc\u015fmeden \u00f6nce bunlar\u0131n d\u00fczeltilmesini sa\u011flayabilir.<\/p>\t\t\t\t\t\t\t\t<\/div>\n\t\t\t\t<\/div>\n\t\t\t\t\t<\/div>\n\t\t\t\t<\/div>\n\t\t\t\t\t<\/div>\n\t\t\t\t<\/div>\n\t\t<div class=\"elementor-element elementor-element-695a724f e-flex e-con-boxed e-con e-parent\" data-id=\"695a724f\" data-element_type=\"container\">\n\t\t\t\t\t<div class=\"e-con-inner\">\n\t\t\t\t<div class=\"elementor-element elementor-element-f5ca1cc elementor-widget elementor-widget-heading\" data-id=\"f5ca1cc\" data-element_type=\"widget\" data-widget_type=\"heading.default\">\n\t\t\t\t<div class=\"elementor-widget-container\">\n\t\t\t\t\t<h2 class=\"elementor-heading-title elementor-size-default\">Nas\u0131l \u00c7al\u0131\u015f\u0131yoruz<\/h2>\t\t\t\t<\/div>\n\t\t\t\t<\/div>\n\t\t\t\t<div class=\"elementor-element elementor-element-49070a85 elementor-widget elementor-widget-text-editor\" data-id=\"49070a85\" data-element_type=\"widget\" data-widget_type=\"text-editor.default\">\n\t\t\t\t<div class=\"elementor-widget-container\">\n\t\t\t\t\t\t\t\t\t<p>\u0130htiyac\u0131n\u0131za uygun end\u00fcstriyel kompres\u00f6rleri en y\u00fcksek kalite standartlar\u0131nda \u00fcretiyoruz. S\u00fcre\u00e7lerimizi ke\u015ffedin.<\/p>\t\t\t\t\t\t\t\t<\/div>\n\t\t\t\t<\/div>\n\t\t<div class=\"elementor-element elementor-element-2ac66c56 e-flex e-con-boxed e-con e-child\" data-id=\"2ac66c56\" data-element_type=\"container\">\n\t\t\t\t\t<div class=\"e-con-inner\">\n\t\t<div class=\"elementor-element elementor-element-55eddfce e-flex e-con-boxed e-con e-child\" data-id=\"55eddfce\" data-element_type=\"container\">\n\t\t\t\t\t<div class=\"e-con-inner\">\n\t\t<div class=\"elementor-element elementor-element-7b87cc3f e-flex e-con-boxed e-con e-child\" data-id=\"7b87cc3f\" data-element_type=\"container\">\n\t\t\t\t\t<div class=\"e-con-inner\">\n\t\t\t\t<div class=\"elementor-element elementor-element-44337281 elementor-absolute elementor-hidden-mobile elementor-view-default elementor-widget elementor-widget-icon\" data-id=\"44337281\" data-element_type=\"widget\" data-settings=\"{&quot;_position&quot;:&quot;absolute&quot;}\" data-widget_type=\"icon.default\">\n\t\t\t\t<div class=\"elementor-widget-container\">\n\t\t\t\t\t\t\t<div class=\"elementor-icon-wrapper\">\n\t\t\t<div class=\"elementor-icon\">\n\t\t\t<svg aria-hidden=\"true\" class=\"e-font-icon-svg e-fas-arrow-right\" viewBox=\"0 0 448 512\" xmlns=\"http:\/\/www.w3.org\/2000\/svg\"><path d=\"M190.5 66.9l22.2-22.2c9.4-9.4 24.6-9.4 33.9 0L441 239c9.4 9.4 9.4 24.6 0 33.9L246.6 467.3c-9.4 9.4-24.6 9.4-33.9 0l-22.2-22.2c-9.5-9.5-9.3-25 .4-34.3L311.4 296H24c-13.3 0-24-10.7-24-24v-32c0-13.3 10.7-24 24-24h287.4L190.9 101.2c-9.8-9.3-10-24.8-.4-34.3z\"><\/path><\/svg>\t\t\t<\/div>\n\t\t<\/div>\n\t\t\t\t\t\t<\/div>\n\t\t\t\t<\/div>\n\t\t\t\t<div class=\"elementor-element elementor-element-7a842d3d elementor-view-stacked elementor-shape-square elementor-widget elementor-widget-icon\" data-id=\"7a842d3d\" data-element_type=\"widget\" data-widget_type=\"icon.default\">\n\t\t\t\t<div class=\"elementor-widget-container\">\n\t\t\t\t\t\t\t<div class=\"elementor-icon-wrapper\">\n\t\t\t<div class=\"elementor-icon\">\n\t\t\t<i aria-hidden=\"true\" class=\"icon icon-chat\"><\/i>\t\t\t<\/div>\n\t\t<\/div>\n\t\t\t\t\t\t<\/div>\n\t\t\t\t<\/div>\n\t\t\t\t<div class=\"elementor-element elementor-element-43593f3a elementor-widget elementor-widget-heading\" data-id=\"43593f3a\" data-element_type=\"widget\" data-widget_type=\"heading.default\">\n\t\t\t\t<div class=\"elementor-widget-container\">\n\t\t\t\t\t<h3 class=\"elementor-heading-title elementor-size-default\">\u0130htiyac\u0131n\u0131z\u0131 Belirleyelim<\/h3>\t\t\t\t<\/div>\n\t\t\t\t<\/div>\n\t\t\t\t<div class=\"elementor-element elementor-element-6236be28 elementor-widget elementor-widget-text-editor\" data-id=\"6236be28\" data-element_type=\"widget\" data-widget_type=\"text-editor.default\">\n\t\t\t\t<div class=\"elementor-widget-container\">\n\t\t\t\t\t\t\t\t\t<p>\u0130htiyac\u0131n\u0131za en uygun kompres\u00f6r \u00e7\u00f6z\u00fcm\u00fcn\u00fc birlikte belirleyelim.<\/p>\t\t\t\t\t\t\t\t<\/div>\n\t\t\t\t<\/div>\n\t\t\t\t\t<\/div>\n\t\t\t\t<\/div>\n\t\t<div class=\"elementor-element elementor-element-4ee0c1be e-flex e-con-boxed e-con e-child\" data-id=\"4ee0c1be\" data-element_type=\"container\">\n\t\t\t\t\t<div class=\"e-con-inner\">\n\t\t\t\t<div class=\"elementor-element elementor-element-3a90a3de elementor-absolute elementor-hidden-mobile elementor-view-default elementor-widget elementor-widget-icon\" data-id=\"3a90a3de\" data-element_type=\"widget\" data-settings=\"{&quot;_position&quot;:&quot;absolute&quot;}\" data-widget_type=\"icon.default\">\n\t\t\t\t<div class=\"elementor-widget-container\">\n\t\t\t\t\t\t\t<div class=\"elementor-icon-wrapper\">\n\t\t\t<div class=\"elementor-icon\">\n\t\t\t<svg aria-hidden=\"true\" class=\"e-font-icon-svg e-fas-arrow-right\" viewBox=\"0 0 448 512\" xmlns=\"http:\/\/www.w3.org\/2000\/svg\"><path d=\"M190.5 66.9l22.2-22.2c9.4-9.4 24.6-9.4 33.9 0L441 239c9.4 9.4 9.4 24.6 0 33.9L246.6 467.3c-9.4 9.4-24.6 9.4-33.9 0l-22.2-22.2c-9.5-9.5-9.3-25 .4-34.3L311.4 296H24c-13.3 0-24-10.7-24-24v-32c0-13.3 10.7-24 24-24h287.4L190.9 101.2c-9.8-9.3-10-24.8-.4-34.3z\"><\/path><\/svg>\t\t\t<\/div>\n\t\t<\/div>\n\t\t\t\t\t\t<\/div>\n\t\t\t\t<\/div>\n\t\t\t\t<div class=\"elementor-element elementor-element-283504b3 elementor-view-stacked elementor-shape-square elementor-widget elementor-widget-icon\" data-id=\"283504b3\" data-element_type=\"widget\" data-widget_type=\"icon.default\">\n\t\t\t\t<div class=\"elementor-widget-container\">\n\t\t\t\t\t\t\t<div class=\"elementor-icon-wrapper\">\n\t\t\t<div class=\"elementor-icon\">\n\t\t\t<i aria-hidden=\"true\" class=\"icon icon-contract\"><\/i>\t\t\t<\/div>\n\t\t<\/div>\n\t\t\t\t\t\t<\/div>\n\t\t\t\t<\/div>\n\t\t\t\t<div class=\"elementor-element elementor-element-323e18b5 elementor-widget elementor-widget-heading\" data-id=\"323e18b5\" data-element_type=\"widget\" data-widget_type=\"heading.default\">\n\t\t\t\t<div class=\"elementor-widget-container\">\n\t\t\t\t\t<h3 class=\"elementor-heading-title elementor-size-default\">Teklif ve S\u00f6zle\u015fme<\/h3>\t\t\t\t<\/div>\n\t\t\t\t<\/div>\n\t\t\t\t<div class=\"elementor-element elementor-element-1c5b7291 elementor-widget elementor-widget-text-editor\" data-id=\"1c5b7291\" data-element_type=\"widget\" data-widget_type=\"text-editor.default\">\n\t\t\t\t<div class=\"elementor-widget-container\">\n\t\t\t\t\t\t\t\t\t<p>Size \u00f6zel teklif sunuyor, anla\u015fmam\u0131z\u0131 s\u00f6zle\u015fme ile g\u00fcvence alt\u0131na al\u0131yoruz.<\/p>\t\t\t\t\t\t\t\t<\/div>\n\t\t\t\t<\/div>\n\t\t\t\t\t<\/div>\n\t\t\t\t<\/div>\n\t\t\t\t\t<\/div>\n\t\t\t\t<\/div>\n\t\t<div class=\"elementor-element elementor-element-6c59ff94 e-flex e-con-boxed e-con e-child\" data-id=\"6c59ff94\" data-element_type=\"container\">\n\t\t\t\t\t<div class=\"e-con-inner\">\n\t\t<div class=\"elementor-element elementor-element-56376ee2 e-flex e-con-boxed e-con e-child\" data-id=\"56376ee2\" data-element_type=\"container\">\n\t\t\t\t\t<div class=\"e-con-inner\">\n\t\t\t\t<div class=\"elementor-element elementor-element-6520bc13 elementor-absolute elementor-hidden-mobile elementor-view-default elementor-widget elementor-widget-icon\" data-id=\"6520bc13\" data-element_type=\"widget\" data-settings=\"{&quot;_position&quot;:&quot;absolute&quot;}\" data-widget_type=\"icon.default\">\n\t\t\t\t<div class=\"elementor-widget-container\">\n\t\t\t\t\t\t\t<div class=\"elementor-icon-wrapper\">\n\t\t\t<div class=\"elementor-icon\">\n\t\t\t<svg aria-hidden=\"true\" class=\"e-font-icon-svg e-fas-arrow-right\" viewBox=\"0 0 448 512\" xmlns=\"http:\/\/www.w3.org\/2000\/svg\"><path d=\"M190.5 66.9l22.2-22.2c9.4-9.4 24.6-9.4 33.9 0L441 239c9.4 9.4 9.4 24.6 0 33.9L246.6 467.3c-9.4 9.4-24.6 9.4-33.9 0l-22.2-22.2c-9.5-9.5-9.3-25 .4-34.3L311.4 296H24c-13.3 0-24-10.7-24-24v-32c0-13.3 10.7-24 24-24h287.4L190.9 101.2c-9.8-9.3-10-24.8-.4-34.3z\"><\/path><\/svg>\t\t\t<\/div>\n\t\t<\/div>\n\t\t\t\t\t\t<\/div>\n\t\t\t\t<\/div>\n\t\t\t\t<div class=\"elementor-element elementor-element-369a18bd elementor-view-stacked elementor-shape-square elementor-widget elementor-widget-icon\" data-id=\"369a18bd\" data-element_type=\"widget\" data-widget_type=\"icon.default\">\n\t\t\t\t<div class=\"elementor-widget-container\">\n\t\t\t\t\t\t\t<div class=\"elementor-icon-wrapper\">\n\t\t\t<div class=\"elementor-icon\">\n\t\t\t<i aria-hidden=\"true\" class=\"icon icon-customer-support\"><\/i>\t\t\t<\/div>\n\t\t<\/div>\n\t\t\t\t\t\t<\/div>\n\t\t\t\t<\/div>\n\t\t\t\t<div class=\"elementor-element elementor-element-2748d62 elementor-widget elementor-widget-heading\" data-id=\"2748d62\" data-element_type=\"widget\" data-widget_type=\"heading.default\">\n\t\t\t\t<div class=\"elementor-widget-container\">\n\t\t\t\t\t<h3 class=\"elementor-heading-title elementor-size-default\">\u00dcretim S\u00fcreci<\/h3>\t\t\t\t<\/div>\n\t\t\t\t<\/div>\n\t\t\t\t<div class=\"elementor-element elementor-element-fa5c00f elementor-widget elementor-widget-text-editor\" data-id=\"fa5c00f\" data-element_type=\"widget\" data-widget_type=\"text-editor.default\">\n\t\t\t\t<div class=\"elementor-widget-container\">\n\t\t\t\t\t\t\t\t\t<p>Kompres\u00f6r\u00fcn\u00fcz\u00fc, en kaliteli malzemeler ve titiz m\u00fchendislik ile \u00fcretiyoruz<\/p>\t\t\t\t\t\t\t\t<\/div>\n\t\t\t\t<\/div>\n\t\t\t\t\t<\/div>\n\t\t\t\t<\/div>\n\t\t<div class=\"elementor-element elementor-element-6ed4ff97 e-flex e-con-boxed e-con e-child\" data-id=\"6ed4ff97\" data-element_type=\"container\">\n\t\t\t\t\t<div class=\"e-con-inner\">\n\t\t\t\t<div class=\"elementor-element elementor-element-64555ee7 elementor-view-stacked elementor-shape-square elementor-widget elementor-widget-icon\" data-id=\"64555ee7\" data-element_type=\"widget\" data-widget_type=\"icon.default\">\n\t\t\t\t<div class=\"elementor-widget-container\">\n\t\t\t\t\t\t\t<div class=\"elementor-icon-wrapper\">\n\t\t\t<div class=\"elementor-icon\">\n\t\t\t<i aria-hidden=\"true\" class=\"icon icon-settings\"><\/i>\t\t\t<\/div>\n\t\t<\/div>\n\t\t\t\t\t\t<\/div>\n\t\t\t\t<\/div>\n\t\t\t\t<div class=\"elementor-element elementor-element-263ee546 elementor-widget elementor-widget-heading\" data-id=\"263ee546\" data-element_type=\"widget\" data-widget_type=\"heading.default\">\n\t\t\t\t<div class=\"elementor-widget-container\">\n\t\t\t\t\t<h3 class=\"elementor-heading-title elementor-size-default\">Kalite Kontrol ve Teslimat<\/h3>\t\t\t\t<\/div>\n\t\t\t\t<\/div>\n\t\t\t\t<div class=\"elementor-element elementor-element-6694b129 elementor-widget elementor-widget-text-editor\" data-id=\"6694b129\" data-element_type=\"widget\" data-widget_type=\"text-editor.default\">\n\t\t\t\t<div class=\"elementor-widget-container\">\n\t\t\t\t\t\t\t\t\t<p>\u00dcretilen kompres\u00f6r, kalite kontrol testlerinden ge\u00e7tikten sonra teslim edilir.<\/p>\t\t\t\t\t\t\t\t<\/div>\n\t\t\t\t<\/div>\n\t\t\t\t\t<\/div>\n\t\t\t\t<\/div>\n\t\t\t\t\t<\/div>\n\t\t\t\t<\/div>\n\t\t\t\t\t<\/div>\n\t\t\t\t<\/div>\n\t\t\t\t\t<\/div>\n\t\t\t\t<\/div>\n\t\t\t\t<\/div>\n\t\t","protected":false},"excerpt":{"rendered":"<p>ProAir Technologies Kurutucular Bas\u0131n\u00e7l\u0131 Hava Kalitenizi Art\u0131r\u0131n! Bas\u0131n\u00e7l\u0131 hava kurutucular\u0131, bas\u0131n\u00e7l\u0131 havan\u0131n do\u011fas\u0131nda bulunan suyu uzakla\u015ft\u0131rmak i\u00e7in \u00f6zel olarak tasarlanm\u0131\u015f \u00f6zel tipte filtre sistemleridir. Bas\u0131n\u00e7l\u0131 hava kurutucusu, su buhar\u0131n\u0131 veya nemi end\u00fcstriyel proses havas\u0131ndan ay\u0131rmak (nemini almak) i\u00e7in tasarlanm\u0131\u015f bir ekipmand\u0131r. Tipik sistemde, bir kompres\u00f6r nemli havay\u0131 \u00e7eker ve s\u0131k\u0131\u015ft\u0131r\u0131r, bu da hava s\u0131cakl\u0131\u011f\u0131n\u0131 y\u00fckseltir [&hellip;]<\/p>\n","protected":false},"author":1,"featured_media":0,"parent":0,"menu_order":0,"comment_status":"closed","ping_status":"closed","template":"","meta":{"footnotes":""},"class_list":["post-669","page","type-page","status-publish","hentry"],"_links":{"self":[{"href":"https:\/\/proairtechnologies.com\/index.php?rest_route=\/wp\/v2\/pages\/669","targetHints":{"allow":["GET"]}}],"collection":[{"href":"https:\/\/proairtechnologies.com\/index.php?rest_route=\/wp\/v2\/pages"}],"about":[{"href":"https:\/\/proairtechnologies.com\/index.php?rest_route=\/wp\/v2\/types\/page"}],"author":[{"embeddable":true,"href":"https:\/\/proairtechnologies.com\/index.php?rest_route=\/wp\/v2\/users\/1"}],"replies":[{"embeddable":true,"href":"https:\/\/proairtechnologies.com\/index.php?rest_route=%2Fwp%2Fv2%2Fcomments&post=669"}],"version-history":[{"count":4,"href":"https:\/\/proairtechnologies.com\/index.php?rest_route=\/wp\/v2\/pages\/669\/revisions"}],"predecessor-version":[{"id":677,"href":"https:\/\/proairtechnologies.com\/index.php?rest_route=\/wp\/v2\/pages\/669\/revisions\/677"}],"wp:attachment":[{"href":"https:\/\/proairtechnologies.com\/index.php?rest_route=%2Fwp%2Fv2%2Fmedia&parent=669"}],"curies":[{"name":"wp","href":"https:\/\/api.w.org\/{rel}","templated":true}]}}