{"id":329,"date":"2025-04-26T21:26:03","date_gmt":"2025-04-26T21:26:03","guid":{"rendered":"https:\/\/proairtechnologies.com\/?page_id=329"},"modified":"2025-05-22T12:09:37","modified_gmt":"2025-05-22T12:09:37","slug":"yagsiz-pistonlu-kompresorler","status":"publish","type":"page","link":"https:\/\/proairtechnologies.com\/?page_id=329","title":{"rendered":"Ya\u011fs\u0131z Pistonlu Kompres\u00f6rler"},"content":{"rendered":"\t\t<div data-elementor-type=\"wp-page\" data-elementor-id=\"329\" class=\"elementor elementor-329\">\n\t\t\t\t<div class=\"elementor-element elementor-element-38febfb4 e-flex e-con-boxed e-con e-parent\" data-id=\"38febfb4\" data-element_type=\"container\" data-settings=\"{&quot;background_background&quot;:&quot;classic&quot;,&quot;shape_divider_bottom&quot;:&quot;triangle&quot;}\">\n\t\t\t\t\t<div class=\"e-con-inner\">\n\t\t\t\t<div class=\"elementor-shape elementor-shape-bottom\" data-negative=\"false\">\n\t\t\t<svg xmlns=\"http:\/\/www.w3.org\/2000\/svg\" viewBox=\"0 0 1000 100\" preserveAspectRatio=\"none\">\n\t<path class=\"elementor-shape-fill\" d=\"M500,98.9L0,6.1V0h1000v6.1L500,98.9z\"\/>\n<\/svg>\t\t<\/div>\n\t\t<div class=\"elementor-element elementor-element-50988c41 e-flex e-con-boxed e-con e-child\" data-id=\"50988c41\" data-element_type=\"container\">\n\t\t\t\t\t<div class=\"e-con-inner\">\n\t\t\t\t<div class=\"elementor-element elementor-element-51055421 elementor-widget elementor-widget-heading\" data-id=\"51055421\" data-element_type=\"widget\" data-widget_type=\"heading.default\">\n\t\t\t\t<div class=\"elementor-widget-container\">\n\t\t\t\t\t<h2 class=\"elementor-heading-title elementor-size-default\">ProAir\nTechnologies<\/h2>\t\t\t\t<\/div>\n\t\t\t\t<\/div>\n\t\t\t\t<div class=\"elementor-element elementor-element-58d217f4 elementor-widget elementor-widget-heading\" data-id=\"58d217f4\" data-element_type=\"widget\" data-widget_type=\"heading.default\">\n\t\t\t\t<div class=\"elementor-widget-container\">\n\t\t\t\t\t<h1 class=\"elementor-heading-title elementor-size-default\">Ya\u011fs\u0131z Pistonlu Kompres\u00f6rler<\/h1>\t\t\t\t<\/div>\n\t\t\t\t<\/div>\n\t\t\t\t\t<\/div>\n\t\t\t\t<\/div>\n\t\t\t\t\t<\/div>\n\t\t\t\t<\/div>\n\t\t<div class=\"elementor-element elementor-element-7757b96 e-flex e-con-boxed e-con e-parent\" data-id=\"7757b96\" data-element_type=\"container\">\n\t\t\t\t\t<div class=\"e-con-inner\">\n\t\t<div class=\"elementor-element elementor-element-505d6167 e-flex e-con-boxed e-con e-child\" data-id=\"505d6167\" data-element_type=\"container\">\n\t\t\t\t\t<div class=\"e-con-inner\">\n\t\t\t\t<div class=\"elementor-element elementor-element-336bcb9c elementor-widget elementor-widget-heading\" data-id=\"336bcb9c\" data-element_type=\"widget\" data-widget_type=\"heading.default\">\n\t\t\t\t<div class=\"elementor-widget-container\">\n\t\t\t\t\t<h2 class=\"elementor-heading-title elementor-size-default\">Ya\u011fs\u0131z Pistonlu Kompres\u00f6rler<\/h2>\t\t\t\t<\/div>\n\t\t\t\t<\/div>\n\t\t\t\t<div class=\"elementor-element elementor-element-469339e8 elementor-widget elementor-widget-text-editor\" data-id=\"469339e8\" data-element_type=\"widget\" data-widget_type=\"text-editor.default\">\n\t\t\t\t<div class=\"elementor-widget-container\">\n\t\t\t\t\t\t\t\t\t<p><span style=\"font-size: large;\"><b>Yenili\u011fe olan ba\u011fl\u0131l\u0131\u011f\u0131m\u0131z\u0131\u00a0<\/b>tasar\u0131mla birle\u015ftiriyoruz<\/span>.<\/p>\t\t\t\t\t\t\t\t<\/div>\n\t\t\t\t<\/div>\n\t\t\t\t\t<\/div>\n\t\t\t\t<\/div>\n\t\t\t\t\t<\/div>\n\t\t\t\t<\/div>\n\t\t<div class=\"elementor-element elementor-element-69603d08 e-flex e-con-boxed e-con e-parent\" data-id=\"69603d08\" data-element_type=\"container\">\n\t\t\t\t\t<div class=\"e-con-inner\">\n\t\t<div class=\"elementor-element elementor-element-3d285cee e-con-full e-flex e-con e-child\" data-id=\"3d285cee\" data-element_type=\"container\">\n\t\t<div class=\"elementor-element elementor-element-142bb6c2 e-flex e-con-boxed e-con e-child\" data-id=\"142bb6c2\" data-element_type=\"container\">\n\t\t\t\t\t<div class=\"e-con-inner\">\n\t\t\t\t<div class=\"elementor-element elementor-element-1c0e48a2 elementor-widget elementor-widget-text-editor\" data-id=\"1c0e48a2\" data-element_type=\"widget\" data-widget_type=\"text-editor.default\">\n\t\t\t\t<div class=\"elementor-widget-container\">\n\t\t\t\t\t\t\t\t\t<p>Y\u00fcksek s\u0131k\u0131\u015ft\u0131rma gerektiren PET \u015fi\u015feleme, yiyecek ve i\u00e7ecek end\u00fcstrileri i\u00e7in g\u00fcvenilir ve y\u00fcksek performansl\u0131 hava \u00e7\u00f6z\u00fcmleri sunuyoruz.<\/p><p>Ya\u011fs\u0131z pistonlu kompres\u00f6r serimiz ba\u015ftan sona tasarlanm\u0131\u015ft\u0131r. End\u00fcstrinin zorlu gereksinimlerini kar\u015f\u0131lamakta ve rakipsiz d\u00fczeyde performans, verimlilik ve g\u00fcvenilirlik sa\u011flamaktad\u0131r.<\/p><p>Tehlikede olan sadece \u00fcretiminiz de\u011fil ayn\u0131 zamanda itibar\u0131n\u0131zd\u0131r. PET \u015fi\u015fe \u015fi\u015firmede y\u00fcksek safl\u0131kta temiz hava sa\u011fl\u0131yoruz. Dalgak\u0131ran Kompres\u00f6r \u015firketinizin pazardaki itibar\u0131n\u0131 korur, g\u00fcvenli\u011fi sa\u011flar ve \u00e7evrenin korunmas\u0131na yard\u0131mc\u0131 olur.<\/p><p>Yenilik\u00e7ili\u011fe olan ba\u011fl\u0131l\u0131\u011f\u0131m\u0131z ve detaylara verdi\u011fimiz \u00f6nem, tasar\u0131mlar\u0131m\u0131z\u0131n m\u00fchendislik inceli\u011fiyle birle\u015fti\u011finde, m\u00fc\u015fterilerimiz i\u00e7in somut faydalara d\u00f6n\u00fc\u015f\u00fcyor. Bunlar aras\u0131nda enerji ve bak\u0131m maliyetlerinden tasarruf, daha fazla \u00e7al\u0131\u015fma s\u00fcresi ve g\u00f6n\u00fcl rahatl\u0131\u011f\u0131 yer al\u0131r.<\/p>\t\t\t\t\t\t\t\t<\/div>\n\t\t\t\t<\/div>\n\t\t\t\t<div class=\"elementor-element elementor-element-a82b4eb elementor-widget elementor-widget-heading\" data-id=\"a82b4eb\" data-element_type=\"widget\" data-widget_type=\"heading.default\">\n\t\t\t\t<div class=\"elementor-widget-container\">\n\t\t\t\t\t<h2 class=\"elementor-heading-title elementor-size-default\">Fark\u0131 Dalgak\u0131ran ile ya\u015fay\u0131n!<\/h2>\t\t\t\t<\/div>\n\t\t\t\t<\/div>\n\t\t\t\t\t<\/div>\n\t\t\t\t<\/div>\n\t\t\t\t<\/div>\n\t\t<div class=\"elementor-element elementor-element-5e6550d5 e-con-full e-flex e-con e-child\" data-id=\"5e6550d5\" data-element_type=\"container\" data-settings=\"{&quot;background_background&quot;:&quot;classic&quot;}\">\n\t\t\t\t<\/div>\n\t\t<div class=\"elementor-element elementor-element-469a1280 e-con-full e-flex e-con e-child\" data-id=\"469a1280\" data-element_type=\"container\" data-settings=\"{&quot;background_background&quot;:&quot;classic&quot;}\">\n\t\t\t\t<\/div>\n\t\t<div class=\"elementor-element elementor-element-6497b4ce e-con-full e-flex e-con e-child\" data-id=\"6497b4ce\" data-element_type=\"container\">\n\t\t<div class=\"elementor-element elementor-element-7fe957ef e-flex e-con-boxed e-con e-child\" data-id=\"7fe957ef\" data-element_type=\"container\">\n\t\t\t\t\t<div class=\"e-con-inner\">\n\t\t\t\t<div class=\"elementor-element elementor-element-7bbf644 elementor-widget elementor-widget-text-editor\" data-id=\"7bbf644\" data-element_type=\"widget\" data-widget_type=\"text-editor.default\">\n\t\t\t\t<div class=\"elementor-widget-container\">\n\t\t\t\t\t\t\t\t\t<p>Bir plastik \u015fi\u015fe \u00fcreticisinin kulland\u0131\u011f\u0131 sistemin t\u00fcr\u00fc ne olursa olsun, kompres\u00f6r her zaman operasyonda en fazla \u00f6zen ve dikkat gerektiren bile\u015fendir. Bunun nedeni, \u015fi\u015fenin \u015fekillendirilmesinde t\u00fcm proseslerin bas\u0131n\u00e7l\u0131 hava enjeksiyonunu gerektirmesidir.<\/p><p>A\u015f\u0131r\u0131 \u0131s\u0131, bas\u0131n\u00e7 ve uzun s\u00fcreli tekrarlama ko\u015fullar\u0131 alt\u0131nda \u00e7al\u0131\u015ft\u0131\u011f\u0131ndan dolay\u0131 kompres\u00f6r\u00fcn, talep \u00fczerine sistemdeki hava ak\u0131\u015f\u0131n\u0131 do\u011fru bir \u015fekilde kontrol etmesi gerekir. Bu nedenle operasyonun ba\u015far\u0131s\u0131 a\u00e7\u0131s\u0131ndan kritik \u00f6neme sahiptir.<\/p><p>Ya\u011fs\u0131z pistonlu kompres\u00f6rlerimiz, s\u00fcrekli uzun \u00e7al\u0131\u015fma s\u00fcresi, daha uzun bak\u0131m d\u00f6ng\u00fcs\u00fc ve sarf malzemelerinin azalt\u0131lmas\u0131n\u0131 sa\u011flayacak dayan\u0131kl\u0131l\u0131\u011fa sahiptir. Ek olarak, kompakt tasar\u0131m\u0131, m\u00fc\u015fterinin gereksinimlerine uygun olarak esnek fabrika d\u00fczenine uyum sa\u011flamak i\u00e7in daha serbest bir yerle\u015fim d\u00fczeni sa\u011flar.<\/p>\t\t\t\t\t\t\t\t<\/div>\n\t\t\t\t<\/div>\n\t\t\t\t\t<\/div>\n\t\t\t\t<\/div>\n\t\t\t\t<\/div>\n\t\t\t\t\t<\/div>\n\t\t\t\t<\/div>\n\t\t<div class=\"elementor-element elementor-element-5020a949 e-flex e-con-boxed e-con e-parent\" data-id=\"5020a949\" data-element_type=\"container\">\n\t\t\t\t\t<div class=\"e-con-inner\">\n\t\t\t\t<div class=\"elementor-element elementor-element-77b2c6f elementor-widget elementor-widget-heading\" data-id=\"77b2c6f\" data-element_type=\"widget\" data-widget_type=\"heading.default\">\n\t\t\t\t<div class=\"elementor-widget-container\">\n\t\t\t\t\t<h2 class=\"elementor-heading-title elementor-size-default\">Nas\u0131l \u00c7al\u0131\u015f\u0131yoruz<\/h2>\t\t\t\t<\/div>\n\t\t\t\t<\/div>\n\t\t\t\t<div class=\"elementor-element elementor-element-2aedaade elementor-widget elementor-widget-text-editor\" data-id=\"2aedaade\" data-element_type=\"widget\" data-widget_type=\"text-editor.default\">\n\t\t\t\t<div class=\"elementor-widget-container\">\n\t\t\t\t\t\t\t\t\t<p>\u0130htiyac\u0131n\u0131za uygun end\u00fcstriyel kompres\u00f6rleri en y\u00fcksek kalite standartlar\u0131nda \u00fcretiyoruz. S\u00fcre\u00e7lerimizi ke\u015ffedin.<\/p>\t\t\t\t\t\t\t\t<\/div>\n\t\t\t\t<\/div>\n\t\t<div class=\"elementor-element elementor-element-46e17d6e e-flex e-con-boxed e-con e-child\" data-id=\"46e17d6e\" data-element_type=\"container\">\n\t\t\t\t\t<div class=\"e-con-inner\">\n\t\t<div class=\"elementor-element elementor-element-4e910a8c e-flex e-con-boxed e-con e-child\" data-id=\"4e910a8c\" data-element_type=\"container\">\n\t\t\t\t\t<div class=\"e-con-inner\">\n\t\t<div class=\"elementor-element elementor-element-1f4208e1 e-flex e-con-boxed e-con e-child\" data-id=\"1f4208e1\" data-element_type=\"container\">\n\t\t\t\t\t<div class=\"e-con-inner\">\n\t\t\t\t<div class=\"elementor-element elementor-element-4022c21f elementor-absolute elementor-hidden-mobile elementor-view-default elementor-widget elementor-widget-icon\" data-id=\"4022c21f\" data-element_type=\"widget\" data-settings=\"{&quot;_position&quot;:&quot;absolute&quot;}\" data-widget_type=\"icon.default\">\n\t\t\t\t<div class=\"elementor-widget-container\">\n\t\t\t\t\t\t\t<div class=\"elementor-icon-wrapper\">\n\t\t\t<div class=\"elementor-icon\">\n\t\t\t<svg aria-hidden=\"true\" class=\"e-font-icon-svg e-fas-arrow-right\" viewBox=\"0 0 448 512\" xmlns=\"http:\/\/www.w3.org\/2000\/svg\"><path d=\"M190.5 66.9l22.2-22.2c9.4-9.4 24.6-9.4 33.9 0L441 239c9.4 9.4 9.4 24.6 0 33.9L246.6 467.3c-9.4 9.4-24.6 9.4-33.9 0l-22.2-22.2c-9.5-9.5-9.3-25 .4-34.3L311.4 296H24c-13.3 0-24-10.7-24-24v-32c0-13.3 10.7-24 24-24h287.4L190.9 101.2c-9.8-9.3-10-24.8-.4-34.3z\"><\/path><\/svg>\t\t\t<\/div>\n\t\t<\/div>\n\t\t\t\t\t\t<\/div>\n\t\t\t\t<\/div>\n\t\t\t\t<div class=\"elementor-element elementor-element-4deae60a elementor-view-stacked elementor-shape-square elementor-widget elementor-widget-icon\" data-id=\"4deae60a\" data-element_type=\"widget\" data-widget_type=\"icon.default\">\n\t\t\t\t<div class=\"elementor-widget-container\">\n\t\t\t\t\t\t\t<div class=\"elementor-icon-wrapper\">\n\t\t\t<div class=\"elementor-icon\">\n\t\t\t<i aria-hidden=\"true\" class=\"icon icon-chat\"><\/i>\t\t\t<\/div>\n\t\t<\/div>\n\t\t\t\t\t\t<\/div>\n\t\t\t\t<\/div>\n\t\t\t\t<div class=\"elementor-element elementor-element-1978506b elementor-widget elementor-widget-heading\" data-id=\"1978506b\" data-element_type=\"widget\" data-widget_type=\"heading.default\">\n\t\t\t\t<div class=\"elementor-widget-container\">\n\t\t\t\t\t<h3 class=\"elementor-heading-title elementor-size-default\">\u0130htiyac\u0131n\u0131z\u0131 Belirleyelim<\/h3>\t\t\t\t<\/div>\n\t\t\t\t<\/div>\n\t\t\t\t<div class=\"elementor-element elementor-element-ff72f50 elementor-widget elementor-widget-text-editor\" data-id=\"ff72f50\" data-element_type=\"widget\" data-widget_type=\"text-editor.default\">\n\t\t\t\t<div class=\"elementor-widget-container\">\n\t\t\t\t\t\t\t\t\t<p>\u0130htiyac\u0131n\u0131za en uygun kompres\u00f6r \u00e7\u00f6z\u00fcm\u00fcn\u00fc birlikte belirleyelim.<\/p>\t\t\t\t\t\t\t\t<\/div>\n\t\t\t\t<\/div>\n\t\t\t\t\t<\/div>\n\t\t\t\t<\/div>\n\t\t<div class=\"elementor-element elementor-element-4220882c e-flex e-con-boxed e-con e-child\" data-id=\"4220882c\" data-element_type=\"container\">\n\t\t\t\t\t<div class=\"e-con-inner\">\n\t\t\t\t<div class=\"elementor-element elementor-element-12fe06b6 elementor-absolute elementor-hidden-mobile elementor-view-default elementor-widget elementor-widget-icon\" data-id=\"12fe06b6\" data-element_type=\"widget\" data-settings=\"{&quot;_position&quot;:&quot;absolute&quot;}\" data-widget_type=\"icon.default\">\n\t\t\t\t<div class=\"elementor-widget-container\">\n\t\t\t\t\t\t\t<div class=\"elementor-icon-wrapper\">\n\t\t\t<div class=\"elementor-icon\">\n\t\t\t<svg aria-hidden=\"true\" class=\"e-font-icon-svg e-fas-arrow-right\" viewBox=\"0 0 448 512\" xmlns=\"http:\/\/www.w3.org\/2000\/svg\"><path d=\"M190.5 66.9l22.2-22.2c9.4-9.4 24.6-9.4 33.9 0L441 239c9.4 9.4 9.4 24.6 0 33.9L246.6 467.3c-9.4 9.4-24.6 9.4-33.9 0l-22.2-22.2c-9.5-9.5-9.3-25 .4-34.3L311.4 296H24c-13.3 0-24-10.7-24-24v-32c0-13.3 10.7-24 24-24h287.4L190.9 101.2c-9.8-9.3-10-24.8-.4-34.3z\"><\/path><\/svg>\t\t\t<\/div>\n\t\t<\/div>\n\t\t\t\t\t\t<\/div>\n\t\t\t\t<\/div>\n\t\t\t\t<div class=\"elementor-element elementor-element-5693bbf8 elementor-view-stacked elementor-shape-square elementor-widget elementor-widget-icon\" data-id=\"5693bbf8\" data-element_type=\"widget\" data-widget_type=\"icon.default\">\n\t\t\t\t<div class=\"elementor-widget-container\">\n\t\t\t\t\t\t\t<div class=\"elementor-icon-wrapper\">\n\t\t\t<div class=\"elementor-icon\">\n\t\t\t<i aria-hidden=\"true\" class=\"icon icon-contract\"><\/i>\t\t\t<\/div>\n\t\t<\/div>\n\t\t\t\t\t\t<\/div>\n\t\t\t\t<\/div>\n\t\t\t\t<div class=\"elementor-element elementor-element-27425c7 elementor-widget elementor-widget-heading\" data-id=\"27425c7\" data-element_type=\"widget\" data-widget_type=\"heading.default\">\n\t\t\t\t<div class=\"elementor-widget-container\">\n\t\t\t\t\t<h3 class=\"elementor-heading-title elementor-size-default\">Teklif ve S\u00f6zle\u015fme<\/h3>\t\t\t\t<\/div>\n\t\t\t\t<\/div>\n\t\t\t\t<div class=\"elementor-element elementor-element-73691b7b elementor-widget elementor-widget-text-editor\" data-id=\"73691b7b\" data-element_type=\"widget\" data-widget_type=\"text-editor.default\">\n\t\t\t\t<div class=\"elementor-widget-container\">\n\t\t\t\t\t\t\t\t\t<p>Size \u00f6zel teklif sunuyor, anla\u015fmam\u0131z\u0131 s\u00f6zle\u015fme ile g\u00fcvence alt\u0131na al\u0131yoruz.<\/p>\t\t\t\t\t\t\t\t<\/div>\n\t\t\t\t<\/div>\n\t\t\t\t\t<\/div>\n\t\t\t\t<\/div>\n\t\t\t\t\t<\/div>\n\t\t\t\t<\/div>\n\t\t<div class=\"elementor-element elementor-element-6668eca2 e-flex e-con-boxed e-con e-child\" data-id=\"6668eca2\" data-element_type=\"container\">\n\t\t\t\t\t<div class=\"e-con-inner\">\n\t\t<div class=\"elementor-element elementor-element-7c067903 e-flex e-con-boxed e-con e-child\" data-id=\"7c067903\" data-element_type=\"container\">\n\t\t\t\t\t<div class=\"e-con-inner\">\n\t\t\t\t<div class=\"elementor-element elementor-element-466498c8 elementor-absolute elementor-hidden-mobile elementor-view-default elementor-widget elementor-widget-icon\" data-id=\"466498c8\" data-element_type=\"widget\" data-settings=\"{&quot;_position&quot;:&quot;absolute&quot;}\" data-widget_type=\"icon.default\">\n\t\t\t\t<div class=\"elementor-widget-container\">\n\t\t\t\t\t\t\t<div class=\"elementor-icon-wrapper\">\n\t\t\t<div class=\"elementor-icon\">\n\t\t\t<svg aria-hidden=\"true\" class=\"e-font-icon-svg e-fas-arrow-right\" viewBox=\"0 0 448 512\" xmlns=\"http:\/\/www.w3.org\/2000\/svg\"><path d=\"M190.5 66.9l22.2-22.2c9.4-9.4 24.6-9.4 33.9 0L441 239c9.4 9.4 9.4 24.6 0 33.9L246.6 467.3c-9.4 9.4-24.6 9.4-33.9 0l-22.2-22.2c-9.5-9.5-9.3-25 .4-34.3L311.4 296H24c-13.3 0-24-10.7-24-24v-32c0-13.3 10.7-24 24-24h287.4L190.9 101.2c-9.8-9.3-10-24.8-.4-34.3z\"><\/path><\/svg>\t\t\t<\/div>\n\t\t<\/div>\n\t\t\t\t\t\t<\/div>\n\t\t\t\t<\/div>\n\t\t\t\t<div class=\"elementor-element elementor-element-6e8f32f2 elementor-view-stacked elementor-shape-square elementor-widget elementor-widget-icon\" data-id=\"6e8f32f2\" data-element_type=\"widget\" data-widget_type=\"icon.default\">\n\t\t\t\t<div class=\"elementor-widget-container\">\n\t\t\t\t\t\t\t<div class=\"elementor-icon-wrapper\">\n\t\t\t<div class=\"elementor-icon\">\n\t\t\t<i aria-hidden=\"true\" class=\"icon icon-customer-support\"><\/i>\t\t\t<\/div>\n\t\t<\/div>\n\t\t\t\t\t\t<\/div>\n\t\t\t\t<\/div>\n\t\t\t\t<div class=\"elementor-element elementor-element-682251f1 elementor-widget elementor-widget-heading\" data-id=\"682251f1\" data-element_type=\"widget\" data-widget_type=\"heading.default\">\n\t\t\t\t<div class=\"elementor-widget-container\">\n\t\t\t\t\t<h3 class=\"elementor-heading-title elementor-size-default\">\u00dcretim S\u00fcreci<\/h3>\t\t\t\t<\/div>\n\t\t\t\t<\/div>\n\t\t\t\t<div class=\"elementor-element elementor-element-b2b780a elementor-widget elementor-widget-text-editor\" data-id=\"b2b780a\" data-element_type=\"widget\" data-widget_type=\"text-editor.default\">\n\t\t\t\t<div class=\"elementor-widget-container\">\n\t\t\t\t\t\t\t\t\t<p>Kompres\u00f6r\u00fcn\u00fcz\u00fc, en kaliteli malzemeler ve titiz m\u00fchendislik ile \u00fcretiyoruz<\/p>\t\t\t\t\t\t\t\t<\/div>\n\t\t\t\t<\/div>\n\t\t\t\t\t<\/div>\n\t\t\t\t<\/div>\n\t\t<div class=\"elementor-element elementor-element-746e37f0 e-flex e-con-boxed e-con e-child\" data-id=\"746e37f0\" data-element_type=\"container\">\n\t\t\t\t\t<div class=\"e-con-inner\">\n\t\t\t\t<div class=\"elementor-element elementor-element-7a416780 elementor-view-stacked elementor-shape-square elementor-widget elementor-widget-icon\" data-id=\"7a416780\" data-element_type=\"widget\" data-widget_type=\"icon.default\">\n\t\t\t\t<div class=\"elementor-widget-container\">\n\t\t\t\t\t\t\t<div class=\"elementor-icon-wrapper\">\n\t\t\t<div class=\"elementor-icon\">\n\t\t\t<i aria-hidden=\"true\" class=\"icon icon-settings\"><\/i>\t\t\t<\/div>\n\t\t<\/div>\n\t\t\t\t\t\t<\/div>\n\t\t\t\t<\/div>\n\t\t\t\t<div class=\"elementor-element elementor-element-7930f848 elementor-widget elementor-widget-heading\" data-id=\"7930f848\" data-element_type=\"widget\" data-widget_type=\"heading.default\">\n\t\t\t\t<div class=\"elementor-widget-container\">\n\t\t\t\t\t<h3 class=\"elementor-heading-title elementor-size-default\">Kalite Kontrol ve Teslimat<\/h3>\t\t\t\t<\/div>\n\t\t\t\t<\/div>\n\t\t\t\t<div class=\"elementor-element elementor-element-73942696 elementor-widget elementor-widget-text-editor\" data-id=\"73942696\" data-element_type=\"widget\" data-widget_type=\"text-editor.default\">\n\t\t\t\t<div class=\"elementor-widget-container\">\n\t\t\t\t\t\t\t\t\t<p>\u00dcretilen kompres\u00f6r, kalite kontrol testlerinden ge\u00e7tikten sonra teslim edilir.<\/p>\t\t\t\t\t\t\t\t<\/div>\n\t\t\t\t<\/div>\n\t\t\t\t\t<\/div>\n\t\t\t\t<\/div>\n\t\t\t\t\t<\/div>\n\t\t\t\t<\/div>\n\t\t\t\t\t<\/div>\n\t\t\t\t<\/div>\n\t\t\t\t\t<\/div>\n\t\t\t\t<\/div>\n\t\t\t\t<\/div>\n\t\t","protected":false},"excerpt":{"rendered":"<p>ProAir Technologies Ya\u011fs\u0131z Pistonlu Kompres\u00f6rler Ya\u011fs\u0131z Pistonlu Kompres\u00f6rler Yenili\u011fe olan ba\u011fl\u0131l\u0131\u011f\u0131m\u0131z\u0131\u00a0tasar\u0131mla birle\u015ftiriyoruz. Y\u00fcksek s\u0131k\u0131\u015ft\u0131rma gerektiren PET \u015fi\u015feleme, yiyecek ve i\u00e7ecek end\u00fcstrileri i\u00e7in g\u00fcvenilir ve y\u00fcksek performansl\u0131 hava \u00e7\u00f6z\u00fcmleri sunuyoruz. Ya\u011fs\u0131z pistonlu kompres\u00f6r serimiz ba\u015ftan sona tasarlanm\u0131\u015ft\u0131r. End\u00fcstrinin zorlu gereksinimlerini kar\u015f\u0131lamakta ve rakipsiz d\u00fczeyde performans, verimlilik ve g\u00fcvenilirlik sa\u011flamaktad\u0131r. Tehlikede olan sadece \u00fcretiminiz de\u011fil ayn\u0131 zamanda [&hellip;]<\/p>\n","protected":false},"author":1,"featured_media":0,"parent":0,"menu_order":0,"comment_status":"closed","ping_status":"closed","template":"","meta":{"footnotes":""},"class_list":["post-329","page","type-page","status-publish","hentry"],"_links":{"self":[{"href":"https:\/\/proairtechnologies.com\/index.php?rest_route=\/wp\/v2\/pages\/329","targetHints":{"allow":["GET"]}}],"collection":[{"href":"https:\/\/proairtechnologies.com\/index.php?rest_route=\/wp\/v2\/pages"}],"about":[{"href":"https:\/\/proairtechnologies.com\/index.php?rest_route=\/wp\/v2\/types\/page"}],"author":[{"embeddable":true,"href":"https:\/\/proairtechnologies.com\/index.php?rest_route=\/wp\/v2\/users\/1"}],"replies":[{"embeddable":true,"href":"https:\/\/proairtechnologies.com\/index.php?rest_route=%2Fwp%2Fv2%2Fcomments&post=329"}],"version-history":[{"count":10,"href":"https:\/\/proairtechnologies.com\/index.php?rest_route=\/wp\/v2\/pages\/329\/revisions"}],"predecessor-version":[{"id":1034,"href":"https:\/\/proairtechnologies.com\/index.php?rest_route=\/wp\/v2\/pages\/329\/revisions\/1034"}],"wp:attachment":[{"href":"https:\/\/proairtechnologies.com\/index.php?rest_route=%2Fwp%2Fv2%2Fmedia&parent=329"}],"curies":[{"name":"wp","href":"https:\/\/api.w.org\/{rel}","templated":true}]}}