{"id":306,"date":"2025-04-26T21:13:20","date_gmt":"2025-04-26T21:13:20","guid":{"rendered":"https:\/\/proairtechnologies.com\/?page_id=306"},"modified":"2025-05-22T12:09:28","modified_gmt":"2025-05-22T12:09:28","slug":"yag-enjekteli-vidali-kompresorler","status":"publish","type":"page","link":"https:\/\/proairtechnologies.com\/?page_id=306","title":{"rendered":"Ya\u011f Enjekteli Vidal\u0131 Kompres\u00f6rler"},"content":{"rendered":"\t\t<div data-elementor-type=\"wp-page\" data-elementor-id=\"306\" class=\"elementor elementor-306\">\n\t\t\t\t<div class=\"elementor-element elementor-element-60e8e6f8 e-flex e-con-boxed e-con e-parent\" data-id=\"60e8e6f8\" data-element_type=\"container\" data-settings=\"{&quot;background_background&quot;:&quot;classic&quot;,&quot;shape_divider_bottom&quot;:&quot;triangle&quot;}\">\n\t\t\t\t\t<div class=\"e-con-inner\">\n\t\t\t\t<div class=\"elementor-shape elementor-shape-bottom\" data-negative=\"false\">\n\t\t\t<svg xmlns=\"http:\/\/www.w3.org\/2000\/svg\" viewBox=\"0 0 1000 100\" preserveAspectRatio=\"none\">\n\t<path class=\"elementor-shape-fill\" d=\"M500,98.9L0,6.1V0h1000v6.1L500,98.9z\"\/>\n<\/svg>\t\t<\/div>\n\t\t<div class=\"elementor-element elementor-element-284eb153 e-flex e-con-boxed e-con e-child\" data-id=\"284eb153\" data-element_type=\"container\">\n\t\t\t\t\t<div class=\"e-con-inner\">\n\t\t\t\t<div class=\"elementor-element elementor-element-713696dd elementor-widget elementor-widget-heading\" data-id=\"713696dd\" data-element_type=\"widget\" data-widget_type=\"heading.default\">\n\t\t\t\t<div class=\"elementor-widget-container\">\n\t\t\t\t\t<h2 class=\"elementor-heading-title elementor-size-default\">ProAir\nTechnologies<\/h2>\t\t\t\t<\/div>\n\t\t\t\t<\/div>\n\t\t\t\t<div class=\"elementor-element elementor-element-226bbf95 elementor-widget elementor-widget-heading\" data-id=\"226bbf95\" data-element_type=\"widget\" data-widget_type=\"heading.default\">\n\t\t\t\t<div class=\"elementor-widget-container\">\n\t\t\t\t\t<h1 class=\"elementor-heading-title elementor-size-default\">Ya\u011f Enjekteli Vidal\u0131 Kompres\u00f6rler<\/h1>\t\t\t\t<\/div>\n\t\t\t\t<\/div>\n\t\t\t\t\t<\/div>\n\t\t\t\t<\/div>\n\t\t\t\t\t<\/div>\n\t\t\t\t<\/div>\n\t\t<div class=\"elementor-element elementor-element-64533049 e-flex e-con-boxed e-con e-parent\" data-id=\"64533049\" data-element_type=\"container\">\n\t\t\t\t\t<div class=\"e-con-inner\">\n\t\t<div class=\"elementor-element elementor-element-1ca46e59 e-flex e-con-boxed e-con e-child\" data-id=\"1ca46e59\" data-element_type=\"container\">\n\t\t\t\t\t<div class=\"e-con-inner\">\n\t\t\t\t<div class=\"elementor-element elementor-element-4d0aa671 elementor-widget elementor-widget-heading\" data-id=\"4d0aa671\" data-element_type=\"widget\" data-widget_type=\"heading.default\">\n\t\t\t\t<div class=\"elementor-widget-container\">\n\t\t\t\t\t<h2 class=\"elementor-heading-title elementor-size-default\">Ya\u011f Enjekteli Vidal\u0131 Kompres\u00f6rler<\/h2>\t\t\t\t<\/div>\n\t\t\t\t<\/div>\n\t\t\t\t<div class=\"elementor-element elementor-element-38045823 elementor-widget elementor-widget-text-editor\" data-id=\"38045823\" data-element_type=\"widget\" data-widget_type=\"text-editor.default\">\n\t\t\t\t<div class=\"elementor-widget-container\">\n\t\t\t\t\t\t\t\t\t<p><b>Verimli Vida\u00a0<\/b>Blo\u011fu ile \u00dcst\u00fcn Performans<\/p>\t\t\t\t\t\t\t\t<\/div>\n\t\t\t\t<\/div>\n\t\t\t\t\t<\/div>\n\t\t\t\t<\/div>\n\t\t\t\t\t<\/div>\n\t\t\t\t<\/div>\n\t\t<div class=\"elementor-element elementor-element-2166145 e-flex e-con-boxed e-con e-parent\" data-id=\"2166145\" data-element_type=\"container\">\n\t\t\t\t\t<div class=\"e-con-inner\">\n\t\t<div class=\"elementor-element elementor-element-73bbb2b3 e-con-full e-flex e-con e-child\" data-id=\"73bbb2b3\" data-element_type=\"container\">\n\t\t<div class=\"elementor-element elementor-element-74cd3052 e-flex e-con-boxed e-con e-child\" data-id=\"74cd3052\" data-element_type=\"container\">\n\t\t\t\t\t<div class=\"e-con-inner\">\n\t\t\t\t<div class=\"elementor-element elementor-element-15fcd42c elementor-widget elementor-widget-text-editor\" data-id=\"15fcd42c\" data-element_type=\"widget\" data-widget_type=\"text-editor.default\">\n\t\t\t\t<div class=\"elementor-widget-container\">\n\t\t\t\t\t\t\t\t\t<p>Kompres\u00f6rler finansal bir yat\u0131r\u0131mdan daha fazlas\u0131d\u0131r; \u00fcreticilerin tutarl\u0131, y\u00fcksek kaliteli, d\u00fc\u015f\u00fck maliyetli hava almas\u0131n\u0131 sa\u011flamada \u00f6nemli bir bile\u015fendir.<\/p><p>Vidal\u0131 s\u0131k\u0131\u015ft\u0131rma komponenti, i\u015fletmenizin b\u00fcy\u00fckl\u00fc\u011f\u00fc ne olursa olsun kompres\u00f6r\u00fcn ve tesisinizin kalbidir.<\/p><p>Y\u00fcksek kapasiteli bas\u0131n\u00e7l\u0131 hava sa\u011flayan patentli ve dayan\u0131kl\u0131 vida blo\u011fu her modelin kapasite ihtiyac\u0131na g\u00f6re se\u00e7ilmektedir. Yeni rotor profilleri \u00fcretim s\u00fcrecinde daha az hava s\u0131z\u0131nt\u0131s\u0131 ve daha d\u00fc\u015f\u00fck tork gereksinimi sa\u011flar.<\/p><p>Kompres\u00f6r\u00fcn \u00f6mr\u00fc boyunca t\u00fcm i\u015fletme maliyetlerinin d\u00fc\u015f\u00fck kalmas\u0131n\u0131 sa\u011flayan g\u00fcvenilirlik ve performans\u0131 sunuyoruz.<\/p>\t\t\t\t\t\t\t\t<\/div>\n\t\t\t\t<\/div>\n\t\t\t\t\t<\/div>\n\t\t\t\t<\/div>\n\t\t\t\t<\/div>\n\t\t<div class=\"elementor-element elementor-element-712f5ce e-con-full e-flex e-con e-child\" data-id=\"712f5ce\" data-element_type=\"container\" data-settings=\"{&quot;background_background&quot;:&quot;classic&quot;}\">\n\t\t\t\t<\/div>\n\t\t<div class=\"elementor-element elementor-element-3567ed45 e-con-full e-flex e-con e-child\" data-id=\"3567ed45\" data-element_type=\"container\" data-settings=\"{&quot;background_background&quot;:&quot;classic&quot;}\">\n\t\t\t\t<\/div>\n\t\t<div class=\"elementor-element elementor-element-77d72d6b e-con-full e-flex e-con e-child\" data-id=\"77d72d6b\" data-element_type=\"container\">\n\t\t<div class=\"elementor-element elementor-element-3dbc925f e-flex e-con-boxed e-con e-child\" data-id=\"3dbc925f\" data-element_type=\"container\">\n\t\t\t\t\t<div class=\"e-con-inner\">\n\t\t\t\t<div class=\"elementor-element elementor-element-74c0426d elementor-widget elementor-widget-text-editor\" data-id=\"74c0426d\" data-element_type=\"widget\" data-widget_type=\"text-editor.default\">\n\t\t\t\t<div class=\"elementor-widget-container\">\n\t\t\t\t\t\t\t\t\t<p>Ya\u011f enjeksiyonlu d\u00f6ner vidal\u0131 kompres\u00f6r, s\u00fcrekli bir d\u00f6nme hareketi yoluyla g\u00fcc\u00fc verimli bir \u015fekilde bas\u0131n\u00e7l\u0131 havaya d\u00f6n\u00fc\u015ft\u00fcren \u00e7ok y\u00f6nl\u00fc bir end\u00fcstriyel makinedir.<\/p><p>Uygulama ne olursa olsun, \u00fcretim s\u00fcreciniz boyunca d\u00f6ner vidal\u0131 hava kompres\u00f6r\u00fc kullanman\u0131n bir\u00e7ok avantaj\u0131 vard\u0131r. Teknolojik geli\u015fmelerin m\u00fcmk\u00fcn k\u0131ld\u0131\u011f\u0131 bu faydalar aras\u0131nda optimum enerji verimlili\u011fi de yer almaktad\u0131r.<\/p><p>\u00c7ok daha basit olan pistonlu hava kompres\u00f6rleriyle kar\u015f\u0131la\u015ft\u0131r\u0131ld\u0131\u011f\u0131nda, d\u00f6ner vidal\u0131 hava kompres\u00f6rleri genellikle daha \u00fcst\u00fcnd\u00fcr. Pistonlu kompres\u00f6r kullan\u0131yorsan\u0131z bas\u0131n\u00e7l\u0131 hava sisteminizi y\u00fckseltmenin zaman\u0131 gelmi\u015f olabilir. \u00d6zellikle artan enerji maliyetleri nedeniyle maliyet tasarrufu sa\u011flayabilirsiniz.<\/p><p>D\u00f6ner vidal\u0131 kompres\u00f6rler, \u00e7ok \u00e7e\u015fitli end\u00fcstrilerdeki \u015firketler i\u00e7in g\u00fcvenilir, uygun maliyetli bir bas\u0131n\u00e7l\u0131 hava \u00e7\u00f6z\u00fcm\u00fc sa\u011flayabilir. Aral\u0131kl\u0131 uygulamalara daha uygun olan pistonlu hava kompres\u00f6rlerinin aksine, ya\u011fl\u0131 hava kompres\u00f6rleri s\u00fcrekli kullan\u0131m\u0131n zorluklar\u0131na dayanabilir. Verimli olmayan ar\u0131za s\u00fcrelerine neden olan uzun kesintiler olmadan ekipman ve makinelerin \u00e7al\u0131\u015f\u0131r durumda tutulmas\u0131 i\u00e7in s\u00fcrekli bas\u0131n\u00e7l\u0131 hava beslemesinin hayati \u00f6nem ta\u015f\u0131d\u0131\u011f\u0131 7\/24 operasyonlar\u0131n a\u011f\u0131r taleplerini kar\u015f\u0131layabilirler.<\/p><p><b>\u00a0Operasyonunuzda vidal\u0131 kompres\u00f6r\u00fcn kullan\u0131lmas\u0131 gerekiyorsa \u00fcr\u00fcn sayfalar\u0131m\u0131za g\u00f6z at\u0131n veya yard\u0131m i\u00e7in ekibimizle ileti\u015fime ge\u00e7in.\u00a0<\/b><\/p>\t\t\t\t\t\t\t\t<\/div>\n\t\t\t\t<\/div>\n\t\t\t\t\t<\/div>\n\t\t\t\t<\/div>\n\t\t\t\t<\/div>\n\t\t\t\t\t<\/div>\n\t\t\t\t<\/div>\n\t\t<div class=\"elementor-element elementor-element-7a610856 e-flex e-con-boxed e-con e-parent\" data-id=\"7a610856\" data-element_type=\"container\">\n\t\t\t\t\t<div class=\"e-con-inner\">\n\t\t\t\t<div class=\"elementor-element elementor-element-4710549e elementor-widget elementor-widget-heading\" data-id=\"4710549e\" data-element_type=\"widget\" data-widget_type=\"heading.default\">\n\t\t\t\t<div class=\"elementor-widget-container\">\n\t\t\t\t\t<h2 class=\"elementor-heading-title elementor-size-default\">Nas\u0131l \u00c7al\u0131\u015f\u0131yoruz<\/h2>\t\t\t\t<\/div>\n\t\t\t\t<\/div>\n\t\t\t\t<div class=\"elementor-element elementor-element-2e0c16eb elementor-widget elementor-widget-text-editor\" data-id=\"2e0c16eb\" data-element_type=\"widget\" data-widget_type=\"text-editor.default\">\n\t\t\t\t<div class=\"elementor-widget-container\">\n\t\t\t\t\t\t\t\t\t<p>\u0130htiyac\u0131n\u0131za uygun end\u00fcstriyel kompres\u00f6rleri en y\u00fcksek kalite standartlar\u0131nda \u00fcretiyoruz. S\u00fcre\u00e7lerimizi ke\u015ffedin.<\/p>\t\t\t\t\t\t\t\t<\/div>\n\t\t\t\t<\/div>\n\t\t<div class=\"elementor-element elementor-element-926d211 e-flex e-con-boxed e-con e-child\" data-id=\"926d211\" data-element_type=\"container\">\n\t\t\t\t\t<div class=\"e-con-inner\">\n\t\t<div class=\"elementor-element elementor-element-7cc6257d e-flex e-con-boxed e-con e-child\" data-id=\"7cc6257d\" data-element_type=\"container\">\n\t\t\t\t\t<div class=\"e-con-inner\">\n\t\t<div class=\"elementor-element elementor-element-6cdfe914 e-flex e-con-boxed e-con e-child\" data-id=\"6cdfe914\" data-element_type=\"container\">\n\t\t\t\t\t<div class=\"e-con-inner\">\n\t\t\t\t<div class=\"elementor-element elementor-element-483acb55 elementor-absolute elementor-hidden-mobile elementor-view-default elementor-widget elementor-widget-icon\" data-id=\"483acb55\" data-element_type=\"widget\" data-settings=\"{&quot;_position&quot;:&quot;absolute&quot;}\" data-widget_type=\"icon.default\">\n\t\t\t\t<div class=\"elementor-widget-container\">\n\t\t\t\t\t\t\t<div class=\"elementor-icon-wrapper\">\n\t\t\t<div class=\"elementor-icon\">\n\t\t\t<svg aria-hidden=\"true\" class=\"e-font-icon-svg e-fas-arrow-right\" viewBox=\"0 0 448 512\" xmlns=\"http:\/\/www.w3.org\/2000\/svg\"><path d=\"M190.5 66.9l22.2-22.2c9.4-9.4 24.6-9.4 33.9 0L441 239c9.4 9.4 9.4 24.6 0 33.9L246.6 467.3c-9.4 9.4-24.6 9.4-33.9 0l-22.2-22.2c-9.5-9.5-9.3-25 .4-34.3L311.4 296H24c-13.3 0-24-10.7-24-24v-32c0-13.3 10.7-24 24-24h287.4L190.9 101.2c-9.8-9.3-10-24.8-.4-34.3z\"><\/path><\/svg>\t\t\t<\/div>\n\t\t<\/div>\n\t\t\t\t\t\t<\/div>\n\t\t\t\t<\/div>\n\t\t\t\t<div class=\"elementor-element elementor-element-60a3f59b elementor-view-stacked elementor-shape-square elementor-widget elementor-widget-icon\" data-id=\"60a3f59b\" data-element_type=\"widget\" data-widget_type=\"icon.default\">\n\t\t\t\t<div class=\"elementor-widget-container\">\n\t\t\t\t\t\t\t<div class=\"elementor-icon-wrapper\">\n\t\t\t<div class=\"elementor-icon\">\n\t\t\t<i aria-hidden=\"true\" class=\"icon icon-chat\"><\/i>\t\t\t<\/div>\n\t\t<\/div>\n\t\t\t\t\t\t<\/div>\n\t\t\t\t<\/div>\n\t\t\t\t<div class=\"elementor-element elementor-element-119f4e46 elementor-widget elementor-widget-heading\" data-id=\"119f4e46\" data-element_type=\"widget\" data-widget_type=\"heading.default\">\n\t\t\t\t<div class=\"elementor-widget-container\">\n\t\t\t\t\t<h3 class=\"elementor-heading-title elementor-size-default\">\u0130htiyac\u0131n\u0131z\u0131 Belirleyelim<\/h3>\t\t\t\t<\/div>\n\t\t\t\t<\/div>\n\t\t\t\t<div class=\"elementor-element elementor-element-67640062 elementor-widget elementor-widget-text-editor\" data-id=\"67640062\" data-element_type=\"widget\" data-widget_type=\"text-editor.default\">\n\t\t\t\t<div class=\"elementor-widget-container\">\n\t\t\t\t\t\t\t\t\t<p>\u0130htiyac\u0131n\u0131za en uygun kompres\u00f6r \u00e7\u00f6z\u00fcm\u00fcn\u00fc birlikte belirleyelim.<\/p>\t\t\t\t\t\t\t\t<\/div>\n\t\t\t\t<\/div>\n\t\t\t\t\t<\/div>\n\t\t\t\t<\/div>\n\t\t<div class=\"elementor-element elementor-element-1435d8f1 e-flex e-con-boxed e-con e-child\" data-id=\"1435d8f1\" data-element_type=\"container\">\n\t\t\t\t\t<div class=\"e-con-inner\">\n\t\t\t\t<div class=\"elementor-element elementor-element-ec1df03 elementor-absolute elementor-hidden-mobile elementor-view-default elementor-widget elementor-widget-icon\" data-id=\"ec1df03\" data-element_type=\"widget\" data-settings=\"{&quot;_position&quot;:&quot;absolute&quot;}\" data-widget_type=\"icon.default\">\n\t\t\t\t<div class=\"elementor-widget-container\">\n\t\t\t\t\t\t\t<div class=\"elementor-icon-wrapper\">\n\t\t\t<div class=\"elementor-icon\">\n\t\t\t<svg aria-hidden=\"true\" class=\"e-font-icon-svg e-fas-arrow-right\" viewBox=\"0 0 448 512\" xmlns=\"http:\/\/www.w3.org\/2000\/svg\"><path d=\"M190.5 66.9l22.2-22.2c9.4-9.4 24.6-9.4 33.9 0L441 239c9.4 9.4 9.4 24.6 0 33.9L246.6 467.3c-9.4 9.4-24.6 9.4-33.9 0l-22.2-22.2c-9.5-9.5-9.3-25 .4-34.3L311.4 296H24c-13.3 0-24-10.7-24-24v-32c0-13.3 10.7-24 24-24h287.4L190.9 101.2c-9.8-9.3-10-24.8-.4-34.3z\"><\/path><\/svg>\t\t\t<\/div>\n\t\t<\/div>\n\t\t\t\t\t\t<\/div>\n\t\t\t\t<\/div>\n\t\t\t\t<div class=\"elementor-element elementor-element-4f165e4d elementor-view-stacked elementor-shape-square elementor-widget elementor-widget-icon\" data-id=\"4f165e4d\" data-element_type=\"widget\" data-widget_type=\"icon.default\">\n\t\t\t\t<div class=\"elementor-widget-container\">\n\t\t\t\t\t\t\t<div class=\"elementor-icon-wrapper\">\n\t\t\t<div class=\"elementor-icon\">\n\t\t\t<i aria-hidden=\"true\" class=\"icon icon-contract\"><\/i>\t\t\t<\/div>\n\t\t<\/div>\n\t\t\t\t\t\t<\/div>\n\t\t\t\t<\/div>\n\t\t\t\t<div class=\"elementor-element elementor-element-30545562 elementor-widget elementor-widget-heading\" data-id=\"30545562\" data-element_type=\"widget\" data-widget_type=\"heading.default\">\n\t\t\t\t<div class=\"elementor-widget-container\">\n\t\t\t\t\t<h3 class=\"elementor-heading-title elementor-size-default\">Teklif ve S\u00f6zle\u015fme<\/h3>\t\t\t\t<\/div>\n\t\t\t\t<\/div>\n\t\t\t\t<div class=\"elementor-element elementor-element-3226565b elementor-widget elementor-widget-text-editor\" data-id=\"3226565b\" data-element_type=\"widget\" data-widget_type=\"text-editor.default\">\n\t\t\t\t<div class=\"elementor-widget-container\">\n\t\t\t\t\t\t\t\t\t<p>Size \u00f6zel teklif sunuyor, anla\u015fmam\u0131z\u0131 s\u00f6zle\u015fme ile g\u00fcvence alt\u0131na al\u0131yoruz.<\/p>\t\t\t\t\t\t\t\t<\/div>\n\t\t\t\t<\/div>\n\t\t\t\t\t<\/div>\n\t\t\t\t<\/div>\n\t\t\t\t\t<\/div>\n\t\t\t\t<\/div>\n\t\t<div class=\"elementor-element elementor-element-3194ac7a e-flex e-con-boxed e-con e-child\" data-id=\"3194ac7a\" data-element_type=\"container\">\n\t\t\t\t\t<div class=\"e-con-inner\">\n\t\t<div class=\"elementor-element elementor-element-3f70f23e e-flex e-con-boxed e-con e-child\" data-id=\"3f70f23e\" data-element_type=\"container\">\n\t\t\t\t\t<div class=\"e-con-inner\">\n\t\t\t\t<div class=\"elementor-element elementor-element-30890242 elementor-absolute elementor-hidden-mobile elementor-view-default elementor-widget elementor-widget-icon\" data-id=\"30890242\" data-element_type=\"widget\" data-settings=\"{&quot;_position&quot;:&quot;absolute&quot;}\" data-widget_type=\"icon.default\">\n\t\t\t\t<div class=\"elementor-widget-container\">\n\t\t\t\t\t\t\t<div class=\"elementor-icon-wrapper\">\n\t\t\t<div class=\"elementor-icon\">\n\t\t\t<svg aria-hidden=\"true\" class=\"e-font-icon-svg e-fas-arrow-right\" viewBox=\"0 0 448 512\" xmlns=\"http:\/\/www.w3.org\/2000\/svg\"><path d=\"M190.5 66.9l22.2-22.2c9.4-9.4 24.6-9.4 33.9 0L441 239c9.4 9.4 9.4 24.6 0 33.9L246.6 467.3c-9.4 9.4-24.6 9.4-33.9 0l-22.2-22.2c-9.5-9.5-9.3-25 .4-34.3L311.4 296H24c-13.3 0-24-10.7-24-24v-32c0-13.3 10.7-24 24-24h287.4L190.9 101.2c-9.8-9.3-10-24.8-.4-34.3z\"><\/path><\/svg>\t\t\t<\/div>\n\t\t<\/div>\n\t\t\t\t\t\t<\/div>\n\t\t\t\t<\/div>\n\t\t\t\t<div class=\"elementor-element elementor-element-6b443f8c elementor-view-stacked elementor-shape-square elementor-widget elementor-widget-icon\" data-id=\"6b443f8c\" data-element_type=\"widget\" data-widget_type=\"icon.default\">\n\t\t\t\t<div class=\"elementor-widget-container\">\n\t\t\t\t\t\t\t<div class=\"elementor-icon-wrapper\">\n\t\t\t<div class=\"elementor-icon\">\n\t\t\t<i aria-hidden=\"true\" class=\"icon icon-customer-support\"><\/i>\t\t\t<\/div>\n\t\t<\/div>\n\t\t\t\t\t\t<\/div>\n\t\t\t\t<\/div>\n\t\t\t\t<div class=\"elementor-element elementor-element-4b5a3dde elementor-widget elementor-widget-heading\" data-id=\"4b5a3dde\" data-element_type=\"widget\" data-widget_type=\"heading.default\">\n\t\t\t\t<div class=\"elementor-widget-container\">\n\t\t\t\t\t<h3 class=\"elementor-heading-title elementor-size-default\">\u00dcretim S\u00fcreci<\/h3>\t\t\t\t<\/div>\n\t\t\t\t<\/div>\n\t\t\t\t<div class=\"elementor-element elementor-element-56a6c6cf elementor-widget elementor-widget-text-editor\" data-id=\"56a6c6cf\" data-element_type=\"widget\" data-widget_type=\"text-editor.default\">\n\t\t\t\t<div class=\"elementor-widget-container\">\n\t\t\t\t\t\t\t\t\t<p>Kompres\u00f6r\u00fcn\u00fcz\u00fc, en kaliteli malzemeler ve titiz m\u00fchendislik ile \u00fcretiyoruz<\/p>\t\t\t\t\t\t\t\t<\/div>\n\t\t\t\t<\/div>\n\t\t\t\t\t<\/div>\n\t\t\t\t<\/div>\n\t\t<div class=\"elementor-element elementor-element-70af1f2 e-flex e-con-boxed e-con e-child\" data-id=\"70af1f2\" data-element_type=\"container\">\n\t\t\t\t\t<div class=\"e-con-inner\">\n\t\t\t\t<div class=\"elementor-element elementor-element-d90a7d1 elementor-view-stacked elementor-shape-square elementor-widget elementor-widget-icon\" data-id=\"d90a7d1\" data-element_type=\"widget\" data-widget_type=\"icon.default\">\n\t\t\t\t<div class=\"elementor-widget-container\">\n\t\t\t\t\t\t\t<div class=\"elementor-icon-wrapper\">\n\t\t\t<div class=\"elementor-icon\">\n\t\t\t<i aria-hidden=\"true\" class=\"icon icon-settings\"><\/i>\t\t\t<\/div>\n\t\t<\/div>\n\t\t\t\t\t\t<\/div>\n\t\t\t\t<\/div>\n\t\t\t\t<div class=\"elementor-element elementor-element-4ff97305 elementor-widget elementor-widget-heading\" data-id=\"4ff97305\" data-element_type=\"widget\" data-widget_type=\"heading.default\">\n\t\t\t\t<div class=\"elementor-widget-container\">\n\t\t\t\t\t<h3 class=\"elementor-heading-title elementor-size-default\">Kalite Kontrol ve Teslimat<\/h3>\t\t\t\t<\/div>\n\t\t\t\t<\/div>\n\t\t\t\t<div class=\"elementor-element elementor-element-cc2fec6 elementor-widget elementor-widget-text-editor\" data-id=\"cc2fec6\" data-element_type=\"widget\" data-widget_type=\"text-editor.default\">\n\t\t\t\t<div class=\"elementor-widget-container\">\n\t\t\t\t\t\t\t\t\t<p>\u00dcretilen kompres\u00f6r, kalite kontrol testlerinden ge\u00e7tikten sonra teslim edilir.<\/p>\t\t\t\t\t\t\t\t<\/div>\n\t\t\t\t<\/div>\n\t\t\t\t\t<\/div>\n\t\t\t\t<\/div>\n\t\t\t\t\t<\/div>\n\t\t\t\t<\/div>\n\t\t\t\t\t<\/div>\n\t\t\t\t<\/div>\n\t\t\t\t\t<\/div>\n\t\t\t\t<\/div>\n\t\t\t\t<\/div>\n\t\t","protected":false},"excerpt":{"rendered":"<p>ProAir Technologies Ya\u011f Enjekteli Vidal\u0131 Kompres\u00f6rler Ya\u011f Enjekteli Vidal\u0131 Kompres\u00f6rler Verimli Vida\u00a0Blo\u011fu ile \u00dcst\u00fcn Performans Kompres\u00f6rler finansal bir yat\u0131r\u0131mdan daha fazlas\u0131d\u0131r; \u00fcreticilerin tutarl\u0131, y\u00fcksek kaliteli, d\u00fc\u015f\u00fck maliyetli hava almas\u0131n\u0131 sa\u011flamada \u00f6nemli bir bile\u015fendir. Vidal\u0131 s\u0131k\u0131\u015ft\u0131rma komponenti, i\u015fletmenizin b\u00fcy\u00fckl\u00fc\u011f\u00fc ne olursa olsun kompres\u00f6r\u00fcn ve tesisinizin kalbidir. Y\u00fcksek kapasiteli bas\u0131n\u00e7l\u0131 hava sa\u011flayan patentli ve dayan\u0131kl\u0131 vida blo\u011fu [&hellip;]<\/p>\n","protected":false},"author":1,"featured_media":0,"parent":0,"menu_order":0,"comment_status":"closed","ping_status":"closed","template":"","meta":{"footnotes":""},"class_list":["post-306","page","type-page","status-publish","hentry"],"_links":{"self":[{"href":"https:\/\/proairtechnologies.com\/index.php?rest_route=\/wp\/v2\/pages\/306","targetHints":{"allow":["GET"]}}],"collection":[{"href":"https:\/\/proairtechnologies.com\/index.php?rest_route=\/wp\/v2\/pages"}],"about":[{"href":"https:\/\/proairtechnologies.com\/index.php?rest_route=\/wp\/v2\/types\/page"}],"author":[{"embeddable":true,"href":"https:\/\/proairtechnologies.com\/index.php?rest_route=\/wp\/v2\/users\/1"}],"replies":[{"embeddable":true,"href":"https:\/\/proairtechnologies.com\/index.php?rest_route=%2Fwp%2Fv2%2Fcomments&post=306"}],"version-history":[{"count":10,"href":"https:\/\/proairtechnologies.com\/index.php?rest_route=\/wp\/v2\/pages\/306\/revisions"}],"predecessor-version":[{"id":1031,"href":"https:\/\/proairtechnologies.com\/index.php?rest_route=\/wp\/v2\/pages\/306\/revisions\/1031"}],"wp:attachment":[{"href":"https:\/\/proairtechnologies.com\/index.php?rest_route=%2Fwp%2Fv2%2Fmedia&parent=306"}],"curies":[{"name":"wp","href":"https:\/\/api.w.org\/{rel}","templated":true}]}}