{"id":205,"date":"2025-04-23T21:38:15","date_gmt":"2025-04-23T21:38:15","guid":{"rendered":"https:\/\/proairtechnologies.com\/?page_id=205"},"modified":"2026-02-01T18:21:46","modified_gmt":"2026-02-01T18:21:46","slug":"hakkimizda","status":"publish","type":"page","link":"https:\/\/proairtechnologies.com\/?page_id=205","title":{"rendered":"Hakk\u0131m\u0131zda"},"content":{"rendered":"\t\t<div data-elementor-type=\"wp-page\" data-elementor-id=\"205\" class=\"elementor elementor-205\">\n\t\t\t\t<div class=\"elementor-element elementor-element-7b4a9df3 e-flex e-con-boxed e-con e-parent\" data-id=\"7b4a9df3\" data-element_type=\"container\" data-settings=\"{&quot;background_background&quot;:&quot;classic&quot;,&quot;shape_divider_bottom&quot;:&quot;triangle&quot;}\">\n\t\t\t\t\t<div class=\"e-con-inner\">\n\t\t\t\t<div class=\"elementor-shape elementor-shape-bottom\" data-negative=\"false\">\n\t\t\t<svg xmlns=\"http:\/\/www.w3.org\/2000\/svg\" viewBox=\"0 0 1000 100\" preserveAspectRatio=\"none\">\n\t<path class=\"elementor-shape-fill\" d=\"M500,98.9L0,6.1V0h1000v6.1L500,98.9z\"\/>\n<\/svg>\t\t<\/div>\n\t\t<div class=\"elementor-element elementor-element-3f176ff6 e-flex e-con-boxed e-con e-child\" data-id=\"3f176ff6\" data-element_type=\"container\">\n\t\t\t\t\t<div class=\"e-con-inner\">\n\t\t\t\t<div class=\"elementor-element elementor-element-b4160dd elementor-widget elementor-widget-heading\" data-id=\"b4160dd\" data-element_type=\"widget\" data-widget_type=\"heading.default\">\n\t\t\t\t<div class=\"elementor-widget-container\">\n\t\t\t\t\t<h2 class=\"elementor-heading-title elementor-size-default\">Hakk\u0131m\u0131zda<\/h2>\t\t\t\t<\/div>\n\t\t\t\t<\/div>\n\t\t\t\t<div class=\"elementor-element elementor-element-6511c670 elementor-widget elementor-widget-heading\" data-id=\"6511c670\" data-element_type=\"widget\" data-widget_type=\"heading.default\">\n\t\t\t\t<div class=\"elementor-widget-container\">\n\t\t\t\t\t<h1 class=\"elementor-heading-title elementor-size-default\">Hakk\u0131m\u0131zda<\/h1>\t\t\t\t<\/div>\n\t\t\t\t<\/div>\n\t\t\t\t<div class=\"elementor-element elementor-element-69f16b56 elementor-widget elementor-widget-text-editor\" data-id=\"69f16b56\" data-element_type=\"widget\" data-widget_type=\"text-editor.default\">\n\t\t\t\t<div class=\"elementor-widget-container\">\n\t\t\t\t\t\t\t\t\t<p>ProAir Technologies, 35 y\u0131l\u0131 a\u015fk\u0131n sekt\u00f6rel tecr\u00fcbesiyle, kompres\u00f6r sistemleri alan\u0131nda uzmanla\u015fm\u0131\u015f, g\u00fcvenilir ve yenilik\u00e7i bir markad\u0131r. Kompres\u00f6r teknolojisinin her kademesinde aktif rol alarak; \u00fcretimden kuruluma, projelendirmeden sat\u0131\u015f sonras\u0131 deste\u011fe kadar t\u00fcm s\u00fcre\u00e7lerde kaliteli hizmet anlay\u0131\u015f\u0131n\u0131 benimseyerek \u00e7al\u0131\u015f\u0131yoruz.<\/p><p>Bug\u00fcn 130&#8217;dan fazla \u00fclkede, end\u00fcstriyel hava tesisat\u0131 projelerimizle kesintisiz hizmet sunuyor ve m\u00fc\u015fterilerimize global \u00f6l\u00e7ekte s\u00fcrd\u00fcr\u00fclebilir \u00e7\u00f6z\u00fcmler sa\u011fl\u0131yoruz. Bir\u00e7ok b\u00fcy\u00fck \u00fcretim tesisinde kompres\u00f6r sistemleri ve hava tesisat\u0131 alan\u0131nda ba\u015frol \u00fcstlenmi\u015f olman\u0131n gururunu ta\u015f\u0131yor; m\u00fchendislikten uygulamaya kadar her ad\u0131mda katma de\u011fer \u00fcretiyoruz.<\/p>\t\t\t\t\t\t\t\t<\/div>\n\t\t\t\t<\/div>\n\t\t\t\t\t<\/div>\n\t\t\t\t<\/div>\n\t\t\t\t\t<\/div>\n\t\t\t\t<\/div>\n\t\t<div class=\"elementor-element elementor-element-7fcbc1d0 e-flex e-con-boxed e-con e-parent\" data-id=\"7fcbc1d0\" data-element_type=\"container\">\n\t\t\t\t\t<div class=\"e-con-inner\">\n\t\t<div class=\"elementor-element elementor-element-6e14e5ad e-flex e-con-boxed e-con e-child\" data-id=\"6e14e5ad\" data-element_type=\"container\">\n\t\t\t\t\t<div class=\"e-con-inner\">\n\t\t<div class=\"elementor-element elementor-element-68687efb e-flex e-con-boxed e-con e-child\" data-id=\"68687efb\" data-element_type=\"container\">\n\t\t\t\t\t<div class=\"e-con-inner\">\n\t\t<div class=\"elementor-element elementor-element-7c08ec45 e-flex e-con-boxed e-con e-child\" data-id=\"7c08ec45\" data-element_type=\"container\">\n\t\t\t\t\t<div class=\"e-con-inner\">\n\t\t\t\t<div class=\"elementor-element elementor-element-3d437e15 elementor-widget elementor-widget-image\" data-id=\"3d437e15\" data-element_type=\"widget\" data-widget_type=\"image.default\">\n\t\t\t\t<div class=\"elementor-widget-container\">\n\t\t\t\t\t\t\t\t\t\t\t\t\t\t\t<img fetchpriority=\"high\" decoding=\"async\" width=\"500\" height=\"133\" src=\"https:\/\/proairtechnologies.com\/wp-content\/uploads\/2025\/04\/Adsiz-tasarim-14.png\" class=\"elementor-animation-grow attachment-large size-large wp-image-467\" alt=\"\" srcset=\"https:\/\/proairtechnologies.com\/wp-content\/uploads\/2025\/04\/Adsiz-tasarim-14.png 500w, https:\/\/proairtechnologies.com\/wp-content\/uploads\/2025\/04\/Adsiz-tasarim-14-300x80.png 300w\" sizes=\"(max-width: 500px) 100vw, 500px\" \/>\t\t\t\t\t\t\t\t\t\t\t\t\t\t\t<\/div>\n\t\t\t\t<\/div>\n\t\t\t\t\t<\/div>\n\t\t\t\t<\/div>\n\t\t\t\t\t<\/div>\n\t\t\t\t<\/div>\n\t\t<div class=\"elementor-element elementor-element-70736a09 e-flex e-con-boxed e-con e-child\" data-id=\"70736a09\" data-element_type=\"container\">\n\t\t\t\t\t<div class=\"e-con-inner\">\n\t\t<div class=\"elementor-element elementor-element-27e8a404 e-flex e-con-boxed e-con e-child\" data-id=\"27e8a404\" data-element_type=\"container\">\n\t\t\t\t\t<div class=\"e-con-inner\">\n\t\t\t\t<div class=\"elementor-element elementor-element-2919b0dc elementor-widget elementor-widget-image\" data-id=\"2919b0dc\" data-element_type=\"widget\" data-widget_type=\"image.default\">\n\t\t\t\t<div class=\"elementor-widget-container\">\n\t\t\t\t\t\t\t\t\t\t\t\t\t\t\t<img decoding=\"async\" width=\"800\" height=\"183\" src=\"https:\/\/proairtechnologies.com\/wp-content\/uploads\/2025\/05\/ProairTechnologies-1-1024x234.png\" class=\"elementor-animation-grow attachment-large size-large wp-image-1007\" alt=\"\" srcset=\"https:\/\/proairtechnologies.com\/wp-content\/uploads\/2025\/05\/ProairTechnologies-1-1024x234.png 1024w, https:\/\/proairtechnologies.com\/wp-content\/uploads\/2025\/05\/ProairTechnologies-1-300x69.png 300w, https:\/\/proairtechnologies.com\/wp-content\/uploads\/2025\/05\/ProairTechnologies-1-768x176.png 768w, https:\/\/proairtechnologies.com\/wp-content\/uploads\/2025\/05\/ProairTechnologies-1-1536x351.png 1536w, https:\/\/proairtechnologies.com\/wp-content\/uploads\/2025\/05\/ProairTechnologies-1-2048x469.png 2048w\" sizes=\"(max-width: 800px) 100vw, 800px\" \/>\t\t\t\t\t\t\t\t\t\t\t\t\t\t\t<\/div>\n\t\t\t\t<\/div>\n\t\t\t\t\t<\/div>\n\t\t\t\t<\/div>\n\t\t\t\t\t<\/div>\n\t\t\t\t<\/div>\n\t\t\t\t\t<\/div>\n\t\t\t\t<\/div>\n\t\t\t\t\t<\/div>\n\t\t\t\t<\/div>\n\t\t<div class=\"elementor-element elementor-element-82048ff e-flex e-con-boxed e-con e-parent\" data-id=\"82048ff\" data-element_type=\"container\" data-settings=\"{&quot;background_background&quot;:&quot;classic&quot;,&quot;shape_divider_top&quot;:&quot;triangle&quot;,&quot;shape_divider_top_negative&quot;:&quot;yes&quot;,&quot;shape_divider_bottom&quot;:&quot;triangle&quot;}\">\n\t\t\t\t\t<div class=\"e-con-inner\">\n\t\t\t\t<div class=\"elementor-shape elementor-shape-top\" data-negative=\"true\">\n\t\t\t<svg xmlns=\"http:\/\/www.w3.org\/2000\/svg\" viewBox=\"0 0 1000 100\" preserveAspectRatio=\"none\">\n\t<path class=\"elementor-shape-fill\" d=\"M500.2,94.7L0,0v100h1000V0L500.2,94.7z\"\/>\n<\/svg>\t\t<\/div>\n\t\t\t\t<div class=\"elementor-shape elementor-shape-bottom\" data-negative=\"false\">\n\t\t\t<svg xmlns=\"http:\/\/www.w3.org\/2000\/svg\" viewBox=\"0 0 1000 100\" preserveAspectRatio=\"none\">\n\t<path class=\"elementor-shape-fill\" d=\"M500,98.9L0,6.1V0h1000v6.1L500,98.9z\"\/>\n<\/svg>\t\t<\/div>\n\t\t<div class=\"elementor-element elementor-element-62393727 e-flex e-con-boxed e-con e-child\" data-id=\"62393727\" data-element_type=\"container\">\n\t\t\t\t\t<div class=\"e-con-inner\">\n\t\t<div class=\"elementor-element elementor-element-7829793c e-con-full e-flex e-con e-child\" data-id=\"7829793c\" data-element_type=\"container\">\n\t\t\t\t<div class=\"elementor-element elementor-element-16dac19c elementor-widget elementor-widget-heading\" data-id=\"16dac19c\" data-element_type=\"widget\" data-widget_type=\"heading.default\">\n\t\t\t\t<div class=\"elementor-widget-container\">\n\t\t\t\t\t<h2 class=\"elementor-heading-title elementor-size-default\">HEDEF<\/h2>\t\t\t\t<\/div>\n\t\t\t\t<\/div>\n\t\t\t\t<div class=\"elementor-element elementor-element-6a09b07f elementor-widget elementor-widget-heading\" data-id=\"6a09b07f\" data-element_type=\"widget\" data-widget_type=\"heading.default\">\n\t\t\t\t<div class=\"elementor-widget-container\">\n\t\t\t\t\t<h2 class=\"elementor-heading-title elementor-size-default\">Kalite \u00d6nce Gelir<\/h2>\t\t\t\t<\/div>\n\t\t\t\t<\/div>\n\t\t\t\t<\/div>\n\t\t<div class=\"elementor-element elementor-element-469aef99 e-flex e-con-boxed e-con e-child\" data-id=\"469aef99\" data-element_type=\"container\">\n\t\t\t\t\t<div class=\"e-con-inner\">\n\t\t<div class=\"elementor-element elementor-element-638ce5c e-flex e-con-boxed e-con e-child\" data-id=\"638ce5c\" data-element_type=\"container\">\n\t\t\t\t\t<div class=\"e-con-inner\">\n\t\t<div class=\"elementor-element elementor-element-7aebf9c2 e-flex e-con-boxed e-con e-child\" data-id=\"7aebf9c2\" data-element_type=\"container\">\n\t\t\t\t\t<div class=\"e-con-inner\">\n\t\t\t\t<div class=\"elementor-element elementor-element-296869e9 elementor-widget elementor-widget-elementskit-piechart\" data-id=\"296869e9\" data-element_type=\"widget\" data-widget_type=\"elementskit-piechart.default\">\n\t\t\t\t<div class=\"elementor-widget-container\">\n\t\t\t\t\t<div class=\"ekit-wid-con\">        <div class=\"ekit-single-piechart text-center simple\">\n\n            \n            <div class=\"colorful-chart piechart\" data-pie_color_style=\"normal\" data-gradientcolor1=\"\" data-gradientcolor2=\"\" data-color=\"#E85D04\" data-size=\"150\" data-linewidth=\"5\" data-percent=\"100\">\n\n                \n                    <span class=\"ekit-chart-content\">100&#37;<\/span>\n\n                \n                \n                \n\n\n            <\/div>\n                    <\/div>\n    <\/div>\t\t\t\t<\/div>\n\t\t\t\t<\/div>\n\t\t\t\t<div class=\"elementor-element elementor-element-236447cf elementor-widget elementor-widget-heading\" data-id=\"236447cf\" data-element_type=\"widget\" data-widget_type=\"heading.default\">\n\t\t\t\t<div class=\"elementor-widget-container\">\n\t\t\t\t\t<h3 class=\"elementor-heading-title elementor-size-default\">Kalite<\/h3>\t\t\t\t<\/div>\n\t\t\t\t<\/div>\n\t\t\t\t\t<\/div>\n\t\t\t\t<\/div>\n\t\t<div class=\"elementor-element elementor-element-393e2e95 e-flex e-con-boxed e-con e-child\" data-id=\"393e2e95\" data-element_type=\"container\">\n\t\t\t\t\t<div class=\"e-con-inner\">\n\t\t\t\t<div class=\"elementor-element elementor-element-49f56276 elementor-widget elementor-widget-elementskit-piechart\" data-id=\"49f56276\" data-element_type=\"widget\" data-widget_type=\"elementskit-piechart.default\">\n\t\t\t\t<div class=\"elementor-widget-container\">\n\t\t\t\t\t<div class=\"ekit-wid-con\">        <div class=\"ekit-single-piechart text-center simple\">\n\n            \n            <div class=\"colorful-chart piechart\" data-pie_color_style=\"normal\" data-gradientcolor1=\"\" data-gradientcolor2=\"\" data-color=\"#E85D04\" data-size=\"150\" data-linewidth=\"5\" data-percent=\"100\">\n\n                \n                    <span class=\"ekit-chart-content\">100&#37;<\/span>\n\n                \n                \n                \n\n\n            <\/div>\n                    <\/div>\n    <\/div>\t\t\t\t<\/div>\n\t\t\t\t<\/div>\n\t\t\t\t<div class=\"elementor-element elementor-element-37c230cf elementor-widget elementor-widget-heading\" data-id=\"37c230cf\" data-element_type=\"widget\" data-widget_type=\"heading.default\">\n\t\t\t\t<div class=\"elementor-widget-container\">\n\t\t\t\t\t<h3 class=\"elementor-heading-title elementor-size-default\"><span style=\"white-space-collapse: collapse;\">G\u00fcvenilirlik<\/span><\/h3>\t\t\t\t<\/div>\n\t\t\t\t<\/div>\n\t\t\t\t\t<\/div>\n\t\t\t\t<\/div>\n\t\t<div class=\"elementor-element elementor-element-242cc86b elementor-hidden-tablet e-flex e-con-boxed e-con e-child\" data-id=\"242cc86b\" data-element_type=\"container\">\n\t\t\t\t\t<div class=\"e-con-inner\">\n\t\t\t\t<div class=\"elementor-element elementor-element-617fcf7b elementor-widget elementor-widget-elementskit-piechart\" data-id=\"617fcf7b\" data-element_type=\"widget\" data-widget_type=\"elementskit-piechart.default\">\n\t\t\t\t<div class=\"elementor-widget-container\">\n\t\t\t\t\t<div class=\"ekit-wid-con\">        <div class=\"ekit-single-piechart text-center simple\">\n\n            \n            <div class=\"colorful-chart piechart\" data-pie_color_style=\"normal\" data-gradientcolor1=\"\" data-gradientcolor2=\"\" data-color=\"#E85D04\" data-size=\"150\" data-linewidth=\"5\" data-percent=\"100\">\n\n                \n                    <span class=\"ekit-chart-content\">100&#37;<\/span>\n\n                \n                \n                \n\n\n            <\/div>\n                    <\/div>\n    <\/div>\t\t\t\t<\/div>\n\t\t\t\t<\/div>\n\t\t\t\t<div class=\"elementor-element elementor-element-427b8db elementor-widget elementor-widget-heading\" data-id=\"427b8db\" data-element_type=\"widget\" data-widget_type=\"heading.default\">\n\t\t\t\t<div class=\"elementor-widget-container\">\n\t\t\t\t\t<h3 class=\"elementor-heading-title elementor-size-default\"><span style=\"white-space-collapse: collapse;\">M\u00fc\u015fteri Memnuniyeti<\/span><\/h3>\t\t\t\t<\/div>\n\t\t\t\t<\/div>\n\t\t\t\t\t<\/div>\n\t\t\t\t<\/div>\n\t\t\t\t\t<\/div>\n\t\t\t\t<\/div>\n\t\t\t\t\t<\/div>\n\t\t\t\t<\/div>\n\t\t\t\t\t<\/div>\n\t\t\t\t<\/div>\n\t\t\t\t\t<\/div>\n\t\t\t\t<\/div>\n\t\t<div class=\"elementor-element elementor-element-32abc04c e-flex e-con-boxed e-con e-parent\" data-id=\"32abc04c\" data-element_type=\"container\" data-settings=\"{&quot;background_background&quot;:&quot;classic&quot;}\">\n\t\t\t\t\t<div class=\"e-con-inner\">\n\t\t<div class=\"elementor-element elementor-element-e651aa4 e-flex e-con-boxed e-con e-child\" data-id=\"e651aa4\" data-element_type=\"container\">\n\t\t\t\t\t<div class=\"e-con-inner\">\n\t\t\t\t<div class=\"elementor-element elementor-element-e1b51a0 elementor-widget elementor-widget-heading\" data-id=\"e1b51a0\" data-element_type=\"widget\" data-widget_type=\"heading.default\">\n\t\t\t\t<div class=\"elementor-widget-container\">\n\t\t\t\t\t<h2 class=\"elementor-heading-title elementor-size-default\">Uzman\u0131m\u0131z Baki Alt\u0131nba\u015f<\/h2>\t\t\t\t<\/div>\n\t\t\t\t<\/div>\n\t\t\t\t<div class=\"elementor-element elementor-element-d947d36 elementor-widget-divider--view-line elementor-widget elementor-widget-divider\" data-id=\"d947d36\" data-element_type=\"widget\" data-widget_type=\"divider.default\">\n\t\t\t\t<div class=\"elementor-widget-container\">\n\t\t\t\t\t\t\t<div class=\"elementor-divider\">\n\t\t\t<span class=\"elementor-divider-separator\">\n\t\t\t\t\t\t<\/span>\n\t\t<\/div>\n\t\t\t\t\t\t<\/div>\n\t\t\t\t<\/div>\n\t\t\t\t\t<\/div>\n\t\t\t\t<\/div>\n\t\t<div class=\"elementor-element elementor-element-abe73b e-flex e-con-boxed e-con e-child\" data-id=\"abe73b\" data-element_type=\"container\">\n\t\t\t\t\t<div class=\"e-con-inner\">\n\t\t\t\t<div class=\"elementor-element elementor-element-0680cb3 elementor-widget elementor-widget-image\" data-id=\"0680cb3\" data-element_type=\"widget\" data-widget_type=\"image.default\">\n\t\t\t\t<div class=\"elementor-widget-container\">\n\t\t\t\t\t\t\t\t\t\t\t\t\t\t\t<img decoding=\"async\" width=\"768\" height=\"783\" src=\"https:\/\/proairtechnologies.com\/wp-content\/uploads\/2026\/02\/pro-KXKy4h2M-768x783.jpeg\" class=\"attachment-medium_large size-medium_large wp-image-1036\" alt=\"\" srcset=\"https:\/\/proairtechnologies.com\/wp-content\/uploads\/2026\/02\/pro-KXKy4h2M-768x783.jpeg 768w, https:\/\/proairtechnologies.com\/wp-content\/uploads\/2026\/02\/pro-KXKy4h2M-294x300.jpeg 294w, https:\/\/proairtechnologies.com\/wp-content\/uploads\/2026\/02\/pro-KXKy4h2M-1004x1024.jpeg 1004w, https:\/\/proairtechnologies.com\/wp-content\/uploads\/2026\/02\/pro-KXKy4h2M.jpeg 1079w\" sizes=\"(max-width: 768px) 100vw, 768px\" \/>\t\t\t\t\t\t\t\t\t\t\t\t\t\t\t<\/div>\n\t\t\t\t<\/div>\n\t\t\t\t\t<\/div>\n\t\t\t\t<\/div>\n\t\t\t\t\t<\/div>\n\t\t\t\t<\/div>\n\t\t\t\t<\/div>\n\t\t","protected":false},"excerpt":{"rendered":"<p>Hakk\u0131m\u0131zda Hakk\u0131m\u0131zda ProAir Technologies, 35 y\u0131l\u0131 a\u015fk\u0131n sekt\u00f6rel tecr\u00fcbesiyle, kompres\u00f6r sistemleri alan\u0131nda uzmanla\u015fm\u0131\u015f, g\u00fcvenilir ve yenilik\u00e7i bir markad\u0131r. Kompres\u00f6r teknolojisinin her kademesinde aktif rol alarak; \u00fcretimden kuruluma, projelendirmeden sat\u0131\u015f sonras\u0131 deste\u011fe kadar t\u00fcm s\u00fcre\u00e7lerde kaliteli hizmet anlay\u0131\u015f\u0131n\u0131 benimseyerek \u00e7al\u0131\u015f\u0131yoruz. Bug\u00fcn 130&#8217;dan fazla \u00fclkede, end\u00fcstriyel hava tesisat\u0131 projelerimizle kesintisiz hizmet sunuyor ve m\u00fc\u015fterilerimize global \u00f6l\u00e7ekte s\u00fcrd\u00fcr\u00fclebilir [&hellip;]<\/p>\n","protected":false},"author":1,"featured_media":0,"parent":0,"menu_order":0,"comment_status":"closed","ping_status":"closed","template":"","meta":{"footnotes":""},"class_list":["post-205","page","type-page","status-publish","hentry"],"_links":{"self":[{"href":"https:\/\/proairtechnologies.com\/index.php?rest_route=\/wp\/v2\/pages\/205","targetHints":{"allow":["GET"]}}],"collection":[{"href":"https:\/\/proairtechnologies.com\/index.php?rest_route=\/wp\/v2\/pages"}],"about":[{"href":"https:\/\/proairtechnologies.com\/index.php?rest_route=\/wp\/v2\/types\/page"}],"author":[{"embeddable":true,"href":"https:\/\/proairtechnologies.com\/index.php?rest_route=\/wp\/v2\/users\/1"}],"replies":[{"embeddable":true,"href":"https:\/\/proairtechnologies.com\/index.php?rest_route=%2Fwp%2Fv2%2Fcomments&post=205"}],"version-history":[{"count":23,"href":"https:\/\/proairtechnologies.com\/index.php?rest_route=\/wp\/v2\/pages\/205\/revisions"}],"predecessor-version":[{"id":1045,"href":"https:\/\/proairtechnologies.com\/index.php?rest_route=\/wp\/v2\/pages\/205\/revisions\/1045"}],"wp:attachment":[{"href":"https:\/\/proairtechnologies.com\/index.php?rest_route=%2Fwp%2Fv2%2Fmedia&parent=205"}],"curies":[{"name":"wp","href":"https:\/\/api.w.org\/{rel}","templated":true}]}}